{"id":15213,"date":"2025-03-26T13:37:54","date_gmt":"2025-03-26T12:37:54","guid":{"rendered":"https:\/\/happy-cbd.com\/?post_type=product&#038;p=15213"},"modified":"2025-03-26T13:58:23","modified_gmt":"2025-03-26T12:58:23","slug":"cbd-cbg-salbe-kopie-kopie","status":"publish","type":"product","link":"https:\/\/happy-cbd.com\/de\/cbd-hautprodukte\/cbd-cbg-salbe-kopie-kopie\/","title":{"rendered":"CBD + CBG | Salbe (kopie) (kopie)"},"content":{"rendered":"<div class=\"wpb-content-wrapper\"><p>[vc_row content_placement=&#8221;middle&#8221;][vc_column width=&#8221;1\/2&#8243;][vc_column_text]<br \/>\n[vc_row read_more=&#8221;ja&#8221;][vc_column][vc_column_text]<\/p>\n<h2><span style=\"color: #93ac94;\"><strong>Beschreibung<\/strong><\/span><\/h2>\n<p>[\/vc_column_text][vc_column_text css=&#8221;&#8221;]<\/p>\n<p>Entdecken Sie die Kraft unserer hochdosierten CBD- und CBG-Salbe, die auf nat\u00fcrlichen Inhaltsstoffen basiert. Diese Salbe enth\u00e4lt 400 mg CBD und 400 mg CBG, was f\u00fcr eine optimale Wirkung sorgt. Angereichert mit Calendula und Teebaum\u00f6l ist diese Salbe f\u00fcr ihre heilenden, beruhigenden und pflegenden Eigenschaften f\u00fcr die Haut bekannt.<\/p>\n<p>&nbsp;<\/p>\n<p>Hergestellt mit nur hochwertigen und nat\u00fcrlichen Inhaltsstoffen, ohne unn\u00f6tige Zus\u00e4tze, bietet diese Salbe eine sanfte, aber effektive Pflege. Perfekt f\u00fcr die t\u00e4gliche Anwendung auf empfindlicher Haut.<\/p>\n<p>&nbsp;<\/p>\n<p>Verpackt in einem praktischen 30-ml-Glas, ideal zum Mitnehmen.<\/p>\n<p>[\/vc_column_text][\/vc_column][vc_column width=&#8221;1\/2&#8243;][vc_single_image image=&#8221;10010&#8243; img_size=&#8221;large&#8221; css=&#8221;&#8221;][\/vc_column][\/vc_row]<\/p>\n<\/div>","protected":false},"excerpt":{"rendered":"<p>Diese CBD\/CBG Salbe bietet intensive Pflege f\u00fcr die Haut, Muskeln und\/oder Gelenke. Sie basiert auf hochwertigen nat\u00fcrlichen Zutaten wie CBD, CBG, Calendula und Teebaum\u00f6l.<\/p>\n<p>Die Salbe beruhigt, pflegt und stellt die Hautbarriere wieder her.<\/p>\n<p>&nbsp;<\/p>\n","protected":false},"featured_media":15224,"comment_status":"open","ping_status":"closed","template":"","meta":{"_acf_changed":false,"_joinchat":[]},"product_brand":[],"product_cat":[267],"product_tag":[241,268],"class_list":{"0":"post-15213","1":"product","2":"type-product","3":"status-publish","4":"has-post-thumbnail","6":"product_cat-cbd-hautprodukte","7":"product_tag-entzundungshemmend","8":"product_tag-wiederherstellende","9":"product_shipping_class-postnl-paket","10":"pa_categorie-sport-de","11":"pa_grondstof-cbd-de","12":"pa_grondstof-krauter","13":"pa_grondstof-mineralien","14":"pa_grondstof-vitamine","15":"pa_inhoud-50-g","16":"pa_inname-auf-der-haut-creme","18":"first","19":"instock","20":"sale","21":"shipping-taxable","22":"purchasable","23":"product-type-simple"},"acf":[],"yoast_head":"<!-- This site is optimized with the Yoast SEO plugin v27.1.1 - https:\/\/yoast.com\/product\/yoast-seo-wordpress\/ -->\n<title>CBD + CBG | Salbe (kopie) (kopie) | Happy CBD<\/title>\n<meta name=\"robots\" content=\"index, follow, max-snippet:-1, max-image-preview:large, max-video-preview:-1\" \/>\n<link rel=\"canonical\" href=\"https:\/\/happy-cbd.com\/de\/cbd-hautprodukte\/cbd-cbg-salbe-kopie-kopie\/\" \/>\n<meta property=\"og:locale\" content=\"de_DE\" \/>\n<meta property=\"og:type\" content=\"article\" \/>\n<meta property=\"og:title\" content=\"CBD + CBG | Salbe (kopie) (kopie) | Happy CBD\" \/>\n<meta property=\"og:description\" content=\"Diese CBD\/CBG Salbe bietet intensive Pflege f\u00fcr die Haut, Muskeln und\/oder Gelenke. Sie basiert auf hochwertigen nat\u00fcrlichen Zutaten wie CBD, CBG, Calendula und Teebaum\u00f6l. Die Salbe beruhigt, pflegt und stellt die Hautbarriere wieder her. &nbsp;\" \/>\n<meta property=\"og:url\" content=\"https:\/\/happy-cbd.com\/de\/cbd-hautprodukte\/cbd-cbg-salbe-kopie-kopie\/\" \/>\n<meta property=\"og:site_name\" content=\"Happy CBD\" \/>\n<meta property=\"article:modified_time\" content=\"2025-03-26T12:58:23+00:00\" \/>\n<meta property=\"og:image\" content=\"https:\/\/happy-cbd.com\/wp-content\/uploads\/2025\/03\/CBD-Zeep-Sport-doosje.png\" \/>\n\t<meta property=\"og:image:width\" content=\"768\" \/>\n\t<meta property=\"og:image:height\" content=\"1024\" \/>\n\t<meta property=\"og:image:type\" content=\"image\/png\" \/>\n<meta name=\"twitter:card\" content=\"summary_large_image\" \/>\n<meta name=\"twitter:label1\" content=\"Gesch\u00e4tzte Lesezeit\" \/>\n\t<meta name=\"twitter:data1\" content=\"1\u00a0Minute\" \/>\n<script type=\"application\/ld+json\" class=\"yoast-schema-graph\">{\"@context\":\"https:\/\/schema.org\",\"@graph\":[{\"@type\":\"WebPage\",\"@id\":\"https:\/\/happy-cbd.com\/de\/cbd-hautprodukte\/cbd-cbg-salbe-kopie-kopie\/\",\"url\":\"https:\/\/happy-cbd.com\/de\/cbd-hautprodukte\/cbd-cbg-salbe-kopie-kopie\/\",\"name\":\"CBD + CBG | Salbe (kopie) (kopie) | Happy CBD\",\"isPartOf\":{\"@id\":\"https:\/\/happy-cbd.com\/de\/#website\"},\"primaryImageOfPage\":{\"@id\":\"https:\/\/happy-cbd.com\/de\/cbd-hautprodukte\/cbd-cbg-salbe-kopie-kopie\/#primaryimage\"},\"image\":{\"@id\":\"https:\/\/happy-cbd.com\/de\/cbd-hautprodukte\/cbd-cbg-salbe-kopie-kopie\/#primaryimage\"},\"thumbnailUrl\":\"https:\/\/happy-cbd.com\/wp-content\/uploads\/2025\/03\/CBD-Zeep-Sport-doosje.png\",\"datePublished\":\"2025-03-26T12:37:54+00:00\",\"dateModified\":\"2025-03-26T12:58:23+00:00\",\"breadcrumb\":{\"@id\":\"https:\/\/happy-cbd.com\/de\/cbd-hautprodukte\/cbd-cbg-salbe-kopie-kopie\/#breadcrumb\"},\"inLanguage\":\"de\",\"potentialAction\":[{\"@type\":\"ReadAction\",\"target\":[\"https:\/\/happy-cbd.com\/de\/cbd-hautprodukte\/cbd-cbg-salbe-kopie-kopie\/\"]}]},{\"@type\":\"ImageObject\",\"inLanguage\":\"de\",\"@id\":\"https:\/\/happy-cbd.com\/de\/cbd-hautprodukte\/cbd-cbg-salbe-kopie-kopie\/#primaryimage\",\"url\":\"https:\/\/happy-cbd.com\/wp-content\/uploads\/2025\/03\/CBD-Zeep-Sport-doosje.png\",\"contentUrl\":\"https:\/\/happy-cbd.com\/wp-content\/uploads\/2025\/03\/CBD-Zeep-Sport-doosje.png\",\"width\":768,\"height\":1024},{\"@type\":\"BreadcrumbList\",\"@id\":\"https:\/\/happy-cbd.com\/de\/cbd-hautprodukte\/cbd-cbg-salbe-kopie-kopie\/#breadcrumb\",\"itemListElement\":[{\"@type\":\"ListItem\",\"position\":1,\"name\":\"Shop\",\"item\":\"https:\/\/happy-cbd.com\/de\/shop\/\"},{\"@type\":\"ListItem\",\"position\":2,\"name\":\"CBD + CBG | Salbe (kopie) (kopie)\"}]},{\"@type\":\"WebSite\",\"@id\":\"https:\/\/happy-cbd.com\/de\/#website\",\"url\":\"https:\/\/happy-cbd.com\/de\/\",\"name\":\"Happy CBD\",\"description\":\"\",\"potentialAction\":[{\"@type\":\"SearchAction\",\"target\":{\"@type\":\"EntryPoint\",\"urlTemplate\":\"https:\/\/happy-cbd.com\/de\/?s={search_term_string}\"},\"query-input\":{\"@type\":\"PropertyValueSpecification\",\"valueRequired\":true,\"valueName\":\"search_term_string\"}}],\"inLanguage\":\"de\"}]}<\/script>\n<!-- \/ Yoast SEO plugin. -->","yoast_head_json":{"title":"CBD + CBG | Salbe (kopie) (kopie) | Happy CBD","robots":{"index":"index","follow":"follow","max-snippet":"max-snippet:-1","max-image-preview":"max-image-preview:large","max-video-preview":"max-video-preview:-1"},"canonical":"https:\/\/happy-cbd.com\/de\/cbd-hautprodukte\/cbd-cbg-salbe-kopie-kopie\/","og_locale":"de_DE","og_type":"article","og_title":"CBD + CBG | Salbe (kopie) (kopie) | Happy CBD","og_description":"Diese CBD\/CBG Salbe bietet intensive Pflege f\u00fcr die Haut, Muskeln und\/oder Gelenke. Sie basiert auf hochwertigen nat\u00fcrlichen Zutaten wie CBD, CBG, Calendula und Teebaum\u00f6l. Die Salbe beruhigt, pflegt und stellt die Hautbarriere wieder her. &nbsp;","og_url":"https:\/\/happy-cbd.com\/de\/cbd-hautprodukte\/cbd-cbg-salbe-kopie-kopie\/","og_site_name":"Happy CBD","article_modified_time":"2025-03-26T12:58:23+00:00","og_image":[{"width":768,"height":1024,"url":"https:\/\/happy-cbd.com\/wp-content\/uploads\/2025\/03\/CBD-Zeep-Sport-doosje.png","type":"image\/png"}],"twitter_card":"summary_large_image","twitter_misc":{"Gesch\u00e4tzte Lesezeit":"1\u00a0Minute"},"schema":{"@context":"https:\/\/schema.org","@graph":[{"@type":"WebPage","@id":"https:\/\/happy-cbd.com\/de\/cbd-hautprodukte\/cbd-cbg-salbe-kopie-kopie\/","url":"https:\/\/happy-cbd.com\/de\/cbd-hautprodukte\/cbd-cbg-salbe-kopie-kopie\/","name":"CBD + CBG | Salbe (kopie) (kopie) | Happy CBD","isPartOf":{"@id":"https:\/\/happy-cbd.com\/de\/#website"},"primaryImageOfPage":{"@id":"https:\/\/happy-cbd.com\/de\/cbd-hautprodukte\/cbd-cbg-salbe-kopie-kopie\/#primaryimage"},"image":{"@id":"https:\/\/happy-cbd.com\/de\/cbd-hautprodukte\/cbd-cbg-salbe-kopie-kopie\/#primaryimage"},"thumbnailUrl":"https:\/\/happy-cbd.com\/wp-content\/uploads\/2025\/03\/CBD-Zeep-Sport-doosje.png","datePublished":"2025-03-26T12:37:54+00:00","dateModified":"2025-03-26T12:58:23+00:00","breadcrumb":{"@id":"https:\/\/happy-cbd.com\/de\/cbd-hautprodukte\/cbd-cbg-salbe-kopie-kopie\/#breadcrumb"},"inLanguage":"de","potentialAction":[{"@type":"ReadAction","target":["https:\/\/happy-cbd.com\/de\/cbd-hautprodukte\/cbd-cbg-salbe-kopie-kopie\/"]}]},{"@type":"ImageObject","inLanguage":"de","@id":"https:\/\/happy-cbd.com\/de\/cbd-hautprodukte\/cbd-cbg-salbe-kopie-kopie\/#primaryimage","url":"https:\/\/happy-cbd.com\/wp-content\/uploads\/2025\/03\/CBD-Zeep-Sport-doosje.png","contentUrl":"https:\/\/happy-cbd.com\/wp-content\/uploads\/2025\/03\/CBD-Zeep-Sport-doosje.png","width":768,"height":1024},{"@type":"BreadcrumbList","@id":"https:\/\/happy-cbd.com\/de\/cbd-hautprodukte\/cbd-cbg-salbe-kopie-kopie\/#breadcrumb","itemListElement":[{"@type":"ListItem","position":1,"name":"Shop","item":"https:\/\/happy-cbd.com\/de\/shop\/"},{"@type":"ListItem","position":2,"name":"CBD + CBG | Salbe (kopie) (kopie)"}]},{"@type":"WebSite","@id":"https:\/\/happy-cbd.com\/de\/#website","url":"https:\/\/happy-cbd.com\/de\/","name":"Happy CBD","description":"","potentialAction":[{"@type":"SearchAction","target":{"@type":"EntryPoint","urlTemplate":"https:\/\/happy-cbd.com\/de\/?s={search_term_string}"},"query-input":{"@type":"PropertyValueSpecification","valueRequired":true,"valueName":"search_term_string"}}],"inLanguage":"de"}]}},"_links":{"self":[{"href":"https:\/\/happy-cbd.com\/de\/wp-json\/wp\/v2\/product\/15213","targetHints":{"allow":["GET"]}}],"collection":[{"href":"https:\/\/happy-cbd.com\/de\/wp-json\/wp\/v2\/product"}],"about":[{"href":"https:\/\/happy-cbd.com\/de\/wp-json\/wp\/v2\/types\/product"}],"replies":[{"embeddable":true,"href":"https:\/\/happy-cbd.com\/de\/wp-json\/wp\/v2\/comments?post=15213"}],"wp:featuredmedia":[{"embeddable":true,"href":"https:\/\/happy-cbd.com\/de\/wp-json\/wp\/v2\/media\/15224"}],"wp:attachment":[{"href":"https:\/\/happy-cbd.com\/de\/wp-json\/wp\/v2\/media?parent=15213"}],"wp:term":[{"taxonomy":"product_brand","embeddable":true,"href":"https:\/\/happy-cbd.com\/de\/wp-json\/wp\/v2\/product_brand?post=15213"},{"taxonomy":"product_cat","embeddable":true,"href":"https:\/\/happy-cbd.com\/de\/wp-json\/wp\/v2\/product_cat?post=15213"},{"taxonomy":"product_tag","embeddable":true,"href":"https:\/\/happy-cbd.com\/de\/wp-json\/wp\/v2\/product_tag?post=15213"}],"curies":[{"name":"wp","href":"https:\/\/api.w.org\/{rel}","templated":true}]}}