{"id":14363,"date":"2025-02-04T09:59:18","date_gmt":"2025-02-04T08:59:18","guid":{"rendered":"https:\/\/happy-cbd.com\/?post_type=product&#038;p=14363"},"modified":"2025-02-10T12:10:33","modified_gmt":"2025-02-10T11:10:33","slug":"beruhigende-stress-reduzierende-vitamine-kopie","status":"publish","type":"product","link":"https:\/\/happy-cbd.com\/de\/kombinierte-angebote\/beruhigende-stress-reduzierende-vitamine-kopie\/","title":{"rendered":"Beruhigende + Stress reduzierende Vitamine (kopie)"},"content":{"rendered":"","protected":false},"excerpt":{"rendered":"<p>Die Stress Less Vitamine verst\u00e4rken die Wirkung des CBD-\u00d6ls, indem sie Ruhe bei Stress bieten und Energie bei M\u00fcdigkeit liefern. Zusammen sorgen sie f\u00fcr eine nat\u00fcrliche Balance zwischen Entspannung und Vitalit\u00e4t. Diese Kombination stellt sicher, dass du sowohl in stressigen Situationen als auch bei M\u00fcdigkeit genau die Unterst\u00fctzung erh\u00e4ltst, die du brauchst \u2013 f\u00fcr ein entspannteres und energiegeladenes Gef\u00fchl, den ganzen Tag \u00fcber. Dar\u00fcber hinaus unterst\u00fctzt du mit den Vitaminen auch dein Immunsystem.<\/p>\n","protected":false},"featured_media":14380,"comment_status":"open","ping_status":"closed","template":"","meta":{"_acf_changed":false,"_joinchat":[]},"product_brand":[],"product_cat":[250,251],"product_tag":[242,241],"class_list":{"0":"post-14363","1":"product","2":"type-product","3":"status-publish","4":"has-post-thumbnail","6":"product_cat-gluckliche-vitamine","7":"product_cat-kombinierte-angebote","8":"product_tag-analgetikum","9":"product_tag-entzundungshemmend","10":"product_shipping_class-postnl-paket","11":"pa_cbd-248","12":"pa_cbd-247","13":"pa_inhoud-30-kappen","15":"first","16":"instock","17":"sale","18":"shipping-taxable","19":"purchasable","20":"product-type-variable"},"acf":[],"yoast_head":"<!-- This site is optimized with the Yoast SEO plugin v27.1.1 - https:\/\/yoast.com\/product\/yoast-seo-wordpress\/ -->\n<title>Verst\u00e4rken Sie die Wirkung von CBD-\u00d6l mit Rhodiola und Ginseng!<\/title>\n<meta name=\"description\" content=\"Die Stress Less Vitamins verst\u00e4rken die Wirkung von CBD-\u00d6l, indem sie bei Stress f\u00fcr Ruhe und bei M\u00fcdigkeit f\u00fcr Energie sorgen. Lesen Sie hier alles dar\u00fcber!\" \/>\n<meta name=\"robots\" content=\"index, follow, max-snippet:-1, max-image-preview:large, max-video-preview:-1\" \/>\n<link rel=\"canonical\" href=\"https:\/\/happy-cbd.com\/de\/kombinierte-angebote\/beruhigende-stress-reduzierende-vitamine-kopie\/\" \/>\n<meta property=\"og:locale\" content=\"de_DE\" \/>\n<meta property=\"og:type\" content=\"article\" \/>\n<meta property=\"og:title\" content=\"Verst\u00e4rken Sie die Wirkung von CBD-\u00d6l mit Rhodiola und Ginseng!\" \/>\n<meta property=\"og:description\" content=\"Die Stress Less Vitamins verst\u00e4rken die Wirkung von CBD-\u00d6l, indem sie bei Stress f\u00fcr Ruhe und bei M\u00fcdigkeit f\u00fcr Energie sorgen. Lesen Sie hier alles dar\u00fcber!\" \/>\n<meta property=\"og:url\" content=\"https:\/\/happy-cbd.com\/de\/kombinierte-angebote\/beruhigende-stress-reduzierende-vitamine-kopie\/\" \/>\n<meta property=\"og:site_name\" content=\"Happy CBD\" \/>\n<meta property=\"article:modified_time\" content=\"2025-02-10T11:10:33+00:00\" \/>\n<meta property=\"og:image\" content=\"https:\/\/happy-cbd.com\/wp-content\/uploads\/2023\/12\/Mindstressless.png\" \/>\n\t<meta property=\"og:image:width\" content=\"1890\" \/>\n\t<meta property=\"og:image:height\" content=\"1417\" \/>\n\t<meta property=\"og:image:type\" content=\"image\/png\" \/>\n<meta name=\"twitter:card\" content=\"summary_large_image\" \/>\n<script type=\"application\/ld+json\" class=\"yoast-schema-graph\">{\"@context\":\"https:\/\/schema.org\",\"@graph\":[{\"@type\":\"WebPage\",\"@id\":\"https:\/\/happy-cbd.com\/de\/kombinierte-angebote\/beruhigende-stress-reduzierende-vitamine-kopie\/\",\"url\":\"https:\/\/happy-cbd.com\/de\/kombinierte-angebote\/beruhigende-stress-reduzierende-vitamine-kopie\/\",\"name\":\"Verst\u00e4rken Sie die Wirkung von CBD-\u00d6l mit Rhodiola und Ginseng!\",\"isPartOf\":{\"@id\":\"https:\/\/happy-cbd.com\/de\/#website\"},\"primaryImageOfPage\":{\"@id\":\"https:\/\/happy-cbd.com\/de\/kombinierte-angebote\/beruhigende-stress-reduzierende-vitamine-kopie\/#primaryimage\"},\"image\":{\"@id\":\"https:\/\/happy-cbd.com\/de\/kombinierte-angebote\/beruhigende-stress-reduzierende-vitamine-kopie\/#primaryimage\"},\"thumbnailUrl\":\"https:\/\/happy-cbd.com\/wp-content\/uploads\/2025\/02\/Combi-BodyCALMAG.jpg\",\"datePublished\":\"2025-02-04T08:59:18+00:00\",\"dateModified\":\"2025-02-10T11:10:33+00:00\",\"description\":\"Die Stress Less Vitamins verst\u00e4rken die Wirkung von CBD-\u00d6l, indem sie bei Stress f\u00fcr Ruhe und bei M\u00fcdigkeit f\u00fcr Energie sorgen. Lesen Sie hier alles dar\u00fcber!\",\"breadcrumb\":{\"@id\":\"https:\/\/happy-cbd.com\/de\/kombinierte-angebote\/beruhigende-stress-reduzierende-vitamine-kopie\/#breadcrumb\"},\"inLanguage\":\"de\",\"potentialAction\":[{\"@type\":\"ReadAction\",\"target\":[\"https:\/\/happy-cbd.com\/de\/kombinierte-angebote\/beruhigende-stress-reduzierende-vitamine-kopie\/\"]}]},{\"@type\":\"ImageObject\",\"inLanguage\":\"de\",\"@id\":\"https:\/\/happy-cbd.com\/de\/kombinierte-angebote\/beruhigende-stress-reduzierende-vitamine-kopie\/#primaryimage\",\"url\":\"https:\/\/happy-cbd.com\/wp-content\/uploads\/2025\/02\/Combi-BodyCALMAG.jpg\",\"contentUrl\":\"https:\/\/happy-cbd.com\/wp-content\/uploads\/2025\/02\/Combi-BodyCALMAG.jpg\",\"width\":453,\"height\":340},{\"@type\":\"BreadcrumbList\",\"@id\":\"https:\/\/happy-cbd.com\/de\/kombinierte-angebote\/beruhigende-stress-reduzierende-vitamine-kopie\/#breadcrumb\",\"itemListElement\":[{\"@type\":\"ListItem\",\"position\":1,\"name\":\"Shop\",\"item\":\"https:\/\/happy-cbd.com\/de\/shop\/\"},{\"@type\":\"ListItem\",\"position\":2,\"name\":\"Beruhigende + Stress reduzierende Vitamine (kopie)\"}]},{\"@type\":\"WebSite\",\"@id\":\"https:\/\/happy-cbd.com\/de\/#website\",\"url\":\"https:\/\/happy-cbd.com\/de\/\",\"name\":\"Happy CBD\",\"description\":\"\",\"potentialAction\":[{\"@type\":\"SearchAction\",\"target\":{\"@type\":\"EntryPoint\",\"urlTemplate\":\"https:\/\/happy-cbd.com\/de\/?s={search_term_string}\"},\"query-input\":{\"@type\":\"PropertyValueSpecification\",\"valueRequired\":true,\"valueName\":\"search_term_string\"}}],\"inLanguage\":\"de\"}]}<\/script>\n<!-- \/ Yoast SEO plugin. -->","yoast_head_json":{"title":"Verst\u00e4rken Sie die Wirkung von CBD-\u00d6l mit Rhodiola und Ginseng!","description":"Die Stress Less Vitamins verst\u00e4rken die Wirkung von CBD-\u00d6l, indem sie bei Stress f\u00fcr Ruhe und bei M\u00fcdigkeit f\u00fcr Energie sorgen. Lesen Sie hier alles dar\u00fcber!","robots":{"index":"index","follow":"follow","max-snippet":"max-snippet:-1","max-image-preview":"max-image-preview:large","max-video-preview":"max-video-preview:-1"},"canonical":"https:\/\/happy-cbd.com\/de\/kombinierte-angebote\/beruhigende-stress-reduzierende-vitamine-kopie\/","og_locale":"de_DE","og_type":"article","og_title":"Verst\u00e4rken Sie die Wirkung von CBD-\u00d6l mit Rhodiola und Ginseng!","og_description":"Die Stress Less Vitamins verst\u00e4rken die Wirkung von CBD-\u00d6l, indem sie bei Stress f\u00fcr Ruhe und bei M\u00fcdigkeit f\u00fcr Energie sorgen. Lesen Sie hier alles dar\u00fcber!","og_url":"https:\/\/happy-cbd.com\/de\/kombinierte-angebote\/beruhigende-stress-reduzierende-vitamine-kopie\/","og_site_name":"Happy CBD","article_modified_time":"2025-02-10T11:10:33+00:00","og_image":[{"width":1890,"height":1417,"url":"https:\/\/happy-cbd.com\/wp-content\/uploads\/2023\/12\/Mindstressless.png","type":"image\/png"}],"twitter_card":"summary_large_image","schema":{"@context":"https:\/\/schema.org","@graph":[{"@type":"WebPage","@id":"https:\/\/happy-cbd.com\/de\/kombinierte-angebote\/beruhigende-stress-reduzierende-vitamine-kopie\/","url":"https:\/\/happy-cbd.com\/de\/kombinierte-angebote\/beruhigende-stress-reduzierende-vitamine-kopie\/","name":"Verst\u00e4rken Sie die Wirkung von CBD-\u00d6l mit Rhodiola und Ginseng!","isPartOf":{"@id":"https:\/\/happy-cbd.com\/de\/#website"},"primaryImageOfPage":{"@id":"https:\/\/happy-cbd.com\/de\/kombinierte-angebote\/beruhigende-stress-reduzierende-vitamine-kopie\/#primaryimage"},"image":{"@id":"https:\/\/happy-cbd.com\/de\/kombinierte-angebote\/beruhigende-stress-reduzierende-vitamine-kopie\/#primaryimage"},"thumbnailUrl":"https:\/\/happy-cbd.com\/wp-content\/uploads\/2025\/02\/Combi-BodyCALMAG.jpg","datePublished":"2025-02-04T08:59:18+00:00","dateModified":"2025-02-10T11:10:33+00:00","description":"Die Stress Less Vitamins verst\u00e4rken die Wirkung von CBD-\u00d6l, indem sie bei Stress f\u00fcr Ruhe und bei M\u00fcdigkeit f\u00fcr Energie sorgen. Lesen Sie hier alles dar\u00fcber!","breadcrumb":{"@id":"https:\/\/happy-cbd.com\/de\/kombinierte-angebote\/beruhigende-stress-reduzierende-vitamine-kopie\/#breadcrumb"},"inLanguage":"de","potentialAction":[{"@type":"ReadAction","target":["https:\/\/happy-cbd.com\/de\/kombinierte-angebote\/beruhigende-stress-reduzierende-vitamine-kopie\/"]}]},{"@type":"ImageObject","inLanguage":"de","@id":"https:\/\/happy-cbd.com\/de\/kombinierte-angebote\/beruhigende-stress-reduzierende-vitamine-kopie\/#primaryimage","url":"https:\/\/happy-cbd.com\/wp-content\/uploads\/2025\/02\/Combi-BodyCALMAG.jpg","contentUrl":"https:\/\/happy-cbd.com\/wp-content\/uploads\/2025\/02\/Combi-BodyCALMAG.jpg","width":453,"height":340},{"@type":"BreadcrumbList","@id":"https:\/\/happy-cbd.com\/de\/kombinierte-angebote\/beruhigende-stress-reduzierende-vitamine-kopie\/#breadcrumb","itemListElement":[{"@type":"ListItem","position":1,"name":"Shop","item":"https:\/\/happy-cbd.com\/de\/shop\/"},{"@type":"ListItem","position":2,"name":"Beruhigende + Stress reduzierende Vitamine (kopie)"}]},{"@type":"WebSite","@id":"https:\/\/happy-cbd.com\/de\/#website","url":"https:\/\/happy-cbd.com\/de\/","name":"Happy CBD","description":"","potentialAction":[{"@type":"SearchAction","target":{"@type":"EntryPoint","urlTemplate":"https:\/\/happy-cbd.com\/de\/?s={search_term_string}"},"query-input":{"@type":"PropertyValueSpecification","valueRequired":true,"valueName":"search_term_string"}}],"inLanguage":"de"}]}},"_links":{"self":[{"href":"https:\/\/happy-cbd.com\/de\/wp-json\/wp\/v2\/product\/14363","targetHints":{"allow":["GET"]}}],"collection":[{"href":"https:\/\/happy-cbd.com\/de\/wp-json\/wp\/v2\/product"}],"about":[{"href":"https:\/\/happy-cbd.com\/de\/wp-json\/wp\/v2\/types\/product"}],"replies":[{"embeddable":true,"href":"https:\/\/happy-cbd.com\/de\/wp-json\/wp\/v2\/comments?post=14363"}],"wp:featuredmedia":[{"embeddable":true,"href":"https:\/\/happy-cbd.com\/de\/wp-json\/wp\/v2\/media\/14380"}],"wp:attachment":[{"href":"https:\/\/happy-cbd.com\/de\/wp-json\/wp\/v2\/media?parent=14363"}],"wp:term":[{"taxonomy":"product_brand","embeddable":true,"href":"https:\/\/happy-cbd.com\/de\/wp-json\/wp\/v2\/product_brand?post=14363"},{"taxonomy":"product_cat","embeddable":true,"href":"https:\/\/happy-cbd.com\/de\/wp-json\/wp\/v2\/product_cat?post=14363"},{"taxonomy":"product_tag","embeddable":true,"href":"https:\/\/happy-cbd.com\/de\/wp-json\/wp\/v2\/product_tag?post=14363"}],"curies":[{"name":"wp","href":"https:\/\/api.w.org\/{rel}","templated":true}]}}