{"id":14080,"date":"2021-02-03T14:09:45","date_gmt":"2021-02-03T13:09:45","guid":{"rendered":"https:\/\/happy-cbd.com\/unkategorisiert\/sleep-well-vitamins\/"},"modified":"2025-02-10T12:09:29","modified_gmt":"2025-02-10T11:09:29","slug":"sleep-well-vitamins","status":"publish","type":"product","link":"https:\/\/happy-cbd.com\/de\/gluckliche-vitamine\/sleep-well-vitamins\/","title":{"rendered":"Vitamins | Sleep Well Vitamins"},"content":{"rendered":"<div class=\"wpb-content-wrapper\"><p>[vc_row][vc_column][vc_column_text css=&#8221;&#8221;]<\/p>\n<h2>Sleep Well Vitamins<\/h2>\n<p><strong>Tryptophan<\/strong> ist eine <strong>Aminos\u00e4ure<\/strong> (ein Bestandteil eines Proteins), die zu den <strong>essenziellen Aminos\u00e4uren<\/strong> geh\u00f6rt. Essenzielle Aminos\u00e4uren kann der K\u00f6rper nicht selbst herstellen. Daher muss man sie \u00fcber <strong>Ern\u00e4hrung<\/strong> oder <strong>Erg\u00e4nzungsmittel<\/strong> aufnehmen. Der K\u00f6rper wandelt <strong>Tryptophan<\/strong> dann in <strong>5-HTP<\/strong> um. Diese <strong>Substanz<\/strong> ist wichtig f\u00fcr die <strong>Bildung von Melatonin und Serotonin<\/strong>. Melatonin sorgt daf\u00fcr, dass man abends <strong>m\u00fcde<\/strong> wird, und <strong>Serotonin<\/strong> sorgt daf\u00fcr, dass man sich wohl f\u00fchlt.<\/p>\n<h2>Verwendung und Dosierung<\/h2>\n<p><strong>Empfohlene t\u00e4gliche Dosierung: <\/strong>1 bis 2 Kapseln eine halbe Stunde vor dem Schlafengehen mit ausreichend Wasser einnehmen. F\u00fcr eine gute Wirkung auf n\u00fcchternen Magen einnehmen.<\/p>\n<p><strong>Warnungen: <\/strong>Die empfohlene Dosierung nicht \u00fcberschreiten. Ein gesunder Lebensstil ist wichtig. Nahrungserg\u00e4nzungsmittel ersetzen keine abwechslungsreiche Ern\u00e4hrung. Dieses Nahrungserg\u00e4nzungsmittel ist nicht f\u00fcr Kinder bis 17 Jahre geeignet.<\/p>\n<p><strong>Aufbewahrung: <\/strong>Bei Raumtemperatur und trocken aufbewahren. Au\u00dferhalb der Reichweite von kleinen Kindern aufbewahren.<\/p>\n<h2>Zusammensetzung<\/h2>\n<div class=\"CSSTableGenerator_ingredienten\">\n<div id=\"shortcode-1012-9508\" class=\"ct-shortcode text-labelinformatie\">\n<div class=\"CSSTableGenerator_ingredienten\">\n<table>\n<tbody>\n<tr>\n<td colspan=\"4\">Zusammensetzung pro Tagesdosis (2 Kapseln)<\/td>\n<\/tr>\n<tr>\n<td>Inhaltsstoff<\/td>\n<td>Menge<\/td>\n<td>RI *<\/td>\n<td>Verbindung<\/td>\n<\/tr>\n<tr>\n<td><b>Vitamine<\/b><\/td>\n<td><\/td>\n<td><\/td>\n<td><\/td>\n<\/tr>\n<tr>\n<td>Vitamin B6<\/td>\n<td>20 mg<\/td>\n<td>1429%<\/td>\n<td>Pyridoxal-5-Phosphat<\/td>\n<\/tr>\n<tr>\n<td>Niacin (Vitamin B3)<\/td>\n<td>10 mg<\/td>\n<td>63%<\/td>\n<td>Nicotinamid<\/td>\n<\/tr>\n<tr>\n<td><b>Aminos\u00e4uren<\/b><\/td>\n<td><\/td>\n<td><\/td>\n<td><\/td>\n<\/tr>\n<tr>\n<td>L-Tryptophan<\/td>\n<td>1000 mg<\/td>\n<td><\/td>\n<td><\/td>\n<\/tr>\n<tr>\n<td colspan=\"4\">*) Referenzaufnahme.<\/td>\n<\/tr>\n<tr>\n<td colspan=\"4\"><strong>Kategorie: <\/strong>Aminos\u00e4uren. <strong>Inhaltsstoffe: <\/strong>L-Tryptophan, HPMC (Verdickungsmittel\/Kapselh\u00fclle), Magnesiumstearat (pflanzlich &#8211; Rieselhilfe), Magnesiumsilicat (Rieselhilfe), Vitamine, Mikrokristalline Cellulose (F\u00fcllstoff). <strong>Allergiehinweis: <\/strong>Dieses Produkt enth\u00e4lt keine bekannten Allergene.<\/td>\n<\/tr>\n<\/tbody>\n<\/table>\n<\/div>\n<\/div>\n<\/div>\n<p><strong>Inhalt: <\/strong>90 Kapseln<br \/>\n<strong>Mindesthaltbarkeitsdatum: <\/strong>siehe Verpackung<br \/>\n<strong>Charge: <\/strong>siehe Verpackung<br \/>\n<strong>Nahrungserg\u00e4nzungsmittel<\/strong><\/p>\n<h4 id=\"headline-389-9508\" class=\"ct-headline headings-labelinformatie\">Sicherer Gebrauch f\u00fcr spezielle Gruppen<\/h4>\n<div id=\"div_block-468-9508\" class=\"ct-div-block div-text-details\">\n<div id=\"text_block-465-9508\" class=\"ct-text-block details-text\">Vegetarier: ja<\/div>\n<div id=\"text_block-483-9508\" class=\"ct-text-block details-text\"><\/div>\n<\/div>\n<div id=\"div_block-485-9508\" class=\"ct-div-block div-text-details\">\n<div id=\"text_block-486-9508\" class=\"ct-text-block details-text\">Veganer: ja<\/div>\n<\/div>\n<div id=\"div_block-488-9508\" class=\"ct-div-block div-text-details\">\n<div id=\"text_block-489-9508\" class=\"ct-text-block details-text\">Diabetes: ja<\/div>\n<\/div>\n<div id=\"div_block-491-9508\" class=\"ct-div-block div-text-details\">\n<div id=\"text_block-492-9508\" class=\"ct-text-block details-text\">Schwangerschaft: ja<\/div>\n<\/div>\n<div id=\"div_block-494-9508\" class=\"ct-div-block div-text-details\">\n<div id=\"text_block-495-9508\" class=\"ct-text-block details-text\">Stillzeit: ja<\/div>\n<\/div>\n<p>[\/vc_column_text][\/vc_column][\/vc_row]<\/p>\n<\/div>","protected":false},"excerpt":{"rendered":"<ul class=\"checks\">\n<li>Hohe Dosierung<\/li>\n<li>Hilft, ruhig zu bleiben bei Stress<\/li>\n<li>Tr\u00e4gt zur Linderung innerer Unruhe bei<\/li>\n<li>Reduziert das Gef\u00fchl der M\u00fcdigkeit<\/li>\n<\/ul>\n<p><strong>Tryptophan<\/strong>, der Vorl\u00e4ufer von <strong>Serotonin und Melatonin<\/strong>. Tryptophan ist besonders bekannt als <strong>Vorl\u00e4ufer<\/strong> von Serotonin und Melatonin. Unser Biorhythmus wird unter anderem durch die Umwandlung von Serotonin in Melatonin bestimmt, wenn es dunkel wird.<\/p>\n","protected":false},"featured_media":10361,"comment_status":"open","ping_status":"closed","template":"","meta":{"_acf_changed":false,"_joinchat":[]},"product_brand":[],"product_cat":[250],"product_tag":[],"class_list":{"0":"post-14080","1":"product","2":"type-product","3":"status-publish","4":"has-post-thumbnail","6":"product_cat-gluckliche-vitamine","7":"product_shipping_class-postnl-paket","8":"pa_categorie-lebensstil","9":"pa_grondstof-vitamine","10":"pa_inhoud-90-kappen","11":"pa_inname-kapseln","13":"first","14":"instock","15":"shipping-taxable","16":"purchasable","17":"product-type-simple"},"acf":[],"yoast_head":"<!-- This site is optimized with the Yoast SEO plugin v27.1.1 - https:\/\/yoast.com\/product\/yoast-seo-wordpress\/ -->\n<title>Sleep Well vitamins | Voor een ultieme nachtrust | Happy CBD<\/title>\n<meta name=\"description\" content=\"Tryptofaan draagt bij aan een goede nachtrust \u2713100%vegan \u2713100% happy \u2713Snelle levering. Bestel hier nu hier en geniet!\" \/>\n<meta name=\"robots\" content=\"index, follow, max-snippet:-1, max-image-preview:large, max-video-preview:-1\" \/>\n<link rel=\"canonical\" href=\"https:\/\/happy-cbd.com\/de\/gluckliche-vitamine\/sleep-well-vitamins\/\" \/>\n<meta property=\"og:locale\" content=\"de_DE\" \/>\n<meta property=\"og:type\" content=\"article\" \/>\n<meta property=\"og:title\" content=\"Sleep Well vitamins | Voor een ultieme nachtrust | Happy CBD\" \/>\n<meta property=\"og:description\" content=\"Tryptofaan draagt bij aan een goede nachtrust \u2713100%vegan \u2713100% happy \u2713Snelle levering. Bestel hier nu hier en geniet!\" \/>\n<meta property=\"og:url\" content=\"https:\/\/happy-cbd.com\/de\/gluckliche-vitamine\/sleep-well-vitamins\/\" \/>\n<meta property=\"og:site_name\" content=\"Happy CBD\" \/>\n<meta property=\"article:modified_time\" content=\"2025-02-10T11:09:29+00:00\" \/>\n<meta property=\"og:image\" content=\"https:\/\/happy-cbd.com\/wp-content\/uploads\/2021\/02\/sleep-well-vitmins.png\" \/>\n\t<meta property=\"og:image:width\" content=\"2000\" \/>\n\t<meta property=\"og:image:height\" content=\"2000\" \/>\n\t<meta property=\"og:image:type\" content=\"image\/png\" \/>\n<meta name=\"twitter:card\" content=\"summary_large_image\" \/>\n<meta name=\"twitter:label1\" content=\"Gesch\u00e4tzte Lesezeit\" \/>\n\t<meta name=\"twitter:data1\" content=\"2\u00a0Minuten\" \/>\n<script type=\"application\/ld+json\" class=\"yoast-schema-graph\">{\"@context\":\"https:\/\/schema.org\",\"@graph\":[{\"@type\":\"WebPage\",\"@id\":\"https:\/\/happy-cbd.com\/de\/gluckliche-vitamine\/sleep-well-vitamins\/\",\"url\":\"https:\/\/happy-cbd.com\/de\/gluckliche-vitamine\/sleep-well-vitamins\/\",\"name\":\"Sleep Well vitamins | Voor een ultieme nachtrust | Happy CBD\",\"isPartOf\":{\"@id\":\"https:\/\/happy-cbd.com\/de\/#website\"},\"primaryImageOfPage\":{\"@id\":\"https:\/\/happy-cbd.com\/de\/gluckliche-vitamine\/sleep-well-vitamins\/#primaryimage\"},\"image\":{\"@id\":\"https:\/\/happy-cbd.com\/de\/gluckliche-vitamine\/sleep-well-vitamins\/#primaryimage\"},\"thumbnailUrl\":\"https:\/\/happy-cbd.com\/wp-content\/uploads\/2021\/02\/sleep-well-vitmins.png\",\"datePublished\":\"2021-02-03T13:09:45+00:00\",\"dateModified\":\"2025-02-10T11:09:29+00:00\",\"description\":\"Tryptofaan draagt bij aan een goede nachtrust \u2713100%vegan \u2713100% happy \u2713Snelle levering. Bestel hier nu hier en geniet!\",\"breadcrumb\":{\"@id\":\"https:\/\/happy-cbd.com\/de\/gluckliche-vitamine\/sleep-well-vitamins\/#breadcrumb\"},\"inLanguage\":\"de\",\"potentialAction\":[{\"@type\":\"ReadAction\",\"target\":[\"https:\/\/happy-cbd.com\/de\/gluckliche-vitamine\/sleep-well-vitamins\/\"]}]},{\"@type\":\"ImageObject\",\"inLanguage\":\"de\",\"@id\":\"https:\/\/happy-cbd.com\/de\/gluckliche-vitamine\/sleep-well-vitamins\/#primaryimage\",\"url\":\"https:\/\/happy-cbd.com\/wp-content\/uploads\/2021\/02\/sleep-well-vitmins.png\",\"contentUrl\":\"https:\/\/happy-cbd.com\/wp-content\/uploads\/2021\/02\/sleep-well-vitmins.png\",\"width\":2000,\"height\":2000},{\"@type\":\"BreadcrumbList\",\"@id\":\"https:\/\/happy-cbd.com\/de\/gluckliche-vitamine\/sleep-well-vitamins\/#breadcrumb\",\"itemListElement\":[{\"@type\":\"ListItem\",\"position\":1,\"name\":\"Shop\",\"item\":\"https:\/\/happy-cbd.com\/de\/shop\/\"},{\"@type\":\"ListItem\",\"position\":2,\"name\":\"Vitamins | Sleep Well Vitamins\"}]},{\"@type\":\"WebSite\",\"@id\":\"https:\/\/happy-cbd.com\/de\/#website\",\"url\":\"https:\/\/happy-cbd.com\/de\/\",\"name\":\"Happy CBD\",\"description\":\"\",\"potentialAction\":[{\"@type\":\"SearchAction\",\"target\":{\"@type\":\"EntryPoint\",\"urlTemplate\":\"https:\/\/happy-cbd.com\/de\/?s={search_term_string}\"},\"query-input\":{\"@type\":\"PropertyValueSpecification\",\"valueRequired\":true,\"valueName\":\"search_term_string\"}}],\"inLanguage\":\"de\"}]}<\/script>\n<!-- \/ Yoast SEO plugin. -->","yoast_head_json":{"title":"Sleep Well vitamins | Voor een ultieme nachtrust | Happy CBD","description":"Tryptofaan draagt bij aan een goede nachtrust \u2713100%vegan \u2713100% happy \u2713Snelle levering. Bestel hier nu hier en geniet!","robots":{"index":"index","follow":"follow","max-snippet":"max-snippet:-1","max-image-preview":"max-image-preview:large","max-video-preview":"max-video-preview:-1"},"canonical":"https:\/\/happy-cbd.com\/de\/gluckliche-vitamine\/sleep-well-vitamins\/","og_locale":"de_DE","og_type":"article","og_title":"Sleep Well vitamins | Voor een ultieme nachtrust | Happy CBD","og_description":"Tryptofaan draagt bij aan een goede nachtrust \u2713100%vegan \u2713100% happy \u2713Snelle levering. Bestel hier nu hier en geniet!","og_url":"https:\/\/happy-cbd.com\/de\/gluckliche-vitamine\/sleep-well-vitamins\/","og_site_name":"Happy CBD","article_modified_time":"2025-02-10T11:09:29+00:00","og_image":[{"width":2000,"height":2000,"url":"https:\/\/happy-cbd.com\/wp-content\/uploads\/2021\/02\/sleep-well-vitmins.png","type":"image\/png"}],"twitter_card":"summary_large_image","twitter_misc":{"Gesch\u00e4tzte Lesezeit":"2\u00a0Minuten"},"schema":{"@context":"https:\/\/schema.org","@graph":[{"@type":"WebPage","@id":"https:\/\/happy-cbd.com\/de\/gluckliche-vitamine\/sleep-well-vitamins\/","url":"https:\/\/happy-cbd.com\/de\/gluckliche-vitamine\/sleep-well-vitamins\/","name":"Sleep Well vitamins | Voor een ultieme nachtrust | Happy CBD","isPartOf":{"@id":"https:\/\/happy-cbd.com\/de\/#website"},"primaryImageOfPage":{"@id":"https:\/\/happy-cbd.com\/de\/gluckliche-vitamine\/sleep-well-vitamins\/#primaryimage"},"image":{"@id":"https:\/\/happy-cbd.com\/de\/gluckliche-vitamine\/sleep-well-vitamins\/#primaryimage"},"thumbnailUrl":"https:\/\/happy-cbd.com\/wp-content\/uploads\/2021\/02\/sleep-well-vitmins.png","datePublished":"2021-02-03T13:09:45+00:00","dateModified":"2025-02-10T11:09:29+00:00","description":"Tryptofaan draagt bij aan een goede nachtrust \u2713100%vegan \u2713100% happy \u2713Snelle levering. Bestel hier nu hier en geniet!","breadcrumb":{"@id":"https:\/\/happy-cbd.com\/de\/gluckliche-vitamine\/sleep-well-vitamins\/#breadcrumb"},"inLanguage":"de","potentialAction":[{"@type":"ReadAction","target":["https:\/\/happy-cbd.com\/de\/gluckliche-vitamine\/sleep-well-vitamins\/"]}]},{"@type":"ImageObject","inLanguage":"de","@id":"https:\/\/happy-cbd.com\/de\/gluckliche-vitamine\/sleep-well-vitamins\/#primaryimage","url":"https:\/\/happy-cbd.com\/wp-content\/uploads\/2021\/02\/sleep-well-vitmins.png","contentUrl":"https:\/\/happy-cbd.com\/wp-content\/uploads\/2021\/02\/sleep-well-vitmins.png","width":2000,"height":2000},{"@type":"BreadcrumbList","@id":"https:\/\/happy-cbd.com\/de\/gluckliche-vitamine\/sleep-well-vitamins\/#breadcrumb","itemListElement":[{"@type":"ListItem","position":1,"name":"Shop","item":"https:\/\/happy-cbd.com\/de\/shop\/"},{"@type":"ListItem","position":2,"name":"Vitamins | Sleep Well Vitamins"}]},{"@type":"WebSite","@id":"https:\/\/happy-cbd.com\/de\/#website","url":"https:\/\/happy-cbd.com\/de\/","name":"Happy CBD","description":"","potentialAction":[{"@type":"SearchAction","target":{"@type":"EntryPoint","urlTemplate":"https:\/\/happy-cbd.com\/de\/?s={search_term_string}"},"query-input":{"@type":"PropertyValueSpecification","valueRequired":true,"valueName":"search_term_string"}}],"inLanguage":"de"}]}},"_links":{"self":[{"href":"https:\/\/happy-cbd.com\/de\/wp-json\/wp\/v2\/product\/14080","targetHints":{"allow":["GET"]}}],"collection":[{"href":"https:\/\/happy-cbd.com\/de\/wp-json\/wp\/v2\/product"}],"about":[{"href":"https:\/\/happy-cbd.com\/de\/wp-json\/wp\/v2\/types\/product"}],"replies":[{"embeddable":true,"href":"https:\/\/happy-cbd.com\/de\/wp-json\/wp\/v2\/comments?post=14080"}],"wp:featuredmedia":[{"embeddable":true,"href":"https:\/\/happy-cbd.com\/de\/wp-json\/wp\/v2\/media\/10361"}],"wp:attachment":[{"href":"https:\/\/happy-cbd.com\/de\/wp-json\/wp\/v2\/media?parent=14080"}],"wp:term":[{"taxonomy":"product_brand","embeddable":true,"href":"https:\/\/happy-cbd.com\/de\/wp-json\/wp\/v2\/product_brand?post=14080"},{"taxonomy":"product_cat","embeddable":true,"href":"https:\/\/happy-cbd.com\/de\/wp-json\/wp\/v2\/product_cat?post=14080"},{"taxonomy":"product_tag","embeddable":true,"href":"https:\/\/happy-cbd.com\/de\/wp-json\/wp\/v2\/product_tag?post=14080"}],"curies":[{"name":"wp","href":"https:\/\/api.w.org\/{rel}","templated":true}]}}