{"id":14076,"date":"2021-02-03T14:14:10","date_gmt":"2021-02-03T13:14:10","guid":{"rendered":"https:\/\/happy-cbd.com\/unkategorisiert\/stress-less\/"},"modified":"2025-02-10T12:09:29","modified_gmt":"2025-02-10T11:09:29","slug":"stress-less-vitamins","status":"publish","type":"product","link":"https:\/\/happy-cbd.com\/de\/gluckliche-vitamine\/stress-less-vitamins\/","title":{"rendered":"Vitamins | Stress Less Vitamins"},"content":{"rendered":"<div class=\"wpb-content-wrapper\"><p>[vc_row][vc_column][vc_column_text]<\/p>\n<h2>Stress Less Vitamins<\/h2>\n<p>In den Stress Less Vitaminen ist der Inhaltsstoff <strong>Rhodiola rosea<\/strong> enthalten, und dies ist ein sogenanntes <strong>Adaptogen<\/strong>. Das bedeutet, dass Rhodiola ein Mittel ist, das <strong>K\u00f6rper und Geist<\/strong> hilft, sich an verschiedene Situationen <strong>anzupassen<\/strong>. Neben den <strong>Stoffen aus der Wurzel<\/strong> dieser Pflanze enth\u00e4lt dieses Produkt <strong>20 andere Wirkstoffe<\/strong>, die unser K\u00f6rper ben\u00f6tigt und die die nat\u00fcrliche Widerstandskraft steigern. Im Falle von <strong>Stress<\/strong> und <strong>Unruhe<\/strong> sorgt Rhodiola f\u00fcr <strong>Ruhe<\/strong> und bei <strong>Erm\u00fcdung<\/strong> und <strong>Antriebslosigkeit<\/strong> liefert es <strong>Energie<\/strong>.<\/p>\n<p>Eine russische Studie hat gezeigt, dass das <strong>Kraut<\/strong> auch die Konzentration des Energiefosfates in der <strong>Muskelzelle<\/strong> erh\u00f6ht. Daher l\u00e4sst sich das Kraut auch hervorragend mit beispielsweise <strong>Kreatin<\/strong> kombinieren, was zu mehr <strong>Kraft<\/strong> und <strong>Ausdauer<\/strong> w\u00e4hrend des Trainings f\u00fchrt.<\/p>\n<p>Das verwendete <strong>Rhodiola<\/strong> in diesem Produkt enth\u00e4lt mindestens 3% <strong>Total Rosavins<\/strong> und mindestens 1% <strong>Salidroside<\/strong>. Es enth\u00e4lt das <strong>hochwertigste<\/strong> Rhodiola, das erh\u00e4ltlich ist.<\/p>\n<p><strong>Empfohlene t\u00e4gliche Dosis:<\/strong> 1 bis 3 Kapseln pro Tag mit ausreichend Wasser einnehmen. Bevorzugt w\u00e4hrend einer Mahlzeit oder wie empfohlen.<\/p>\n<p><strong>Warnhinweise:<\/strong> Die empfohlene Dosis nicht \u00fcberschreiten. Ein gesunder Lebensstil ist wichtig. Ein Nahrungserg\u00e4nzungsmittel ist kein Ersatz f\u00fcr eine abwechslungsreiche Ern\u00e4hrung. Bevorzugt nicht w\u00e4hrend der Schwangerschaft und Stillzeit verwenden. Nicht in Kombination mit Medikamenten verwenden, die das zentrale Nervensystem unterdr\u00fccken, wie Antidepressiva und Beruhigungsmittel (Schlafmittel).<\/p>\n<p><strong>Aufbewahrungshinweise:<\/strong> Bei Raumtemperatur und trocken aufbewahren. Au\u00dferhalb der Reichweite von kleinen Kindern aufbewahren.<\/p>\n<p><strong>Inhalt:<\/strong> 60 Kapseln<br \/>\n<strong>Mindestens haltbar bis:<\/strong> Siehe Verpackung<\/p>\n<div id=\"div_block-875-9508\" class=\"ct-div-block \">\n<div id=\"div_block-884-9508\" class=\"ct-div-block hokken-informatie-producten\">\n<h4 id=\"headline-885-9508\" class=\"ct-headline headings-labelinformatie\">Zusammensetzung<\/h4>\n<div id=\"shortcode-1012-9508\" class=\"ct-shortcode text-labelinformatie\">\n<div class=\"CSSTableGenerator_ingredienten\">\n<table>\n<tbody>\n<tr>\n<td colspan=\"4\">Zusammensetzung pro Tagesdosis (2 Kapseln)<\/td>\n<\/tr>\n<tr>\n<td>Inhaltsstoff<\/td>\n<td>Menge<\/td>\n<td>RI *<\/td>\n<td>Verbindung<\/td>\n<\/tr>\n<tr>\n<td><b>Kr\u00e4uter<\/b><\/td>\n<td><\/td>\n<td><\/td>\n<td><\/td>\n<\/tr>\n<tr>\n<td>Rhodiola rosea<\/td>\n<td>400 mg<\/td>\n<td><\/td>\n<td><\/td>\n<\/tr>\n<tr>\n<td>Sibirischer Ginseng<\/td>\n<td>200 mg<\/td>\n<td><\/td>\n<td><\/td>\n<\/tr>\n<tr>\n<td colspan=\"4\">*) Referenzaufnahme.<\/td>\n<\/tr>\n<tr>\n<td colspan=\"4\"><strong>Kategorie:<\/strong> Kr\u00e4uter. <strong>Inhaltsstoffe:<\/strong> Rhodiola rosea, Sibirischer Ginseng, HPMC (Verdickungsmittel\/Kapselh\u00fclle), mikrokristalline Cellulose (F\u00fcllstoff), Magnesiumstearat (pflanzlich \u2013 Flie\u00dfmittel), Siliziumdioxid (Flie\u00dfmittel). <strong>Allergiehinweise:<\/strong> Dieses Produkt enth\u00e4lt keine bekannten Allergene.<\/td>\n<\/tr>\n<\/tbody>\n<\/table>\n<\/div>\n<p><strong>Sichere Anwendung f\u00fcr spezielle Gruppen<\/strong><\/p>\n<\/div>\n<\/div>\n<\/div>\n<div id=\"div_block-888-9508\" class=\"ct-div-block \">\n<div id=\"div_block-889-9508\" class=\"ct-div-block hokken-informatie-producten\">\n<div id=\"div_block-468-9508\" class=\"ct-div-block div-text-details\">\n<div id=\"text_block-465-9508\" class=\"ct-text-block details-text\">Vegetarier: ja<\/div>\n<div><\/div>\n<div id=\"text_block-483-9508\" class=\"ct-text-block details-text\">Veganer: ja<\/div>\n<\/div>\n<div id=\"div_block-485-9508\" class=\"ct-div-block div-text-details\">\n<div id=\"text_block-487-9508\" class=\"ct-text-block details-text\"><\/div>\n<\/div>\n<div id=\"div_block-488-9508\" class=\"ct-div-block div-text-details\">\n<div id=\"text_block-489-9508\" class=\"ct-text-block details-text\">Diabetes: ja<\/div>\n<div id=\"text_block-490-9508\" class=\"ct-text-block details-text\"><\/div>\n<\/div>\n<div id=\"div_block-491-9508\" class=\"ct-div-block div-text-details\">\n<div id=\"text_block-492-9508\" class=\"ct-text-block details-text\">Schwangerschaft: nein<\/div>\n<div id=\"text_block-493-9508\" class=\"ct-text-block details-text\"><\/div>\n<\/div>\n<div id=\"div_block-494-9508\" class=\"ct-div-block div-text-details\">\n<div id=\"text_block-495-9508\" class=\"ct-text-block details-text\">Stillzeit: nein<\/div>\n<\/div>\n<\/div>\n<\/div>\n<p>[\/vc_column_text][\/vc_column][\/vc_row]<\/p>\n<\/div>","protected":false},"excerpt":{"rendered":"<p><strong>Rhodiola und Ginseng<\/strong> sind beide <strong>adaptogene<\/strong> Kr\u00e4uter, das hei\u00dft, sie passen sich an und bewegen sich mit den Bed\u00fcrfnissen des K\u00f6rpers. Sie bringen den K\u00f6rper mehr in <strong>Balance<\/strong>, indem sie daf\u00fcr sorgen, dass in <strong>Stresssituationen<\/strong> (Nervosit\u00e4t und Unruhe) mehr Ruhe in den <strong>K\u00f6rper und Geist<\/strong> kommt.<\/p>\n","protected":false},"featured_media":10358,"comment_status":"open","ping_status":"closed","template":"","meta":{"_acf_changed":false,"_joinchat":[]},"product_brand":[],"product_cat":[250],"product_tag":[],"class_list":{"0":"post-14076","1":"product","2":"type-product","3":"status-publish","4":"has-post-thumbnail","6":"product_cat-gluckliche-vitamine","7":"product_shipping_class-postnl-paket","8":"pa_categorie-lebensstil","9":"pa_grondstof-krauter","10":"pa_inhoud-90-kappen","12":"first","13":"instock","14":"shipping-taxable","15":"purchasable","16":"product-type-simple"},"acf":[],"yoast_head":"<!-- This site is optimized with the Yoast SEO plugin v27.1.1 - https:\/\/yoast.com\/product\/yoast-seo-wordpress\/ -->\n<title>Stress Less | Natuurlijke rustgever bij stress of onrust | Happy CBD<\/title>\n<meta name=\"description\" content=\"Stress Less geeft rust en in geval van vermoeidheid en lusteloosheid geeft het energie.\u2713100% vegan \u2713100% \u2713Snelle levering. Ontdek &amp; bestel hier!\" \/>\n<meta name=\"robots\" content=\"index, follow, max-snippet:-1, max-image-preview:large, max-video-preview:-1\" \/>\n<link rel=\"canonical\" href=\"https:\/\/happy-cbd.com\/de\/gluckliche-vitamine\/stress-less-vitamins\/\" \/>\n<meta property=\"og:locale\" content=\"de_DE\" \/>\n<meta property=\"og:type\" content=\"article\" \/>\n<meta property=\"og:title\" content=\"Stress Less | Natuurlijke rustgever bij stress of onrust | Happy CBD\" \/>\n<meta property=\"og:description\" content=\"Stress Less geeft rust en in geval van vermoeidheid en lusteloosheid geeft het energie.\u2713100% vegan \u2713100% \u2713Snelle levering. Ontdek &amp; bestel hier!\" \/>\n<meta property=\"og:url\" content=\"https:\/\/happy-cbd.com\/de\/gluckliche-vitamine\/stress-less-vitamins\/\" \/>\n<meta property=\"og:site_name\" content=\"Happy CBD\" \/>\n<meta property=\"article:modified_time\" content=\"2025-02-10T11:09:29+00:00\" \/>\n<meta property=\"og:image\" content=\"https:\/\/happy-cbd.com\/wp-content\/uploads\/2021\/02\/Stress-Less.png\" \/>\n\t<meta property=\"og:image:width\" content=\"2000\" \/>\n\t<meta property=\"og:image:height\" content=\"2000\" \/>\n\t<meta property=\"og:image:type\" content=\"image\/png\" \/>\n<meta name=\"twitter:card\" content=\"summary_large_image\" \/>\n<meta name=\"twitter:label1\" content=\"Gesch\u00e4tzte Lesezeit\" \/>\n\t<meta name=\"twitter:data1\" content=\"2\u00a0Minuten\" \/>\n<script type=\"application\/ld+json\" class=\"yoast-schema-graph\">{\"@context\":\"https:\/\/schema.org\",\"@graph\":[{\"@type\":\"WebPage\",\"@id\":\"https:\/\/happy-cbd.com\/de\/gluckliche-vitamine\/stress-less-vitamins\/\",\"url\":\"https:\/\/happy-cbd.com\/de\/gluckliche-vitamine\/stress-less-vitamins\/\",\"name\":\"Stress Less | Natuurlijke rustgever bij stress of onrust | Happy CBD\",\"isPartOf\":{\"@id\":\"https:\/\/happy-cbd.com\/de\/#website\"},\"primaryImageOfPage\":{\"@id\":\"https:\/\/happy-cbd.com\/de\/gluckliche-vitamine\/stress-less-vitamins\/#primaryimage\"},\"image\":{\"@id\":\"https:\/\/happy-cbd.com\/de\/gluckliche-vitamine\/stress-less-vitamins\/#primaryimage\"},\"thumbnailUrl\":\"https:\/\/happy-cbd.com\/wp-content\/uploads\/2021\/02\/Stress-Less.png\",\"datePublished\":\"2021-02-03T13:14:10+00:00\",\"dateModified\":\"2025-02-10T11:09:29+00:00\",\"description\":\"Stress Less geeft rust en in geval van vermoeidheid en lusteloosheid geeft het energie.\u2713100% vegan \u2713100% \u2713Snelle levering. Ontdek & bestel hier!\",\"breadcrumb\":{\"@id\":\"https:\/\/happy-cbd.com\/de\/gluckliche-vitamine\/stress-less-vitamins\/#breadcrumb\"},\"inLanguage\":\"de\",\"potentialAction\":[{\"@type\":\"ReadAction\",\"target\":[\"https:\/\/happy-cbd.com\/de\/gluckliche-vitamine\/stress-less-vitamins\/\"]}]},{\"@type\":\"ImageObject\",\"inLanguage\":\"de\",\"@id\":\"https:\/\/happy-cbd.com\/de\/gluckliche-vitamine\/stress-less-vitamins\/#primaryimage\",\"url\":\"https:\/\/happy-cbd.com\/wp-content\/uploads\/2021\/02\/Stress-Less.png\",\"contentUrl\":\"https:\/\/happy-cbd.com\/wp-content\/uploads\/2021\/02\/Stress-Less.png\",\"width\":2000,\"height\":2000},{\"@type\":\"BreadcrumbList\",\"@id\":\"https:\/\/happy-cbd.com\/de\/gluckliche-vitamine\/stress-less-vitamins\/#breadcrumb\",\"itemListElement\":[{\"@type\":\"ListItem\",\"position\":1,\"name\":\"Shop\",\"item\":\"https:\/\/happy-cbd.com\/de\/shop\/\"},{\"@type\":\"ListItem\",\"position\":2,\"name\":\"Vitamins | Stress Less Vitamins\"}]},{\"@type\":\"WebSite\",\"@id\":\"https:\/\/happy-cbd.com\/de\/#website\",\"url\":\"https:\/\/happy-cbd.com\/de\/\",\"name\":\"Happy CBD\",\"description\":\"\",\"potentialAction\":[{\"@type\":\"SearchAction\",\"target\":{\"@type\":\"EntryPoint\",\"urlTemplate\":\"https:\/\/happy-cbd.com\/de\/?s={search_term_string}\"},\"query-input\":{\"@type\":\"PropertyValueSpecification\",\"valueRequired\":true,\"valueName\":\"search_term_string\"}}],\"inLanguage\":\"de\"}]}<\/script>\n<!-- \/ Yoast SEO plugin. -->","yoast_head_json":{"title":"Stress Less | Natuurlijke rustgever bij stress of onrust | Happy CBD","description":"Stress Less geeft rust en in geval van vermoeidheid en lusteloosheid geeft het energie.\u2713100% vegan \u2713100% \u2713Snelle levering. Ontdek & bestel hier!","robots":{"index":"index","follow":"follow","max-snippet":"max-snippet:-1","max-image-preview":"max-image-preview:large","max-video-preview":"max-video-preview:-1"},"canonical":"https:\/\/happy-cbd.com\/de\/gluckliche-vitamine\/stress-less-vitamins\/","og_locale":"de_DE","og_type":"article","og_title":"Stress Less | Natuurlijke rustgever bij stress of onrust | Happy CBD","og_description":"Stress Less geeft rust en in geval van vermoeidheid en lusteloosheid geeft het energie.\u2713100% vegan \u2713100% \u2713Snelle levering. Ontdek & bestel hier!","og_url":"https:\/\/happy-cbd.com\/de\/gluckliche-vitamine\/stress-less-vitamins\/","og_site_name":"Happy CBD","article_modified_time":"2025-02-10T11:09:29+00:00","og_image":[{"width":2000,"height":2000,"url":"https:\/\/happy-cbd.com\/wp-content\/uploads\/2021\/02\/Stress-Less.png","type":"image\/png"}],"twitter_card":"summary_large_image","twitter_misc":{"Gesch\u00e4tzte Lesezeit":"2\u00a0Minuten"},"schema":{"@context":"https:\/\/schema.org","@graph":[{"@type":"WebPage","@id":"https:\/\/happy-cbd.com\/de\/gluckliche-vitamine\/stress-less-vitamins\/","url":"https:\/\/happy-cbd.com\/de\/gluckliche-vitamine\/stress-less-vitamins\/","name":"Stress Less | Natuurlijke rustgever bij stress of onrust | Happy CBD","isPartOf":{"@id":"https:\/\/happy-cbd.com\/de\/#website"},"primaryImageOfPage":{"@id":"https:\/\/happy-cbd.com\/de\/gluckliche-vitamine\/stress-less-vitamins\/#primaryimage"},"image":{"@id":"https:\/\/happy-cbd.com\/de\/gluckliche-vitamine\/stress-less-vitamins\/#primaryimage"},"thumbnailUrl":"https:\/\/happy-cbd.com\/wp-content\/uploads\/2021\/02\/Stress-Less.png","datePublished":"2021-02-03T13:14:10+00:00","dateModified":"2025-02-10T11:09:29+00:00","description":"Stress Less geeft rust en in geval van vermoeidheid en lusteloosheid geeft het energie.\u2713100% vegan \u2713100% \u2713Snelle levering. Ontdek & bestel hier!","breadcrumb":{"@id":"https:\/\/happy-cbd.com\/de\/gluckliche-vitamine\/stress-less-vitamins\/#breadcrumb"},"inLanguage":"de","potentialAction":[{"@type":"ReadAction","target":["https:\/\/happy-cbd.com\/de\/gluckliche-vitamine\/stress-less-vitamins\/"]}]},{"@type":"ImageObject","inLanguage":"de","@id":"https:\/\/happy-cbd.com\/de\/gluckliche-vitamine\/stress-less-vitamins\/#primaryimage","url":"https:\/\/happy-cbd.com\/wp-content\/uploads\/2021\/02\/Stress-Less.png","contentUrl":"https:\/\/happy-cbd.com\/wp-content\/uploads\/2021\/02\/Stress-Less.png","width":2000,"height":2000},{"@type":"BreadcrumbList","@id":"https:\/\/happy-cbd.com\/de\/gluckliche-vitamine\/stress-less-vitamins\/#breadcrumb","itemListElement":[{"@type":"ListItem","position":1,"name":"Shop","item":"https:\/\/happy-cbd.com\/de\/shop\/"},{"@type":"ListItem","position":2,"name":"Vitamins | Stress Less Vitamins"}]},{"@type":"WebSite","@id":"https:\/\/happy-cbd.com\/de\/#website","url":"https:\/\/happy-cbd.com\/de\/","name":"Happy CBD","description":"","potentialAction":[{"@type":"SearchAction","target":{"@type":"EntryPoint","urlTemplate":"https:\/\/happy-cbd.com\/de\/?s={search_term_string}"},"query-input":{"@type":"PropertyValueSpecification","valueRequired":true,"valueName":"search_term_string"}}],"inLanguage":"de"}]}},"_links":{"self":[{"href":"https:\/\/happy-cbd.com\/de\/wp-json\/wp\/v2\/product\/14076","targetHints":{"allow":["GET"]}}],"collection":[{"href":"https:\/\/happy-cbd.com\/de\/wp-json\/wp\/v2\/product"}],"about":[{"href":"https:\/\/happy-cbd.com\/de\/wp-json\/wp\/v2\/types\/product"}],"replies":[{"embeddable":true,"href":"https:\/\/happy-cbd.com\/de\/wp-json\/wp\/v2\/comments?post=14076"}],"wp:featuredmedia":[{"embeddable":true,"href":"https:\/\/happy-cbd.com\/de\/wp-json\/wp\/v2\/media\/10358"}],"wp:attachment":[{"href":"https:\/\/happy-cbd.com\/de\/wp-json\/wp\/v2\/media?parent=14076"}],"wp:term":[{"taxonomy":"product_brand","embeddable":true,"href":"https:\/\/happy-cbd.com\/de\/wp-json\/wp\/v2\/product_brand?post=14076"},{"taxonomy":"product_cat","embeddable":true,"href":"https:\/\/happy-cbd.com\/de\/wp-json\/wp\/v2\/product_cat?post=14076"},{"taxonomy":"product_tag","embeddable":true,"href":"https:\/\/happy-cbd.com\/de\/wp-json\/wp\/v2\/product_tag?post=14076"}],"curies":[{"name":"wp","href":"https:\/\/api.w.org\/{rel}","templated":true}]}}