{"id":14068,"date":"2021-02-04T09:42:34","date_gmt":"2021-02-04T08:42:34","guid":{"rendered":"https:\/\/happy-cbd.com\/unkategorisiert\/relax-vitamins\/"},"modified":"2025-02-10T12:09:11","modified_gmt":"2025-02-10T11:09:11","slug":"entspannungsvitamine","status":"publish","type":"product","link":"https:\/\/happy-cbd.com\/de\/gluckliche-vitamine\/entspannungsvitamine\/","title":{"rendered":"Vitamine | Entspannungsvitamine"},"content":{"rendered":"<div class=\"wpb-content-wrapper\"><p>[vc_row][vc_column][vc_column_text]<\/p>\n<h2><span style=\"color: #93ac94;\">Beschreibung<\/span><\/h2>\n<p>[\/vc_column_text][\/vc_column][\/vc_row][vc_row][vc_column width=&#8221;3\/5&#8243;][vc_column_text]Langfristige, <strong>innere Unruhe<\/strong> kann eine <strong>negative Auswirkung<\/strong> auf unseren <strong>K\u00f6rper<\/strong> haben. Ein Anstieg des <strong>Blutdrucks<\/strong>, <strong>Blutzuckerspiegels<\/strong> und eine <strong>verminderte Abwehrkraft<\/strong> sind Beispiele f\u00fcr diese Auswirkungen.<\/p>\n<p><strong>Baldrian<\/strong>, <strong>Rhodiola<\/strong> und <strong>Kamille<\/strong> sind Kr\u00e4uter, die schon seit Jahren als <strong>nat\u00fcrliche Beruhigungsmittel<\/strong> bekannt sind. Bis zum Zweiten Weltkrieg wurde zum Beispiel das Kraut Baldrian von der pharmazeutischen Industrie als nat\u00fcrliches Beruhigungsmittel bei <strong>Schlafproblemen<\/strong>, innerer Unruhe und <strong>Gef\u00fchlen<\/strong> von <strong>Traurigkeit<\/strong>, <strong>Panikt<\/strong> und <strong>Angst<\/strong> verschrieben.<\/p>\n<div id=\"div_block-494-9508\" class=\"ct-div-block div-text-details\">\n<div id=\"text_block-495-9508\" class=\"ct-text-block details-text\"><\/div>\n<\/div>\n<p>[\/vc_column_text][\/vc_column][vc_column width=&#8221;2\/5&#8243;][vc_single_image image=&#8221;889&#8243; img_size=&#8221;large&#8221;][\/vc_column][\/vc_row]<\/p>\n<\/div>","protected":false},"excerpt":{"rendered":"<p>Die Relax Vitamins bestehen aus sorgf\u00e4ltig ausgew\u00e4hlten <strong>Kr\u00e4uterextrakten<\/strong> der oben genannten Kr\u00e4uter und weiteren. Die Kr\u00e4uterextrakte enthalten alle wirksamen Teile der Pflanzen und k\u00f6nnen einfach zu jeder Mahlzeit eingenommen werden. Relax Vitamins ist eine Kombination aus sorgf\u00e4ltig ausgew\u00e4hlten Kr\u00e4uterextrakten. <strong>Baldrian<\/strong> hat eine allgemein <strong>beruhigende<\/strong> Wirkung und ist hilfreich in Zeiten von <strong>Stress<\/strong>. Baldrian hat zudem eine g\u00fcnstige Wirkung auf den <strong>Schlaf<\/strong> und die <strong>mentale Balance<\/strong><\/p>\n","protected":false},"featured_media":10349,"comment_status":"open","ping_status":"closed","template":"","meta":{"_acf_changed":false,"_joinchat":[]},"product_brand":[],"product_cat":[250],"product_tag":[246,253,244,245],"class_list":{"0":"post-14068","1":"product","2":"type-product","3":"status-publish","4":"has-post-thumbnail","6":"product_cat-gluckliche-vitamine","7":"product_tag-beruhigend","8":"product_tag-beruhigend-de","9":"product_tag-schlaf","10":"product_tag-stress-de","11":"product_shipping_class-postnl-paket","12":"pa_categorie-lebensstil","13":"pa_grondstof-vitamine","14":"pa_inhoud-90-kappen","15":"pa_inname-kapseln","17":"first","18":"instock","19":"shipping-taxable","20":"purchasable","21":"product-type-simple"},"acf":[],"yoast_head":"<!-- This site is optimized with the Yoast SEO plugin v27.1.1 - https:\/\/yoast.com\/product\/yoast-seo-wordpress\/ -->\n<title>Relax Vitamines | Natuurlijke rustgevers | Happy CBD<\/title>\n<meta name=\"description\" content=\"Relax Vitamines bevat de natuurlijke rustgevers zoals valeriaan, rhodiola en k amille. \u2713100% natuurlijk \u2713100% vegan \u2713Snelle levering.\" \/>\n<meta name=\"robots\" content=\"index, follow, max-snippet:-1, max-image-preview:large, max-video-preview:-1\" \/>\n<link rel=\"canonical\" href=\"https:\/\/happy-cbd.com\/de\/gluckliche-vitamine\/entspannungsvitamine\/\" \/>\n<meta property=\"og:locale\" content=\"de_DE\" \/>\n<meta property=\"og:type\" content=\"article\" \/>\n<meta property=\"og:title\" content=\"Relax Vitamines | Natuurlijke rustgevers | Happy CBD\" \/>\n<meta property=\"og:description\" content=\"Relax Vitamines bevat de natuurlijke rustgevers zoals valeriaan, rhodiola en k amille. \u2713100% natuurlijk \u2713100% vegan \u2713Snelle levering.\" \/>\n<meta property=\"og:url\" content=\"https:\/\/happy-cbd.com\/de\/gluckliche-vitamine\/entspannungsvitamine\/\" \/>\n<meta property=\"og:site_name\" content=\"Happy CBD\" \/>\n<meta property=\"article:modified_time\" content=\"2025-02-10T11:09:11+00:00\" \/>\n<meta property=\"og:image\" content=\"https:\/\/happy-cbd.com\/wp-content\/uploads\/2021\/02\/relax-vitamins.png\" \/>\n\t<meta property=\"og:image:width\" content=\"2000\" \/>\n\t<meta property=\"og:image:height\" content=\"2000\" \/>\n\t<meta property=\"og:image:type\" content=\"image\/png\" \/>\n<meta name=\"twitter:card\" content=\"summary_large_image\" \/>\n<meta name=\"twitter:label1\" content=\"Gesch\u00e4tzte Lesezeit\" \/>\n\t<meta name=\"twitter:data1\" content=\"1\u00a0Minute\" \/>\n<script type=\"application\/ld+json\" class=\"yoast-schema-graph\">{\"@context\":\"https:\/\/schema.org\",\"@graph\":[{\"@type\":\"WebPage\",\"@id\":\"https:\/\/happy-cbd.com\/de\/gluckliche-vitamine\/entspannungsvitamine\/\",\"url\":\"https:\/\/happy-cbd.com\/de\/gluckliche-vitamine\/entspannungsvitamine\/\",\"name\":\"Relax Vitamines | Natuurlijke rustgevers | Happy CBD\",\"isPartOf\":{\"@id\":\"https:\/\/happy-cbd.com\/de\/#website\"},\"primaryImageOfPage\":{\"@id\":\"https:\/\/happy-cbd.com\/de\/gluckliche-vitamine\/entspannungsvitamine\/#primaryimage\"},\"image\":{\"@id\":\"https:\/\/happy-cbd.com\/de\/gluckliche-vitamine\/entspannungsvitamine\/#primaryimage\"},\"thumbnailUrl\":\"https:\/\/happy-cbd.com\/wp-content\/uploads\/2021\/02\/relax-vitamins.png\",\"datePublished\":\"2021-02-04T08:42:34+00:00\",\"dateModified\":\"2025-02-10T11:09:11+00:00\",\"description\":\"Relax Vitamines bevat de natuurlijke rustgevers zoals valeriaan, rhodiola en k amille. \u2713100% natuurlijk \u2713100% vegan \u2713Snelle levering.\",\"breadcrumb\":{\"@id\":\"https:\/\/happy-cbd.com\/de\/gluckliche-vitamine\/entspannungsvitamine\/#breadcrumb\"},\"inLanguage\":\"de\",\"potentialAction\":[{\"@type\":\"ReadAction\",\"target\":[\"https:\/\/happy-cbd.com\/de\/gluckliche-vitamine\/entspannungsvitamine\/\"]}]},{\"@type\":\"ImageObject\",\"inLanguage\":\"de\",\"@id\":\"https:\/\/happy-cbd.com\/de\/gluckliche-vitamine\/entspannungsvitamine\/#primaryimage\",\"url\":\"https:\/\/happy-cbd.com\/wp-content\/uploads\/2021\/02\/relax-vitamins.png\",\"contentUrl\":\"https:\/\/happy-cbd.com\/wp-content\/uploads\/2021\/02\/relax-vitamins.png\",\"width\":2000,\"height\":2000},{\"@type\":\"BreadcrumbList\",\"@id\":\"https:\/\/happy-cbd.com\/de\/gluckliche-vitamine\/entspannungsvitamine\/#breadcrumb\",\"itemListElement\":[{\"@type\":\"ListItem\",\"position\":1,\"name\":\"Shop\",\"item\":\"https:\/\/happy-cbd.com\/de\/shop\/\"},{\"@type\":\"ListItem\",\"position\":2,\"name\":\"Vitamine | Entspannungsvitamine\"}]},{\"@type\":\"WebSite\",\"@id\":\"https:\/\/happy-cbd.com\/de\/#website\",\"url\":\"https:\/\/happy-cbd.com\/de\/\",\"name\":\"Happy CBD\",\"description\":\"\",\"potentialAction\":[{\"@type\":\"SearchAction\",\"target\":{\"@type\":\"EntryPoint\",\"urlTemplate\":\"https:\/\/happy-cbd.com\/de\/?s={search_term_string}\"},\"query-input\":{\"@type\":\"PropertyValueSpecification\",\"valueRequired\":true,\"valueName\":\"search_term_string\"}}],\"inLanguage\":\"de\"}]}<\/script>\n<!-- \/ Yoast SEO plugin. -->","yoast_head_json":{"title":"Relax Vitamines | Natuurlijke rustgevers | Happy CBD","description":"Relax Vitamines bevat de natuurlijke rustgevers zoals valeriaan, rhodiola en k amille. \u2713100% natuurlijk \u2713100% vegan \u2713Snelle levering.","robots":{"index":"index","follow":"follow","max-snippet":"max-snippet:-1","max-image-preview":"max-image-preview:large","max-video-preview":"max-video-preview:-1"},"canonical":"https:\/\/happy-cbd.com\/de\/gluckliche-vitamine\/entspannungsvitamine\/","og_locale":"de_DE","og_type":"article","og_title":"Relax Vitamines | Natuurlijke rustgevers | Happy CBD","og_description":"Relax Vitamines bevat de natuurlijke rustgevers zoals valeriaan, rhodiola en k amille. \u2713100% natuurlijk \u2713100% vegan \u2713Snelle levering.","og_url":"https:\/\/happy-cbd.com\/de\/gluckliche-vitamine\/entspannungsvitamine\/","og_site_name":"Happy CBD","article_modified_time":"2025-02-10T11:09:11+00:00","og_image":[{"width":2000,"height":2000,"url":"https:\/\/happy-cbd.com\/wp-content\/uploads\/2021\/02\/relax-vitamins.png","type":"image\/png"}],"twitter_card":"summary_large_image","twitter_misc":{"Gesch\u00e4tzte Lesezeit":"1\u00a0Minute"},"schema":{"@context":"https:\/\/schema.org","@graph":[{"@type":"WebPage","@id":"https:\/\/happy-cbd.com\/de\/gluckliche-vitamine\/entspannungsvitamine\/","url":"https:\/\/happy-cbd.com\/de\/gluckliche-vitamine\/entspannungsvitamine\/","name":"Relax Vitamines | Natuurlijke rustgevers | Happy CBD","isPartOf":{"@id":"https:\/\/happy-cbd.com\/de\/#website"},"primaryImageOfPage":{"@id":"https:\/\/happy-cbd.com\/de\/gluckliche-vitamine\/entspannungsvitamine\/#primaryimage"},"image":{"@id":"https:\/\/happy-cbd.com\/de\/gluckliche-vitamine\/entspannungsvitamine\/#primaryimage"},"thumbnailUrl":"https:\/\/happy-cbd.com\/wp-content\/uploads\/2021\/02\/relax-vitamins.png","datePublished":"2021-02-04T08:42:34+00:00","dateModified":"2025-02-10T11:09:11+00:00","description":"Relax Vitamines bevat de natuurlijke rustgevers zoals valeriaan, rhodiola en k amille. \u2713100% natuurlijk \u2713100% vegan \u2713Snelle levering.","breadcrumb":{"@id":"https:\/\/happy-cbd.com\/de\/gluckliche-vitamine\/entspannungsvitamine\/#breadcrumb"},"inLanguage":"de","potentialAction":[{"@type":"ReadAction","target":["https:\/\/happy-cbd.com\/de\/gluckliche-vitamine\/entspannungsvitamine\/"]}]},{"@type":"ImageObject","inLanguage":"de","@id":"https:\/\/happy-cbd.com\/de\/gluckliche-vitamine\/entspannungsvitamine\/#primaryimage","url":"https:\/\/happy-cbd.com\/wp-content\/uploads\/2021\/02\/relax-vitamins.png","contentUrl":"https:\/\/happy-cbd.com\/wp-content\/uploads\/2021\/02\/relax-vitamins.png","width":2000,"height":2000},{"@type":"BreadcrumbList","@id":"https:\/\/happy-cbd.com\/de\/gluckliche-vitamine\/entspannungsvitamine\/#breadcrumb","itemListElement":[{"@type":"ListItem","position":1,"name":"Shop","item":"https:\/\/happy-cbd.com\/de\/shop\/"},{"@type":"ListItem","position":2,"name":"Vitamine | Entspannungsvitamine"}]},{"@type":"WebSite","@id":"https:\/\/happy-cbd.com\/de\/#website","url":"https:\/\/happy-cbd.com\/de\/","name":"Happy CBD","description":"","potentialAction":[{"@type":"SearchAction","target":{"@type":"EntryPoint","urlTemplate":"https:\/\/happy-cbd.com\/de\/?s={search_term_string}"},"query-input":{"@type":"PropertyValueSpecification","valueRequired":true,"valueName":"search_term_string"}}],"inLanguage":"de"}]}},"_links":{"self":[{"href":"https:\/\/happy-cbd.com\/de\/wp-json\/wp\/v2\/product\/14068","targetHints":{"allow":["GET"]}}],"collection":[{"href":"https:\/\/happy-cbd.com\/de\/wp-json\/wp\/v2\/product"}],"about":[{"href":"https:\/\/happy-cbd.com\/de\/wp-json\/wp\/v2\/types\/product"}],"replies":[{"embeddable":true,"href":"https:\/\/happy-cbd.com\/de\/wp-json\/wp\/v2\/comments?post=14068"}],"wp:featuredmedia":[{"embeddable":true,"href":"https:\/\/happy-cbd.com\/de\/wp-json\/wp\/v2\/media\/10349"}],"wp:attachment":[{"href":"https:\/\/happy-cbd.com\/de\/wp-json\/wp\/v2\/media?parent=14068"}],"wp:term":[{"taxonomy":"product_brand","embeddable":true,"href":"https:\/\/happy-cbd.com\/de\/wp-json\/wp\/v2\/product_brand?post=14068"},{"taxonomy":"product_cat","embeddable":true,"href":"https:\/\/happy-cbd.com\/de\/wp-json\/wp\/v2\/product_cat?post=14068"},{"taxonomy":"product_tag","embeddable":true,"href":"https:\/\/happy-cbd.com\/de\/wp-json\/wp\/v2\/product_tag?post=14068"}],"curies":[{"name":"wp","href":"https:\/\/api.w.org\/{rel}","templated":true}]}}