{"id":14065,"date":"2021-02-17T23:10:19","date_gmt":"2021-02-17T22:10:19","guid":{"rendered":"https:\/\/happy-cbd.com\/unkategorisiert\/face-serum\/"},"modified":"2025-02-10T12:09:47","modified_gmt":"2025-02-10T11:09:47","slug":"cbd-serum-fabelhaftes-gesicht","status":"publish","type":"product","link":"https:\/\/happy-cbd.com\/de\/cbd-hautprodukte\/cbd-serum-fabelhaftes-gesicht\/","title":{"rendered":"CBD-Serum | Fabelhaftes Gesicht"},"content":{"rendered":"<div class=\"wpb-content-wrapper\"><p>[vc_row read_more=&#8221;ja&#8221;][vc_column][vc_column_text]<\/p>\n<h2><span style=\"color: #93ac94;\">Beschreibung<\/span><\/h2>\n<p>[\/vc_column_text][vc_row_inner][vc_column_inner width=&#8221;3\/5&#8243;][vc_column_text el_class=&#8221;read-more-btn&#8221;]Das Fabulous Face-Serum von Happy CBD enth\u00e4lt Hautpflege-Klassiker wie <a href=\"https:\/\/happy-cbd.com\/vitamine-e\/\">Vitamin E<\/a>, <a href=\"https:\/\/happy-cbd.com\/niacinamide\/\">Niacinamid<\/a> (Vitamin B3), <a href=\"https:\/\/happy-cbd.com\/hyaluronzuur\/\">Hyalurons\u00e4ure<\/a>, <a href=\"https:\/\/happy-cbd.com\/zoete-amandelolie\/\">Mandel\u00f6l<\/a> und <a href=\"https:\/\/happy-cbd.com\/jojoba-olie\/\">Jojoba\u00f6l<\/a>, \u00fcberrascht aber auch mit einer einzigartigen Cocktail-Mischung weniger bekannter Hautverbesserer wie <a href=\"https:\/\/happy-cbd.com\/prebiulin-aga\/\">preBIULIN AGA<\/a>, <a href=\"https:\/\/happy-cbd.com\/easyliance-gosulin-agave\/\">Easyliance<\/a>, Gosulin Agave und nat\u00fcrlich <a href=\"\/de\/cannabinoiden\/cbd-cannabidiol\/\">Cannabis\u00f6l<\/a>.<\/p>\n<p>&nbsp;<\/p>\n<p>Alle Zutaten sind 100 % nat\u00fcrlich und sorgf\u00e4ltig ausgew\u00e4hlt, damit sie sich gegenseitig erg\u00e4nzen und ihre Wirkung verst\u00e4rken. Was wirst du davon merken?<\/p>\n<ul>\n<li>Deutlich verbesserte Hautbarriere<\/li>\n<li>Optimal hydratisiertes Gesicht<\/li>\n<li>Reduktion von Falten und Alterszeichen<\/li>\n<li>Ein geschmeidiges, aber straffes Hautgef\u00fchl<\/li>\n<li>Antioxidative Wirkung und entz\u00fcndungshemmend<\/li>\n<li>Verminderung von Hautproblemen (Akne, Dermatitis, Irritationen, Ekzemen usw.)<\/li>\n<\/ul>\n<p>&nbsp;<\/p>\n<p>Fabulous Face wird direkt auf die Gesichtshaut aufgetragen, sodass du in k\u00fcrzester Zeit Ergebnisse siehst. [\/vc_column_text][\/vc_column_inner][vc_column_inner width=&#8221;2\/5&#8243;][vc_single_image image=&#8221;9965&#8243; img_size=&#8221;large&#8221;][\/vc_column_inner][\/vc_row_inner][\/vc_column][\/vc_row]<\/p>\n<\/div>","protected":false},"excerpt":{"rendered":"<p>Ein wirksames Anti-Age-Gesichtsserum zur st\u00e4rkenden Pflege f\u00fcr die Haut 30+. Angereichert mit dem neuen HyActive, das in die tieferen Schichten der Haut eindringt. Dieses Anti-Age-Gesichtsserum ist reich an Peptiden, essentiellen Lipiden und Hyalurons\u00e4ure und verleiht der Haut Festigkeit. Der Zusatz von CBD verbessert die Aufnahme der nat\u00fcrlichen Inhaltsstoffe. Die Haut f\u00fchlt sich gestrafft an, was sie noch widerstandsf\u00e4higer gegen Erschlaffung und Hautalterung macht.<\/p>\n<p>&nbsp;<\/p>\n","protected":false},"featured_media":9359,"comment_status":"open","ping_status":"closed","template":"","meta":{"_acf_changed":false,"_joinchat":[]},"product_brand":[],"product_cat":[267],"product_tag":[241,290,284,289],"class_list":{"0":"post-14065","1":"product","2":"type-product","3":"status-publish","4":"has-post-thumbnail","6":"product_cat-cbd-hautprodukte","7":"product_tag-entzundungshemmend","8":"product_tag-erweicht-und-glaettet","9":"product_tag-schutzmassnahmen","10":"product_tag-verstaerkte","11":"product_shipping_class-postnl-paket","12":"pa_categorie-schoenheit","13":"pa_grondstof-cbd-de","14":"pa_grondstof-mineralien","15":"pa_grondstof-vitamine","16":"pa_inhoud-30ml-de","17":"pa_inname-auf-der-haut-creme","19":"first","20":"outofstock","21":"sale","22":"shipping-taxable","23":"purchasable","24":"product-type-simple"},"acf":[],"yoast_head":"<!-- This site is optimized with the Yoast SEO plugin v27.1.1 - https:\/\/yoast.com\/product\/yoast-seo-wordpress\/ -->\n<title>CBD-Serum | Fabelhaftes Gesicht | Happy CBD<\/title>\n<meta name=\"robots\" content=\"index, follow, max-snippet:-1, max-image-preview:large, max-video-preview:-1\" \/>\n<link rel=\"canonical\" href=\"https:\/\/happy-cbd.com\/de\/cbd-hautprodukte\/cbd-serum-fabelhaftes-gesicht\/\" \/>\n<meta property=\"og:locale\" content=\"de_DE\" \/>\n<meta property=\"og:type\" content=\"article\" \/>\n<meta property=\"og:title\" content=\"CBD-Serum | Fabelhaftes Gesicht | Happy CBD\" \/>\n<meta property=\"og:description\" content=\"Ein wirksames Anti-Age-Gesichtsserum zur st\u00e4rkenden Pflege f\u00fcr die Haut 30+. Angereichert mit dem neuen HyActive, das in die tieferen Schichten der Haut eindringt. Dieses Anti-Age-Gesichtsserum ist reich an Peptiden, essentiellen Lipiden und Hyalurons\u00e4ure und verleiht der Haut Festigkeit. Der Zusatz von CBD verbessert die Aufnahme der nat\u00fcrlichen Inhaltsstoffe. Die Haut f\u00fchlt sich gestrafft an, was sie noch widerstandsf\u00e4higer gegen Erschlaffung und Hautalterung macht.  &nbsp;\" \/>\n<meta property=\"og:url\" content=\"https:\/\/happy-cbd.com\/de\/cbd-hautprodukte\/cbd-serum-fabelhaftes-gesicht\/\" \/>\n<meta property=\"og:site_name\" content=\"Happy CBD\" \/>\n<meta property=\"article:modified_time\" content=\"2025-02-10T11:09:47+00:00\" \/>\n<meta property=\"og:image\" content=\"https:\/\/happy-cbd.com\/wp-content\/uploads\/2023\/12\/27.png\" \/>\n\t<meta property=\"og:image:width\" content=\"1333\" \/>\n\t<meta property=\"og:image:height\" content=\"1333\" \/>\n\t<meta property=\"og:image:type\" content=\"image\/png\" \/>\n<meta name=\"twitter:card\" content=\"summary_large_image\" \/>\n<meta name=\"twitter:label1\" content=\"Gesch\u00e4tzte Lesezeit\" \/>\n\t<meta name=\"twitter:data1\" content=\"1\u00a0Minute\" \/>\n<script type=\"application\/ld+json\" class=\"yoast-schema-graph\">{\"@context\":\"https:\/\/schema.org\",\"@graph\":[{\"@type\":\"WebPage\",\"@id\":\"https:\/\/happy-cbd.com\/de\/cbd-hautprodukte\/cbd-serum-fabelhaftes-gesicht\/\",\"url\":\"https:\/\/happy-cbd.com\/de\/cbd-hautprodukte\/cbd-serum-fabelhaftes-gesicht\/\",\"name\":\"CBD-Serum | Fabelhaftes Gesicht | Happy CBD\",\"isPartOf\":{\"@id\":\"https:\/\/happy-cbd.com\/de\/#website\"},\"primaryImageOfPage\":{\"@id\":\"https:\/\/happy-cbd.com\/de\/cbd-hautprodukte\/cbd-serum-fabelhaftes-gesicht\/#primaryimage\"},\"image\":{\"@id\":\"https:\/\/happy-cbd.com\/de\/cbd-hautprodukte\/cbd-serum-fabelhaftes-gesicht\/#primaryimage\"},\"thumbnailUrl\":\"https:\/\/happy-cbd.com\/wp-content\/uploads\/2023\/12\/27.png\",\"datePublished\":\"2021-02-17T22:10:19+00:00\",\"dateModified\":\"2025-02-10T11:09:47+00:00\",\"breadcrumb\":{\"@id\":\"https:\/\/happy-cbd.com\/de\/cbd-hautprodukte\/cbd-serum-fabelhaftes-gesicht\/#breadcrumb\"},\"inLanguage\":\"de\",\"potentialAction\":[{\"@type\":\"ReadAction\",\"target\":[\"https:\/\/happy-cbd.com\/de\/cbd-hautprodukte\/cbd-serum-fabelhaftes-gesicht\/\"]}]},{\"@type\":\"ImageObject\",\"inLanguage\":\"de\",\"@id\":\"https:\/\/happy-cbd.com\/de\/cbd-hautprodukte\/cbd-serum-fabelhaftes-gesicht\/#primaryimage\",\"url\":\"https:\/\/happy-cbd.com\/wp-content\/uploads\/2023\/12\/27.png\",\"contentUrl\":\"https:\/\/happy-cbd.com\/wp-content\/uploads\/2023\/12\/27.png\",\"width\":1333,\"height\":1333},{\"@type\":\"BreadcrumbList\",\"@id\":\"https:\/\/happy-cbd.com\/de\/cbd-hautprodukte\/cbd-serum-fabelhaftes-gesicht\/#breadcrumb\",\"itemListElement\":[{\"@type\":\"ListItem\",\"position\":1,\"name\":\"Shop\",\"item\":\"https:\/\/happy-cbd.com\/de\/shop\/\"},{\"@type\":\"ListItem\",\"position\":2,\"name\":\"CBD-Serum | Fabelhaftes Gesicht\"}]},{\"@type\":\"WebSite\",\"@id\":\"https:\/\/happy-cbd.com\/de\/#website\",\"url\":\"https:\/\/happy-cbd.com\/de\/\",\"name\":\"Happy CBD\",\"description\":\"\",\"potentialAction\":[{\"@type\":\"SearchAction\",\"target\":{\"@type\":\"EntryPoint\",\"urlTemplate\":\"https:\/\/happy-cbd.com\/de\/?s={search_term_string}\"},\"query-input\":{\"@type\":\"PropertyValueSpecification\",\"valueRequired\":true,\"valueName\":\"search_term_string\"}}],\"inLanguage\":\"de\"}]}<\/script>\n<!-- \/ Yoast SEO plugin. -->","yoast_head_json":{"title":"CBD-Serum | Fabelhaftes Gesicht | Happy CBD","robots":{"index":"index","follow":"follow","max-snippet":"max-snippet:-1","max-image-preview":"max-image-preview:large","max-video-preview":"max-video-preview:-1"},"canonical":"https:\/\/happy-cbd.com\/de\/cbd-hautprodukte\/cbd-serum-fabelhaftes-gesicht\/","og_locale":"de_DE","og_type":"article","og_title":"CBD-Serum | Fabelhaftes Gesicht | Happy CBD","og_description":"Ein wirksames Anti-Age-Gesichtsserum zur st\u00e4rkenden Pflege f\u00fcr die Haut 30+. Angereichert mit dem neuen HyActive, das in die tieferen Schichten der Haut eindringt. Dieses Anti-Age-Gesichtsserum ist reich an Peptiden, essentiellen Lipiden und Hyalurons\u00e4ure und verleiht der Haut Festigkeit. Der Zusatz von CBD verbessert die Aufnahme der nat\u00fcrlichen Inhaltsstoffe. Die Haut f\u00fchlt sich gestrafft an, was sie noch widerstandsf\u00e4higer gegen Erschlaffung und Hautalterung macht.  &nbsp;","og_url":"https:\/\/happy-cbd.com\/de\/cbd-hautprodukte\/cbd-serum-fabelhaftes-gesicht\/","og_site_name":"Happy CBD","article_modified_time":"2025-02-10T11:09:47+00:00","og_image":[{"width":1333,"height":1333,"url":"https:\/\/happy-cbd.com\/wp-content\/uploads\/2023\/12\/27.png","type":"image\/png"}],"twitter_card":"summary_large_image","twitter_misc":{"Gesch\u00e4tzte Lesezeit":"1\u00a0Minute"},"schema":{"@context":"https:\/\/schema.org","@graph":[{"@type":"WebPage","@id":"https:\/\/happy-cbd.com\/de\/cbd-hautprodukte\/cbd-serum-fabelhaftes-gesicht\/","url":"https:\/\/happy-cbd.com\/de\/cbd-hautprodukte\/cbd-serum-fabelhaftes-gesicht\/","name":"CBD-Serum | Fabelhaftes Gesicht | Happy CBD","isPartOf":{"@id":"https:\/\/happy-cbd.com\/de\/#website"},"primaryImageOfPage":{"@id":"https:\/\/happy-cbd.com\/de\/cbd-hautprodukte\/cbd-serum-fabelhaftes-gesicht\/#primaryimage"},"image":{"@id":"https:\/\/happy-cbd.com\/de\/cbd-hautprodukte\/cbd-serum-fabelhaftes-gesicht\/#primaryimage"},"thumbnailUrl":"https:\/\/happy-cbd.com\/wp-content\/uploads\/2023\/12\/27.png","datePublished":"2021-02-17T22:10:19+00:00","dateModified":"2025-02-10T11:09:47+00:00","breadcrumb":{"@id":"https:\/\/happy-cbd.com\/de\/cbd-hautprodukte\/cbd-serum-fabelhaftes-gesicht\/#breadcrumb"},"inLanguage":"de","potentialAction":[{"@type":"ReadAction","target":["https:\/\/happy-cbd.com\/de\/cbd-hautprodukte\/cbd-serum-fabelhaftes-gesicht\/"]}]},{"@type":"ImageObject","inLanguage":"de","@id":"https:\/\/happy-cbd.com\/de\/cbd-hautprodukte\/cbd-serum-fabelhaftes-gesicht\/#primaryimage","url":"https:\/\/happy-cbd.com\/wp-content\/uploads\/2023\/12\/27.png","contentUrl":"https:\/\/happy-cbd.com\/wp-content\/uploads\/2023\/12\/27.png","width":1333,"height":1333},{"@type":"BreadcrumbList","@id":"https:\/\/happy-cbd.com\/de\/cbd-hautprodukte\/cbd-serum-fabelhaftes-gesicht\/#breadcrumb","itemListElement":[{"@type":"ListItem","position":1,"name":"Shop","item":"https:\/\/happy-cbd.com\/de\/shop\/"},{"@type":"ListItem","position":2,"name":"CBD-Serum | Fabelhaftes Gesicht"}]},{"@type":"WebSite","@id":"https:\/\/happy-cbd.com\/de\/#website","url":"https:\/\/happy-cbd.com\/de\/","name":"Happy CBD","description":"","potentialAction":[{"@type":"SearchAction","target":{"@type":"EntryPoint","urlTemplate":"https:\/\/happy-cbd.com\/de\/?s={search_term_string}"},"query-input":{"@type":"PropertyValueSpecification","valueRequired":true,"valueName":"search_term_string"}}],"inLanguage":"de"}]}},"_links":{"self":[{"href":"https:\/\/happy-cbd.com\/de\/wp-json\/wp\/v2\/product\/14065","targetHints":{"allow":["GET"]}}],"collection":[{"href":"https:\/\/happy-cbd.com\/de\/wp-json\/wp\/v2\/product"}],"about":[{"href":"https:\/\/happy-cbd.com\/de\/wp-json\/wp\/v2\/types\/product"}],"replies":[{"embeddable":true,"href":"https:\/\/happy-cbd.com\/de\/wp-json\/wp\/v2\/comments?post=14065"}],"wp:featuredmedia":[{"embeddable":true,"href":"https:\/\/happy-cbd.com\/de\/wp-json\/wp\/v2\/media\/9359"}],"wp:attachment":[{"href":"https:\/\/happy-cbd.com\/de\/wp-json\/wp\/v2\/media?parent=14065"}],"wp:term":[{"taxonomy":"product_brand","embeddable":true,"href":"https:\/\/happy-cbd.com\/de\/wp-json\/wp\/v2\/product_brand?post=14065"},{"taxonomy":"product_cat","embeddable":true,"href":"https:\/\/happy-cbd.com\/de\/wp-json\/wp\/v2\/product_cat?post=14065"},{"taxonomy":"product_tag","embeddable":true,"href":"https:\/\/happy-cbd.com\/de\/wp-json\/wp\/v2\/product_tag?post=14065"}],"curies":[{"name":"wp","href":"https:\/\/api.w.org\/{rel}","templated":true}]}}