{"id":14023,"date":"2021-10-18T12:28:48","date_gmt":"2021-10-18T10:28:48","guid":{"rendered":"https:\/\/happy-cbd.com\/unkategorisiert\/wateroplosbaar\/"},"modified":"2025-02-10T12:09:29","modified_gmt":"2025-02-10T11:09:29","slug":"wasserloesliches-cbd-oel","status":"publish","type":"product","link":"https:\/\/happy-cbd.com\/de\/cbd-ol\/wasserloesliches-cbd-oel\/","title":{"rendered":"Wasserl\u00f6sliches CBD-\u00d6l"},"content":{"rendered":"<div class=\"wpb-content-wrapper\"><p>[vc_row read_more=&#8221;ja&#8221;][vc_column][vc_column_text]<\/p>\n<h2><span style=\"color: #93ac94;\">Beschreibung<\/span><\/h2>\n<p>[\/vc_column_text][vc_row_inner][vc_column_inner width=&#8221;3\/5&#8243;][vc_column_text el_class=&#8221;read-more-btn&#8221;]Rapid Recovery ist ein 100 % nat\u00fcrlicher CBD-Cocktail, der dich bei allen sportlichen Aktivit\u00e4ten unterst\u00fctzt. Dies ist nicht einfach nur ein CBD-Produkt: Rapid Recovery enth\u00e4lt alle wertvollen Bestandteile eines Full-Spectrum-<a href=\"\/de\/cannabinoiden\/cbd-cannabidiol\/\">CBD-\u00d6ls<\/a> und ist zudem wasserl\u00f6slich.<\/p>\n<p>Sport ist mehr als nur Talent und Einsatz; ausreichend Ruhe und Schlaf f\u00f6rdern die sportliche Leistung und die Muskelregeneration. CBD (Cannabidiol) hilft dir, Unruhe, Stress und Muskelkater zu reduzieren, die durch intensives Training entstehen k\u00f6nnen. So sorgst du f\u00fcr eine optimale Erholung nach dem Sport und maximale Leistung bei deinen n\u00e4chsten Trainingseinheiten.<\/p>\n<p>&nbsp;<\/p>\n<h3><strong>Wasserl\u00f6sliches CBD<\/strong><\/h3>\n<p>F\u00fcr unser Rapid Recovery haben wir uns f\u00fcr CBD auf Wasserbasis entschieden. Wasserl\u00f6sliches CBD bietet einige wichtige Vorteile:<\/p>\n<ul>\n<li>Leicht und schnell vom K\u00f6rper aufgenommen durch erh\u00f6hte Bioverf\u00fcgbarkeit<\/li>\n<li>Einfach zu mischen mit Wasser, Tee oder anderen (Sport-)Getr\u00e4nken<\/li>\n<\/ul>\n<p>Diese einzigartige, wasserl\u00f6sliche Form von CBD wird \u00fcber die Mundschleimhaut noch einfacher vom K\u00f6rper aufgenommen als CBD auf \u00d6lbasis. Die CBD-Molek\u00fcle im Wasser sind kleiner, sodass sie sowohl im Mund als auch im Verdauungssystem aufgenommen werden k\u00f6nnen. Dadurch gehen bei wasserbasiertem CBD weniger Cannabinoide im Verdauungsprozess verloren.[\/vc_column_text][\/vc_column_inner][vc_column_inner width=&#8221;2\/5&#8243;][vc_single_image image=&#8221;10034&#8243; img_size=&#8221;large&#8221;][\/vc_column_inner][\/vc_row_inner][\/vc_column][\/vc_row]<\/p>\n<\/div>","protected":false},"excerpt":{"rendered":"<p>Rapid Recovery ist ein 100 % nat\u00fcrlicher CBD-Cocktail, der dich bei allen sportlichen Aktivit\u00e4ten unterst\u00fctzt. Dies ist nicht einfach nur ein CBD-Produkt: Rapid Recovery enth\u00e4lt alle wertvollen Bestandteile eines Full-Spectrum-<a href=\"\/de\/cannabinoiden\/cbd-cannabidiol\/\">CBD-\u00d6ls<\/a> und ist wasserl\u00f6slich.<\/p>\n<p>Geeignet f\u00fcr jeden Sportler<\/p>\n<p>Beinhaltet 10 % Full-Spectrum CBD-\u00d6l in einer 10ml Flasche.<\/p>\n<p>Eine Flasche reicht f\u00fcr 200-250 Tropfen.<\/p>\n","protected":false},"featured_media":9446,"comment_status":"open","ping_status":"closed","template":"","meta":{"_acf_changed":false,"_joinchat":[]},"product_brand":[],"product_cat":[238,271],"product_tag":[242,253,246,241,259,244,245,291],"class_list":{"0":"post-14023","1":"product","2":"type-product","3":"status-publish","4":"has-post-thumbnail","6":"product_cat-cbd-ol","7":"product_cat-unkrautoel","8":"product_tag-analgetikum","9":"product_tag-beruhigend-de","10":"product_tag-beruhigend","11":"product_tag-entzundungshemmend","12":"product_tag-panikattacken","13":"product_tag-schlaf","14":"product_tag-stress-de","15":"product_tag-wasserloeslich","16":"product_shipping_class-postnl-briefkasten","17":"pa_categorie-sport-de","18":"pa_grondstof-cbd-de","19":"pa_inhoud-10ml-de","20":"pa_inname-trinken-sie","21":"pa_inname-troepfeln-cbd-oel","23":"first","24":"outofstock","25":"shipping-taxable","26":"purchasable","27":"product-type-simple"},"acf":[],"yoast_head":"<!-- This site is optimized with the Yoast SEO plugin v27.1.1 - https:\/\/yoast.com\/product\/yoast-seo-wordpress\/ -->\n<title>Wasserl\u00f6sliches CBD-\u00d6l | Happy CBD<\/title>\n<meta name=\"robots\" content=\"index, follow, max-snippet:-1, max-image-preview:large, max-video-preview:-1\" \/>\n<link rel=\"canonical\" href=\"https:\/\/happy-cbd.com\/de\/cbd-ol\/wasserloesliches-cbd-oel\/\" \/>\n<meta property=\"og:locale\" content=\"de_DE\" \/>\n<meta property=\"og:type\" content=\"article\" \/>\n<meta property=\"og:title\" content=\"Wasserl\u00f6sliches CBD-\u00d6l | Happy CBD\" \/>\n<meta property=\"og:description\" content=\"Rapid Recovery ist ein 100 % nat\u00fcrlicher CBD-Cocktail, der dich bei allen sportlichen Aktivit\u00e4ten unterst\u00fctzt. Dies ist nicht einfach nur ein CBD-Produkt: Rapid Recovery enth\u00e4lt alle wertvollen Bestandteile eines Full-Spectrum-CBD-\u00d6ls und ist wasserl\u00f6slich.  Geeignet f\u00fcr jeden Sportler  Beinhaltet 10 % Full-Spectrum CBD-\u00d6l in einer 10ml Flasche.  Eine Flasche reicht f\u00fcr 200-250 Tropfen.\" \/>\n<meta property=\"og:url\" content=\"https:\/\/happy-cbd.com\/de\/cbd-ol\/wasserloesliches-cbd-oel\/\" \/>\n<meta property=\"og:site_name\" content=\"Happy CBD\" \/>\n<meta property=\"article:modified_time\" content=\"2025-02-10T11:09:29+00:00\" \/>\n<meta property=\"og:image\" content=\"https:\/\/happy-cbd.com\/wp-content\/uploads\/2023\/12\/13.png\" \/>\n\t<meta property=\"og:image:width\" content=\"1331\" \/>\n\t<meta property=\"og:image:height\" content=\"1331\" \/>\n\t<meta property=\"og:image:type\" content=\"image\/png\" \/>\n<meta name=\"twitter:card\" content=\"summary_large_image\" \/>\n<meta name=\"twitter:label1\" content=\"Gesch\u00e4tzte Lesezeit\" \/>\n\t<meta name=\"twitter:data1\" content=\"1\u00a0Minute\" \/>\n<script type=\"application\/ld+json\" class=\"yoast-schema-graph\">{\"@context\":\"https:\/\/schema.org\",\"@graph\":[{\"@type\":\"WebPage\",\"@id\":\"https:\/\/happy-cbd.com\/de\/cbd-ol\/wasserloesliches-cbd-oel\/\",\"url\":\"https:\/\/happy-cbd.com\/de\/cbd-ol\/wasserloesliches-cbd-oel\/\",\"name\":\"Wasserl\u00f6sliches CBD-\u00d6l | Happy CBD\",\"isPartOf\":{\"@id\":\"https:\/\/happy-cbd.com\/de\/#website\"},\"primaryImageOfPage\":{\"@id\":\"https:\/\/happy-cbd.com\/de\/cbd-ol\/wasserloesliches-cbd-oel\/#primaryimage\"},\"image\":{\"@id\":\"https:\/\/happy-cbd.com\/de\/cbd-ol\/wasserloesliches-cbd-oel\/#primaryimage\"},\"thumbnailUrl\":\"https:\/\/happy-cbd.com\/wp-content\/uploads\/2023\/12\/13.png\",\"datePublished\":\"2021-10-18T10:28:48+00:00\",\"dateModified\":\"2025-02-10T11:09:29+00:00\",\"breadcrumb\":{\"@id\":\"https:\/\/happy-cbd.com\/de\/cbd-ol\/wasserloesliches-cbd-oel\/#breadcrumb\"},\"inLanguage\":\"de\",\"potentialAction\":[{\"@type\":\"ReadAction\",\"target\":[\"https:\/\/happy-cbd.com\/de\/cbd-ol\/wasserloesliches-cbd-oel\/\"]}]},{\"@type\":\"ImageObject\",\"inLanguage\":\"de\",\"@id\":\"https:\/\/happy-cbd.com\/de\/cbd-ol\/wasserloesliches-cbd-oel\/#primaryimage\",\"url\":\"https:\/\/happy-cbd.com\/wp-content\/uploads\/2023\/12\/13.png\",\"contentUrl\":\"https:\/\/happy-cbd.com\/wp-content\/uploads\/2023\/12\/13.png\",\"width\":1331,\"height\":1331},{\"@type\":\"BreadcrumbList\",\"@id\":\"https:\/\/happy-cbd.com\/de\/cbd-ol\/wasserloesliches-cbd-oel\/#breadcrumb\",\"itemListElement\":[{\"@type\":\"ListItem\",\"position\":1,\"name\":\"Shop\",\"item\":\"https:\/\/happy-cbd.com\/de\/shop\/\"},{\"@type\":\"ListItem\",\"position\":2,\"name\":\"Wasserl\u00f6sliches CBD-\u00d6l\"}]},{\"@type\":\"WebSite\",\"@id\":\"https:\/\/happy-cbd.com\/de\/#website\",\"url\":\"https:\/\/happy-cbd.com\/de\/\",\"name\":\"Happy CBD\",\"description\":\"\",\"potentialAction\":[{\"@type\":\"SearchAction\",\"target\":{\"@type\":\"EntryPoint\",\"urlTemplate\":\"https:\/\/happy-cbd.com\/de\/?s={search_term_string}\"},\"query-input\":{\"@type\":\"PropertyValueSpecification\",\"valueRequired\":true,\"valueName\":\"search_term_string\"}}],\"inLanguage\":\"de\"}]}<\/script>\n<!-- \/ Yoast SEO plugin. -->","yoast_head_json":{"title":"Wasserl\u00f6sliches CBD-\u00d6l | Happy CBD","robots":{"index":"index","follow":"follow","max-snippet":"max-snippet:-1","max-image-preview":"max-image-preview:large","max-video-preview":"max-video-preview:-1"},"canonical":"https:\/\/happy-cbd.com\/de\/cbd-ol\/wasserloesliches-cbd-oel\/","og_locale":"de_DE","og_type":"article","og_title":"Wasserl\u00f6sliches CBD-\u00d6l | Happy CBD","og_description":"Rapid Recovery ist ein 100 % nat\u00fcrlicher CBD-Cocktail, der dich bei allen sportlichen Aktivit\u00e4ten unterst\u00fctzt. Dies ist nicht einfach nur ein CBD-Produkt: Rapid Recovery enth\u00e4lt alle wertvollen Bestandteile eines Full-Spectrum-CBD-\u00d6ls und ist wasserl\u00f6slich.  Geeignet f\u00fcr jeden Sportler  Beinhaltet 10 % Full-Spectrum CBD-\u00d6l in einer 10ml Flasche.  Eine Flasche reicht f\u00fcr 200-250 Tropfen.","og_url":"https:\/\/happy-cbd.com\/de\/cbd-ol\/wasserloesliches-cbd-oel\/","og_site_name":"Happy CBD","article_modified_time":"2025-02-10T11:09:29+00:00","og_image":[{"width":1331,"height":1331,"url":"https:\/\/happy-cbd.com\/wp-content\/uploads\/2023\/12\/13.png","type":"image\/png"}],"twitter_card":"summary_large_image","twitter_misc":{"Gesch\u00e4tzte Lesezeit":"1\u00a0Minute"},"schema":{"@context":"https:\/\/schema.org","@graph":[{"@type":"WebPage","@id":"https:\/\/happy-cbd.com\/de\/cbd-ol\/wasserloesliches-cbd-oel\/","url":"https:\/\/happy-cbd.com\/de\/cbd-ol\/wasserloesliches-cbd-oel\/","name":"Wasserl\u00f6sliches CBD-\u00d6l | Happy CBD","isPartOf":{"@id":"https:\/\/happy-cbd.com\/de\/#website"},"primaryImageOfPage":{"@id":"https:\/\/happy-cbd.com\/de\/cbd-ol\/wasserloesliches-cbd-oel\/#primaryimage"},"image":{"@id":"https:\/\/happy-cbd.com\/de\/cbd-ol\/wasserloesliches-cbd-oel\/#primaryimage"},"thumbnailUrl":"https:\/\/happy-cbd.com\/wp-content\/uploads\/2023\/12\/13.png","datePublished":"2021-10-18T10:28:48+00:00","dateModified":"2025-02-10T11:09:29+00:00","breadcrumb":{"@id":"https:\/\/happy-cbd.com\/de\/cbd-ol\/wasserloesliches-cbd-oel\/#breadcrumb"},"inLanguage":"de","potentialAction":[{"@type":"ReadAction","target":["https:\/\/happy-cbd.com\/de\/cbd-ol\/wasserloesliches-cbd-oel\/"]}]},{"@type":"ImageObject","inLanguage":"de","@id":"https:\/\/happy-cbd.com\/de\/cbd-ol\/wasserloesliches-cbd-oel\/#primaryimage","url":"https:\/\/happy-cbd.com\/wp-content\/uploads\/2023\/12\/13.png","contentUrl":"https:\/\/happy-cbd.com\/wp-content\/uploads\/2023\/12\/13.png","width":1331,"height":1331},{"@type":"BreadcrumbList","@id":"https:\/\/happy-cbd.com\/de\/cbd-ol\/wasserloesliches-cbd-oel\/#breadcrumb","itemListElement":[{"@type":"ListItem","position":1,"name":"Shop","item":"https:\/\/happy-cbd.com\/de\/shop\/"},{"@type":"ListItem","position":2,"name":"Wasserl\u00f6sliches CBD-\u00d6l"}]},{"@type":"WebSite","@id":"https:\/\/happy-cbd.com\/de\/#website","url":"https:\/\/happy-cbd.com\/de\/","name":"Happy CBD","description":"","potentialAction":[{"@type":"SearchAction","target":{"@type":"EntryPoint","urlTemplate":"https:\/\/happy-cbd.com\/de\/?s={search_term_string}"},"query-input":{"@type":"PropertyValueSpecification","valueRequired":true,"valueName":"search_term_string"}}],"inLanguage":"de"}]}},"_links":{"self":[{"href":"https:\/\/happy-cbd.com\/de\/wp-json\/wp\/v2\/product\/14023","targetHints":{"allow":["GET"]}}],"collection":[{"href":"https:\/\/happy-cbd.com\/de\/wp-json\/wp\/v2\/product"}],"about":[{"href":"https:\/\/happy-cbd.com\/de\/wp-json\/wp\/v2\/types\/product"}],"replies":[{"embeddable":true,"href":"https:\/\/happy-cbd.com\/de\/wp-json\/wp\/v2\/comments?post=14023"}],"wp:featuredmedia":[{"embeddable":true,"href":"https:\/\/happy-cbd.com\/de\/wp-json\/wp\/v2\/media\/9446"}],"wp:attachment":[{"href":"https:\/\/happy-cbd.com\/de\/wp-json\/wp\/v2\/media?parent=14023"}],"wp:term":[{"taxonomy":"product_brand","embeddable":true,"href":"https:\/\/happy-cbd.com\/de\/wp-json\/wp\/v2\/product_brand?post=14023"},{"taxonomy":"product_cat","embeddable":true,"href":"https:\/\/happy-cbd.com\/de\/wp-json\/wp\/v2\/product_cat?post=14023"},{"taxonomy":"product_tag","embeddable":true,"href":"https:\/\/happy-cbd.com\/de\/wp-json\/wp\/v2\/product_tag?post=14023"}],"curies":[{"name":"wp","href":"https:\/\/api.w.org\/{rel}","templated":true}]}}