{"id":13928,"date":"2024-01-19T15:34:19","date_gmt":"2024-01-19T14:34:19","guid":{"rendered":"https:\/\/happy-cbd.com\/unkategorisiert\/hhcsample10\/"},"modified":"2025-02-10T12:10:31","modified_gmt":"2025-02-10T11:10:31","slug":"analgetikum-hhc-oel-10-10ml","status":"publish","type":"product","link":"https:\/\/happy-cbd.com\/de\/unkategorisiert\/analgetikum-hhc-oel-10-10ml\/","title":{"rendered":"Analgetikum | HHC-\u00d6l | 10% | 10ml"},"content":{"rendered":"<div class=\"wpb-content-wrapper\"><p>[vc_row read_more=&#8221;ja&#8221;][vc_column][vc_column_text]<\/p>\n<h2><span style=\"color: #93ac94;\">Beschreibung<\/span><\/h2>\n<p>[\/vc_column_text][vc_row_inner][vc_column_inner width=&#8221;3\/5&#8243;][vc_column_text el_class=&#8221;read-more-btn&#8221;]HHC wird auch als das legale THC bezeichnet. THC ist der psychoaktive Stoff in Cannabis, der dich \u201ehigh\u201c oder \u201estoned\u201c macht. Wie <a href=\"https:\/\/happy-cbd.com\/cannabinoiden\/thc-tetrahydrocannabinol\/\">THC<\/a> (und <a href=\"https:\/\/happy-cbd.com\/cannabinoiden\/cbd-cannabidiol\/\">CBD<\/a>) ist HHC ein Cannabinoid aus der Cannabispflanze. Auch dein K\u00f6rper stellt Cannabinoide her. Cannabinoide aus Cannabis interagieren mit unserem k\u00f6rpereigenen Endocannabinoid-System. Dieses System ist verantwortlich f\u00fcr verschiedene Prozesse wie den Schlafrhythmus, die Stimmung, die Schmerzempfindung und mehr.<\/p>\n<p>Es ist bekannt, dass die verschiedenen Cannabinoide alle eine leicht unterschiedliche Wirkung haben. Als HHC entdeckt wurde, lie\u00df man es zun\u00e4chst ein wenig links liegen, weil man noch nicht genau wusste, was es bewirkt. HHC wurde erst in den 1940er Jahren entdeckt. Es hat eine Weile gedauert, aber mittlerweile wird es als revolution\u00e4res Cannabinoid bezeichnet und HHC-\u00d6l gewinnt weltweit an Popularit\u00e4t.[\/vc_column_text][\/vc_column_inner][vc_column_inner width=&#8221;2\/5&#8243;][vc_single_image image=&#8221;922&#8243; img_size=&#8221;large&#8221;][\/vc_column_inner][\/vc_row_inner][\/vc_column][\/vc_row]<\/p>\n<\/div>","protected":false},"excerpt":{"rendered":"<p>[vc_row read_more=&#8221;ja&#8221;][vc_column][vc_column_text] Beschreibung [\/vc_column_text][vc_row_inner][vc_column_inner width=&#8221;3\/5&#8243;][vc_column_text el_class=&#8221;read-more-btn&#8221;]HHC wird auch als das legale THC bezeichnet. THC ist der psychoaktive Stoff in Cannabis, der dich \u201ehigh\u201c oder \u201estoned\u201c macht. Wie THC (und CBD) ist HHC ein Cannabinoid aus der Cannabispflanze. Auch dein K\u00f6rper stellt Cannabinoide her. Cannabinoide aus Cannabis interagieren mit unserem k\u00f6rpereigenen Endocannabinoid-System. Dieses System ist verantwortlich [&hellip;]<\/p>\n","protected":false},"featured_media":9401,"comment_status":"open","ping_status":"closed","template":"","meta":{"_acf_changed":false,"_joinchat":[]},"product_brand":[],"product_cat":[16],"product_tag":[242,253,246,241,259,244,245],"class_list":{"0":"post-13928","1":"product","2":"type-product","3":"status-publish","4":"has-post-thumbnail","6":"product_cat-uncategorized","7":"product_tag-analgetikum","8":"product_tag-beruhigend-de","9":"product_tag-beruhigend","10":"product_tag-entzundungshemmend","11":"product_tag-panikattacken","12":"product_tag-schlaf","13":"product_tag-stress-de","14":"product_shipping_class-postnl-briefkasten","15":"pa_ervaring-ja-de","16":"pa_grondstof-cbd-de","17":"pa_inhoud-10ml-de","18":"pa_inname-troepfeln-cbd-oel","19":"pa_soort-erwachsene","21":"first","22":"instock","23":"sale","24":"shipping-taxable","25":"purchasable","26":"product-type-simple"},"acf":[],"yoast_head":"<!-- This site is optimized with the Yoast SEO plugin v27.1.1 - https:\/\/yoast.com\/product\/yoast-seo-wordpress\/ -->\n<title>Analgetikum | HHC-\u00d6l | 10% | 10ml | Happy CBD<\/title>\n<meta name=\"description\" content=\"10% HHC-olie voor synergie met CBD olie \u2713Kalmerend \u2713Verdovend \u2713Licht psychoactief Ontdek HHC olie &amp; bestel hier!\" \/>\n<meta name=\"robots\" content=\"index, follow, max-snippet:-1, max-image-preview:large, max-video-preview:-1\" \/>\n<link rel=\"canonical\" href=\"https:\/\/happy-cbd.com\/de\/unkategorisiert\/analgetikum-hhc-oel-10-10ml\/\" \/>\n<meta property=\"og:locale\" content=\"de_DE\" \/>\n<meta property=\"og:type\" content=\"article\" \/>\n<meta property=\"og:title\" content=\"Analgetikum | HHC-\u00d6l | 10% | 10ml | Happy CBD\" \/>\n<meta property=\"og:description\" content=\"10% HHC-olie voor synergie met CBD olie \u2713Kalmerend \u2713Verdovend \u2713Licht psychoactief Ontdek HHC olie &amp; bestel hier!\" \/>\n<meta property=\"og:url\" content=\"https:\/\/happy-cbd.com\/de\/unkategorisiert\/analgetikum-hhc-oel-10-10ml\/\" \/>\n<meta property=\"og:site_name\" content=\"Happy CBD\" \/>\n<meta property=\"article:modified_time\" content=\"2025-02-10T11:10:31+00:00\" \/>\n<meta property=\"og:image\" content=\"https:\/\/happy-cbd.com\/wp-content\/uploads\/2023\/12\/41.png\" \/>\n\t<meta property=\"og:image:width\" content=\"1331\" \/>\n\t<meta property=\"og:image:height\" content=\"1331\" \/>\n\t<meta property=\"og:image:type\" content=\"image\/png\" \/>\n<meta name=\"twitter:card\" content=\"summary_large_image\" \/>\n<meta name=\"twitter:label1\" content=\"Gesch\u00e4tzte Lesezeit\" \/>\n\t<meta name=\"twitter:data1\" content=\"1\u00a0Minute\" \/>\n<script type=\"application\/ld+json\" class=\"yoast-schema-graph\">{\"@context\":\"https:\/\/schema.org\",\"@graph\":[{\"@type\":\"WebPage\",\"@id\":\"https:\/\/happy-cbd.com\/de\/unkategorisiert\/analgetikum-hhc-oel-10-10ml\/\",\"url\":\"https:\/\/happy-cbd.com\/de\/unkategorisiert\/analgetikum-hhc-oel-10-10ml\/\",\"name\":\"Analgetikum | HHC-\u00d6l | 10% | 10ml | Happy CBD\",\"isPartOf\":{\"@id\":\"https:\/\/happy-cbd.com\/de\/#website\"},\"primaryImageOfPage\":{\"@id\":\"https:\/\/happy-cbd.com\/de\/unkategorisiert\/analgetikum-hhc-oel-10-10ml\/#primaryimage\"},\"image\":{\"@id\":\"https:\/\/happy-cbd.com\/de\/unkategorisiert\/analgetikum-hhc-oel-10-10ml\/#primaryimage\"},\"thumbnailUrl\":\"https:\/\/happy-cbd.com\/wp-content\/uploads\/2023\/12\/41.png\",\"datePublished\":\"2024-01-19T14:34:19+00:00\",\"dateModified\":\"2025-02-10T11:10:31+00:00\",\"description\":\"10% HHC-olie voor synergie met CBD olie \u2713Kalmerend \u2713Verdovend \u2713Licht psychoactief Ontdek HHC olie & bestel hier!\",\"breadcrumb\":{\"@id\":\"https:\/\/happy-cbd.com\/de\/unkategorisiert\/analgetikum-hhc-oel-10-10ml\/#breadcrumb\"},\"inLanguage\":\"de\",\"potentialAction\":[{\"@type\":\"ReadAction\",\"target\":[\"https:\/\/happy-cbd.com\/de\/unkategorisiert\/analgetikum-hhc-oel-10-10ml\/\"]}]},{\"@type\":\"ImageObject\",\"inLanguage\":\"de\",\"@id\":\"https:\/\/happy-cbd.com\/de\/unkategorisiert\/analgetikum-hhc-oel-10-10ml\/#primaryimage\",\"url\":\"https:\/\/happy-cbd.com\/wp-content\/uploads\/2023\/12\/41.png\",\"contentUrl\":\"https:\/\/happy-cbd.com\/wp-content\/uploads\/2023\/12\/41.png\",\"width\":1331,\"height\":1331},{\"@type\":\"BreadcrumbList\",\"@id\":\"https:\/\/happy-cbd.com\/de\/unkategorisiert\/analgetikum-hhc-oel-10-10ml\/#breadcrumb\",\"itemListElement\":[{\"@type\":\"ListItem\",\"position\":1,\"name\":\"Shop\",\"item\":\"https:\/\/happy-cbd.com\/de\/shop\/\"},{\"@type\":\"ListItem\",\"position\":2,\"name\":\"Analgetikum | HHC-\u00d6l | 10% | 10ml\"}]},{\"@type\":\"WebSite\",\"@id\":\"https:\/\/happy-cbd.com\/de\/#website\",\"url\":\"https:\/\/happy-cbd.com\/de\/\",\"name\":\"Happy CBD\",\"description\":\"\",\"potentialAction\":[{\"@type\":\"SearchAction\",\"target\":{\"@type\":\"EntryPoint\",\"urlTemplate\":\"https:\/\/happy-cbd.com\/de\/?s={search_term_string}\"},\"query-input\":{\"@type\":\"PropertyValueSpecification\",\"valueRequired\":true,\"valueName\":\"search_term_string\"}}],\"inLanguage\":\"de\"}]}<\/script>\n<!-- \/ Yoast SEO plugin. -->","yoast_head_json":{"title":"Analgetikum | HHC-\u00d6l | 10% | 10ml | Happy CBD","description":"10% HHC-olie voor synergie met CBD olie \u2713Kalmerend \u2713Verdovend \u2713Licht psychoactief Ontdek HHC olie & bestel hier!","robots":{"index":"index","follow":"follow","max-snippet":"max-snippet:-1","max-image-preview":"max-image-preview:large","max-video-preview":"max-video-preview:-1"},"canonical":"https:\/\/happy-cbd.com\/de\/unkategorisiert\/analgetikum-hhc-oel-10-10ml\/","og_locale":"de_DE","og_type":"article","og_title":"Analgetikum | HHC-\u00d6l | 10% | 10ml | Happy CBD","og_description":"10% HHC-olie voor synergie met CBD olie \u2713Kalmerend \u2713Verdovend \u2713Licht psychoactief Ontdek HHC olie & bestel hier!","og_url":"https:\/\/happy-cbd.com\/de\/unkategorisiert\/analgetikum-hhc-oel-10-10ml\/","og_site_name":"Happy CBD","article_modified_time":"2025-02-10T11:10:31+00:00","og_image":[{"width":1331,"height":1331,"url":"https:\/\/happy-cbd.com\/wp-content\/uploads\/2023\/12\/41.png","type":"image\/png"}],"twitter_card":"summary_large_image","twitter_misc":{"Gesch\u00e4tzte Lesezeit":"1\u00a0Minute"},"schema":{"@context":"https:\/\/schema.org","@graph":[{"@type":"WebPage","@id":"https:\/\/happy-cbd.com\/de\/unkategorisiert\/analgetikum-hhc-oel-10-10ml\/","url":"https:\/\/happy-cbd.com\/de\/unkategorisiert\/analgetikum-hhc-oel-10-10ml\/","name":"Analgetikum | HHC-\u00d6l | 10% | 10ml | Happy CBD","isPartOf":{"@id":"https:\/\/happy-cbd.com\/de\/#website"},"primaryImageOfPage":{"@id":"https:\/\/happy-cbd.com\/de\/unkategorisiert\/analgetikum-hhc-oel-10-10ml\/#primaryimage"},"image":{"@id":"https:\/\/happy-cbd.com\/de\/unkategorisiert\/analgetikum-hhc-oel-10-10ml\/#primaryimage"},"thumbnailUrl":"https:\/\/happy-cbd.com\/wp-content\/uploads\/2023\/12\/41.png","datePublished":"2024-01-19T14:34:19+00:00","dateModified":"2025-02-10T11:10:31+00:00","description":"10% HHC-olie voor synergie met CBD olie \u2713Kalmerend \u2713Verdovend \u2713Licht psychoactief Ontdek HHC olie & bestel hier!","breadcrumb":{"@id":"https:\/\/happy-cbd.com\/de\/unkategorisiert\/analgetikum-hhc-oel-10-10ml\/#breadcrumb"},"inLanguage":"de","potentialAction":[{"@type":"ReadAction","target":["https:\/\/happy-cbd.com\/de\/unkategorisiert\/analgetikum-hhc-oel-10-10ml\/"]}]},{"@type":"ImageObject","inLanguage":"de","@id":"https:\/\/happy-cbd.com\/de\/unkategorisiert\/analgetikum-hhc-oel-10-10ml\/#primaryimage","url":"https:\/\/happy-cbd.com\/wp-content\/uploads\/2023\/12\/41.png","contentUrl":"https:\/\/happy-cbd.com\/wp-content\/uploads\/2023\/12\/41.png","width":1331,"height":1331},{"@type":"BreadcrumbList","@id":"https:\/\/happy-cbd.com\/de\/unkategorisiert\/analgetikum-hhc-oel-10-10ml\/#breadcrumb","itemListElement":[{"@type":"ListItem","position":1,"name":"Shop","item":"https:\/\/happy-cbd.com\/de\/shop\/"},{"@type":"ListItem","position":2,"name":"Analgetikum | HHC-\u00d6l | 10% | 10ml"}]},{"@type":"WebSite","@id":"https:\/\/happy-cbd.com\/de\/#website","url":"https:\/\/happy-cbd.com\/de\/","name":"Happy CBD","description":"","potentialAction":[{"@type":"SearchAction","target":{"@type":"EntryPoint","urlTemplate":"https:\/\/happy-cbd.com\/de\/?s={search_term_string}"},"query-input":{"@type":"PropertyValueSpecification","valueRequired":true,"valueName":"search_term_string"}}],"inLanguage":"de"}]}},"_links":{"self":[{"href":"https:\/\/happy-cbd.com\/de\/wp-json\/wp\/v2\/product\/13928","targetHints":{"allow":["GET"]}}],"collection":[{"href":"https:\/\/happy-cbd.com\/de\/wp-json\/wp\/v2\/product"}],"about":[{"href":"https:\/\/happy-cbd.com\/de\/wp-json\/wp\/v2\/types\/product"}],"replies":[{"embeddable":true,"href":"https:\/\/happy-cbd.com\/de\/wp-json\/wp\/v2\/comments?post=13928"}],"wp:featuredmedia":[{"embeddable":true,"href":"https:\/\/happy-cbd.com\/de\/wp-json\/wp\/v2\/media\/9401"}],"wp:attachment":[{"href":"https:\/\/happy-cbd.com\/de\/wp-json\/wp\/v2\/media?parent=13928"}],"wp:term":[{"taxonomy":"product_brand","embeddable":true,"href":"https:\/\/happy-cbd.com\/de\/wp-json\/wp\/v2\/product_brand?post=13928"},{"taxonomy":"product_cat","embeddable":true,"href":"https:\/\/happy-cbd.com\/de\/wp-json\/wp\/v2\/product_cat?post=13928"},{"taxonomy":"product_tag","embeddable":true,"href":"https:\/\/happy-cbd.com\/de\/wp-json\/wp\/v2\/product_tag?post=13928"}],"curies":[{"name":"wp","href":"https:\/\/api.w.org\/{rel}","templated":true}]}}