{"id":13911,"date":"2024-04-09T10:25:27","date_gmt":"2024-04-09T08:25:27","guid":{"rendered":"https:\/\/happy-cbd.com\/unkategorisiert\/body-dogs\/"},"modified":"2025-02-10T12:09:08","modified_gmt":"2025-02-10T11:09:08","slug":"koerper-hunde","status":"publish","type":"product","link":"https:\/\/happy-cbd.com\/de\/kombinierte-angebote\/koerper-hunde\/","title":{"rendered":"K\u00f6rper + Hunde |"},"content":{"rendered":"<p>Egal, ob du nach Erleichterung f\u00fcr dein eigenes Wohlbefinden oder das deines treuen Vierbeiners suchst, CBD-\u00d6l bietet einen nat\u00fcrlichen Ansatz f\u00fcr ein ges\u00fcnderes und ausgewogeneres Leben.<\/p>\n<p>Indem du dich f\u00fcr unser Kombi-Angebot von CBD-\u00d6l f\u00fcr sowohl Menschen als auch Tiere entscheidest, bekommst du nicht nur das Beste f\u00fcr dich selbst, sondern auch f\u00fcr dein geliebtes Haustier. Dar\u00fcber hinaus profitierst du von einem fantastischen Rabatt, sodass du alle Vorteile von CBD-\u00d6l zu einem erschwinglichen Preis genie\u00dfen kannst.<\/p>\n<h2>Das Kombi-Angebot<\/h2>\n<p><a href=\"\/de\/cbd-ol-fur-hunde\/\">Dogs 4%<\/a><br \/>\nIst dein Hund manchmal unruhig oder aggressiv im Beisein anderer Tiere, \u00e4ngstlich oder gestresst w\u00e4hrend Silvester, ungehorsam in der Pubert\u00e4t oder leidet er unter chronischen Schmerzen? Dann k\u00f6nnte Happy Dogs deinem geliebten Haustier helfen. Kurz gesagt, Happy Dogs kann deinem Haustier bei vielen der gleichen Beschwerden helfen wie CBD-\u00d6l f\u00fcr Menschen.<\/p>\n<p><a href=\"\/?pa_cbd=balanced-body-12\">Balanced Body 12%<\/a><\/p>\n<p>Balanced Body CBD-\u00d6l mit Terpenen ist die perfekte M\u00f6glichkeit, Schmerzen und Entz\u00fcndungen zu lindern. Unsere einzigartige Formel kombiniert 12% reines CBD-\u00d6l mit Terpenen, die f\u00fcr ihre schmerzlindernden und entz\u00fcndungshemmenden Eigenschaften bekannt sind. Ob du nun mit rheumatischen Beschwerden, chronischen Schmerzen oder Entz\u00fcndungen k\u00e4mpfst, Balanced Body kann dir helfen, wieder ins Gleichgewicht zu kommen und deine k\u00f6rperliche Erholung zu f\u00f6rdern.<\/p>\n","protected":false},"excerpt":{"rendered":"<p>Ob du nun nach Erleichterung f\u00fcr dein eigenes Wohlbefinden oder das deines treuen Vierbeiners suchst, CBD-\u00d6l bietet einen nat\u00fcrlichen Ansatz f\u00fcr ein ges\u00fcnderes und ausgewogeneres Leben.<\/p>\n<p>Indem du dich f\u00fcr unser Kombi-Angebot von CBD-\u00d6l f\u00fcr sowohl Menschen als auch Tiere entscheidest, bekommst du nicht nur das Beste f\u00fcr dich selbst, sondern auch f\u00fcr dein geliebtes Haustier. Dar\u00fcber hinaus profitierst du von einem fantastischen Rabatt, sodass du alle Vorteile von CBD-\u00d6l zu einem erschwinglichen Preis genie\u00dfen kannst.<\/p>\n","protected":false},"featured_media":12109,"comment_status":"open","ping_status":"closed","template":"","meta":{"_acf_changed":false,"_joinchat":[]},"product_brand":[],"product_cat":[251,271],"product_tag":[246,253,241],"class_list":{"0":"post-13911","1":"product","2":"type-product","3":"status-publish","4":"has-post-thumbnail","6":"product_cat-kombinierte-angebote","7":"product_cat-unkrautoel","8":"product_tag-beruhigend","9":"product_tag-beruhigend-de","10":"product_tag-entzundungshemmend","11":"pa_cbd-248","12":"pa_cbd-247","14":"first","15":"instock","16":"sale","17":"shipping-taxable","18":"purchasable","19":"product-type-variable"},"acf":[],"yoast_head":"<!-- This site is optimized with the Yoast SEO plugin v27.1.1 - https:\/\/yoast.com\/product\/yoast-seo-wordpress\/ -->\n<title>K\u00f6rper + Hunde | Happy CBD<\/title>\n<meta name=\"description\" content=\"Door te kiezen voor onze combideal van CBD olie voor zowel mensen als dieren, krijg je niet alleen het beste voor jezelf, maar ook voor je geliefde huisdier\" \/>\n<meta name=\"robots\" content=\"index, follow, max-snippet:-1, max-image-preview:large, max-video-preview:-1\" \/>\n<link rel=\"canonical\" href=\"https:\/\/happy-cbd.com\/de\/kombinierte-angebote\/koerper-hunde\/\" \/>\n<meta property=\"og:locale\" content=\"de_DE\" \/>\n<meta property=\"og:type\" content=\"article\" \/>\n<meta property=\"og:title\" content=\"K\u00f6rper + Hunde | Happy CBD\" \/>\n<meta property=\"og:description\" content=\"Door te kiezen voor onze combideal van CBD olie voor zowel mensen als dieren, krijg je niet alleen het beste voor jezelf, maar ook voor je geliefde huisdier\" \/>\n<meta property=\"og:url\" content=\"https:\/\/happy-cbd.com\/de\/kombinierte-angebote\/koerper-hunde\/\" \/>\n<meta property=\"og:site_name\" content=\"Happy CBD\" \/>\n<meta property=\"article:modified_time\" content=\"2025-02-10T11:09:08+00:00\" \/>\n<meta property=\"og:image\" content=\"https:\/\/happy-cbd.com\/wp-content\/uploads\/2023\/12\/BodyDogs.png\" \/>\n\t<meta property=\"og:image:width\" content=\"1890\" \/>\n\t<meta property=\"og:image:height\" content=\"1417\" \/>\n\t<meta property=\"og:image:type\" content=\"image\/png\" \/>\n<meta name=\"twitter:card\" content=\"summary_large_image\" \/>\n<meta name=\"twitter:label1\" content=\"Gesch\u00e4tzte Lesezeit\" \/>\n\t<meta name=\"twitter:data1\" content=\"2\u00a0Minuten\" \/>\n<script type=\"application\/ld+json\" class=\"yoast-schema-graph\">{\"@context\":\"https:\/\/schema.org\",\"@graph\":[{\"@type\":\"WebPage\",\"@id\":\"https:\/\/happy-cbd.com\/de\/kombinierte-angebote\/koerper-hunde\/\",\"url\":\"https:\/\/happy-cbd.com\/de\/kombinierte-angebote\/koerper-hunde\/\",\"name\":\"K\u00f6rper + Hunde | Happy CBD\",\"isPartOf\":{\"@id\":\"https:\/\/happy-cbd.com\/de\/#website\"},\"primaryImageOfPage\":{\"@id\":\"https:\/\/happy-cbd.com\/de\/kombinierte-angebote\/koerper-hunde\/#primaryimage\"},\"image\":{\"@id\":\"https:\/\/happy-cbd.com\/de\/kombinierte-angebote\/koerper-hunde\/#primaryimage\"},\"thumbnailUrl\":\"https:\/\/happy-cbd.com\/wp-content\/uploads\/2023\/12\/BodyDogs.png\",\"datePublished\":\"2024-04-09T08:25:27+00:00\",\"dateModified\":\"2025-02-10T11:09:08+00:00\",\"description\":\"Door te kiezen voor onze combideal van CBD olie voor zowel mensen als dieren, krijg je niet alleen het beste voor jezelf, maar ook voor je geliefde huisdier\",\"breadcrumb\":{\"@id\":\"https:\/\/happy-cbd.com\/de\/kombinierte-angebote\/koerper-hunde\/#breadcrumb\"},\"inLanguage\":\"de\",\"potentialAction\":[{\"@type\":\"ReadAction\",\"target\":[\"https:\/\/happy-cbd.com\/de\/kombinierte-angebote\/koerper-hunde\/\"]}]},{\"@type\":\"ImageObject\",\"inLanguage\":\"de\",\"@id\":\"https:\/\/happy-cbd.com\/de\/kombinierte-angebote\/koerper-hunde\/#primaryimage\",\"url\":\"https:\/\/happy-cbd.com\/wp-content\/uploads\/2023\/12\/BodyDogs.png\",\"contentUrl\":\"https:\/\/happy-cbd.com\/wp-content\/uploads\/2023\/12\/BodyDogs.png\",\"width\":1890,\"height\":1417},{\"@type\":\"BreadcrumbList\",\"@id\":\"https:\/\/happy-cbd.com\/de\/kombinierte-angebote\/koerper-hunde\/#breadcrumb\",\"itemListElement\":[{\"@type\":\"ListItem\",\"position\":1,\"name\":\"Shop\",\"item\":\"https:\/\/happy-cbd.com\/de\/shop\/\"},{\"@type\":\"ListItem\",\"position\":2,\"name\":\"K\u00f6rper + Hunde |\"}]},{\"@type\":\"WebSite\",\"@id\":\"https:\/\/happy-cbd.com\/de\/#website\",\"url\":\"https:\/\/happy-cbd.com\/de\/\",\"name\":\"Happy CBD\",\"description\":\"\",\"potentialAction\":[{\"@type\":\"SearchAction\",\"target\":{\"@type\":\"EntryPoint\",\"urlTemplate\":\"https:\/\/happy-cbd.com\/de\/?s={search_term_string}\"},\"query-input\":{\"@type\":\"PropertyValueSpecification\",\"valueRequired\":true,\"valueName\":\"search_term_string\"}}],\"inLanguage\":\"de\"}]}<\/script>\n<!-- \/ Yoast SEO plugin. -->","yoast_head_json":{"title":"K\u00f6rper + Hunde | Happy CBD","description":"Door te kiezen voor onze combideal van CBD olie voor zowel mensen als dieren, krijg je niet alleen het beste voor jezelf, maar ook voor je geliefde huisdier","robots":{"index":"index","follow":"follow","max-snippet":"max-snippet:-1","max-image-preview":"max-image-preview:large","max-video-preview":"max-video-preview:-1"},"canonical":"https:\/\/happy-cbd.com\/de\/kombinierte-angebote\/koerper-hunde\/","og_locale":"de_DE","og_type":"article","og_title":"K\u00f6rper + Hunde | Happy CBD","og_description":"Door te kiezen voor onze combideal van CBD olie voor zowel mensen als dieren, krijg je niet alleen het beste voor jezelf, maar ook voor je geliefde huisdier","og_url":"https:\/\/happy-cbd.com\/de\/kombinierte-angebote\/koerper-hunde\/","og_site_name":"Happy CBD","article_modified_time":"2025-02-10T11:09:08+00:00","og_image":[{"width":1890,"height":1417,"url":"https:\/\/happy-cbd.com\/wp-content\/uploads\/2023\/12\/BodyDogs.png","type":"image\/png"}],"twitter_card":"summary_large_image","twitter_misc":{"Gesch\u00e4tzte Lesezeit":"2\u00a0Minuten"},"schema":{"@context":"https:\/\/schema.org","@graph":[{"@type":"WebPage","@id":"https:\/\/happy-cbd.com\/de\/kombinierte-angebote\/koerper-hunde\/","url":"https:\/\/happy-cbd.com\/de\/kombinierte-angebote\/koerper-hunde\/","name":"K\u00f6rper + Hunde | Happy CBD","isPartOf":{"@id":"https:\/\/happy-cbd.com\/de\/#website"},"primaryImageOfPage":{"@id":"https:\/\/happy-cbd.com\/de\/kombinierte-angebote\/koerper-hunde\/#primaryimage"},"image":{"@id":"https:\/\/happy-cbd.com\/de\/kombinierte-angebote\/koerper-hunde\/#primaryimage"},"thumbnailUrl":"https:\/\/happy-cbd.com\/wp-content\/uploads\/2023\/12\/BodyDogs.png","datePublished":"2024-04-09T08:25:27+00:00","dateModified":"2025-02-10T11:09:08+00:00","description":"Door te kiezen voor onze combideal van CBD olie voor zowel mensen als dieren, krijg je niet alleen het beste voor jezelf, maar ook voor je geliefde huisdier","breadcrumb":{"@id":"https:\/\/happy-cbd.com\/de\/kombinierte-angebote\/koerper-hunde\/#breadcrumb"},"inLanguage":"de","potentialAction":[{"@type":"ReadAction","target":["https:\/\/happy-cbd.com\/de\/kombinierte-angebote\/koerper-hunde\/"]}]},{"@type":"ImageObject","inLanguage":"de","@id":"https:\/\/happy-cbd.com\/de\/kombinierte-angebote\/koerper-hunde\/#primaryimage","url":"https:\/\/happy-cbd.com\/wp-content\/uploads\/2023\/12\/BodyDogs.png","contentUrl":"https:\/\/happy-cbd.com\/wp-content\/uploads\/2023\/12\/BodyDogs.png","width":1890,"height":1417},{"@type":"BreadcrumbList","@id":"https:\/\/happy-cbd.com\/de\/kombinierte-angebote\/koerper-hunde\/#breadcrumb","itemListElement":[{"@type":"ListItem","position":1,"name":"Shop","item":"https:\/\/happy-cbd.com\/de\/shop\/"},{"@type":"ListItem","position":2,"name":"K\u00f6rper + Hunde |"}]},{"@type":"WebSite","@id":"https:\/\/happy-cbd.com\/de\/#website","url":"https:\/\/happy-cbd.com\/de\/","name":"Happy CBD","description":"","potentialAction":[{"@type":"SearchAction","target":{"@type":"EntryPoint","urlTemplate":"https:\/\/happy-cbd.com\/de\/?s={search_term_string}"},"query-input":{"@type":"PropertyValueSpecification","valueRequired":true,"valueName":"search_term_string"}}],"inLanguage":"de"}]}},"_links":{"self":[{"href":"https:\/\/happy-cbd.com\/de\/wp-json\/wp\/v2\/product\/13911","targetHints":{"allow":["GET"]}}],"collection":[{"href":"https:\/\/happy-cbd.com\/de\/wp-json\/wp\/v2\/product"}],"about":[{"href":"https:\/\/happy-cbd.com\/de\/wp-json\/wp\/v2\/types\/product"}],"replies":[{"embeddable":true,"href":"https:\/\/happy-cbd.com\/de\/wp-json\/wp\/v2\/comments?post=13911"}],"wp:featuredmedia":[{"embeddable":true,"href":"https:\/\/happy-cbd.com\/de\/wp-json\/wp\/v2\/media\/12109"}],"wp:attachment":[{"href":"https:\/\/happy-cbd.com\/de\/wp-json\/wp\/v2\/media?parent=13911"}],"wp:term":[{"taxonomy":"product_brand","embeddable":true,"href":"https:\/\/happy-cbd.com\/de\/wp-json\/wp\/v2\/product_brand?post=13911"},{"taxonomy":"product_cat","embeddable":true,"href":"https:\/\/happy-cbd.com\/de\/wp-json\/wp\/v2\/product_cat?post=13911"},{"taxonomy":"product_tag","embeddable":true,"href":"https:\/\/happy-cbd.com\/de\/wp-json\/wp\/v2\/product_tag?post=13911"}],"curies":[{"name":"wp","href":"https:\/\/api.w.org\/{rel}","templated":true}]}}