{"id":13902,"date":"2024-09-22T20:42:15","date_gmt":"2024-09-22T18:42:15","guid":{"rendered":"https:\/\/happy-cbd.com\/unkategorisiert\/cbd-hunde-hunde\/"},"modified":"2025-02-10T12:10:06","modified_gmt":"2025-02-10T11:10:06","slug":"cbd-hunde-hunde","status":"publish","type":"product","link":"https:\/\/happy-cbd.com\/de\/cbd-tiere\/cbd-hunde-hunde\/","title":{"rendered":"CBD Hunde | Hunde |"},"content":{"rendered":"<div class=\"wpb-content-wrapper\"><p>[vc_row read_more=&#8221;ja&#8221;][vc_column][vc_column_text]<\/p>\n<h2><span style=\"color: #93ac94;\">Beschreibung<\/span><\/h2>\n<p>[\/vc_column_text][vc_row_inner][vc_column_inner width=&#8221;3\/5&#8243;][vc_column_text el_class=&#8221;read-more-btn&#8221;]Happy Dogs ist ein CBD-\u00d6l speziell f\u00fcr Hunde. Das 100% nat\u00fcrliche \u00d6l ist ein CBD-Breitband\u00f6l, dem hochwertiges Oliven\u00f6l zugesetzt wurde.[\/vc_column_text][\/vc_column_inner][vc_column_inner width=&#8221;2\/5&#8243;][\/vc_column_inner][\/vc_row_inner][\/vc_column][\/vc_row]<\/p>\n<\/div>","protected":false},"excerpt":{"rendered":"<p>Wenn du ein regelm\u00e4\u00dfiger Nutzer von CBD-Produkten bist, wirst du wahrscheinlich nicht \u00fcberrascht sein, dass es jetzt eine spezielle Linie f\u00fcr unsere pelzigen Freunde gibt. Wie bei Menschen kann auch CBD-\u00d6l bei Tieren verwendet werden. Dies liegt daran, dass viele Tiere (alle S\u00e4ugetiere, Fische, Reptilien und V\u00f6gel) \u00fcber ein <a href=\"https:\/\/happy-cbd.com\/wat-is-cbd-olie\/\">Endocannabinoid-System<\/a> im K\u00f6rper verf\u00fcgen. Dieses Regulationssystem ist f\u00fcr verschiedene wichtige K\u00f6rperfunktionen verantwortlich.<\/p>\n<p>&nbsp;<\/p>\n","protected":false},"featured_media":9470,"comment_status":"closed","ping_status":"closed","template":"","meta":{"_acf_changed":false,"_joinchat":[]},"product_brand":[],"product_cat":[275,238,258,257,277,271],"product_tag":[242,246,253,241,259,245],"class_list":{"0":"post-13902","1":"product","2":"type-product","3":"status-publish","4":"has-post-thumbnail","6":"product_cat-cannabis-oel","7":"product_cat-cbd-ol","8":"product_cat-cbd-ol-fur-hunde","9":"product_cat-cbd-tiere","10":"product_cat-hanfoel","11":"product_cat-unkrautoel","12":"product_tag-analgetikum","13":"product_tag-beruhigend","14":"product_tag-beruhigend-de","15":"product_tag-entzundungshemmend","16":"product_tag-panikattacken","17":"product_tag-stress-de","18":"product_shipping_class-postnl-briefkasten","20":"first","21":"instock","22":"shipping-taxable","23":"purchasable","24":"product-type-variable"},"acf":[],"yoast_head":"<!-- This site is optimized with the Yoast SEO plugin v27.1.1 - https:\/\/yoast.com\/product\/yoast-seo-wordpress\/ -->\n<title>CBD Hunde | Hunde | Happy CBD<\/title>\n<meta name=\"description\" content=\"4% CBD-\u00d6l f\u00fcr Hunde \u2713 100% nat\u00fcrlich \u2713 Mit hochwertigem Oliven\u00f6l \u2713 Breites Spektrum \u2713 Hier anfragen &amp; bestellen!\" \/>\n<meta name=\"robots\" content=\"index, follow, max-snippet:-1, max-image-preview:large, max-video-preview:-1\" \/>\n<link rel=\"canonical\" href=\"https:\/\/happy-cbd.com\/de\/cbd-tiere\/cbd-hunde-hunde\/\" \/>\n<meta property=\"og:locale\" content=\"de_DE\" \/>\n<meta property=\"og:type\" content=\"article\" \/>\n<meta property=\"og:title\" content=\"CBD Hunde | Hunde | Happy CBD\" \/>\n<meta property=\"og:description\" content=\"4% CBD-\u00d6l f\u00fcr Hunde \u2713 100% nat\u00fcrlich \u2713 Mit hochwertigem Oliven\u00f6l \u2713 Breites Spektrum \u2713 Hier anfragen &amp; bestellen!\" \/>\n<meta property=\"og:url\" content=\"https:\/\/happy-cbd.com\/de\/cbd-tiere\/cbd-hunde-hunde\/\" \/>\n<meta property=\"og:site_name\" content=\"Happy CBD\" \/>\n<meta property=\"article:modified_time\" content=\"2025-02-10T11:10:06+00:00\" \/>\n<meta property=\"og:image\" content=\"https:\/\/happy-cbd.com\/wp-content\/uploads\/2023\/12\/21.png\" \/>\n\t<meta property=\"og:image:width\" content=\"1331\" \/>\n\t<meta property=\"og:image:height\" content=\"1331\" \/>\n\t<meta property=\"og:image:type\" content=\"image\/png\" \/>\n<meta name=\"twitter:card\" content=\"summary_large_image\" \/>\n<meta name=\"twitter:label1\" content=\"Gesch\u00e4tzte Lesezeit\" \/>\n\t<meta name=\"twitter:data1\" content=\"1\u00a0Minute\" \/>\n<script type=\"application\/ld+json\" class=\"yoast-schema-graph\">{\"@context\":\"https:\/\/schema.org\",\"@graph\":[{\"@type\":\"WebPage\",\"@id\":\"https:\/\/happy-cbd.com\/de\/cbd-tiere\/cbd-hunde-hunde\/\",\"url\":\"https:\/\/happy-cbd.com\/de\/cbd-tiere\/cbd-hunde-hunde\/\",\"name\":\"CBD Hunde | Hunde | Happy CBD\",\"isPartOf\":{\"@id\":\"https:\/\/happy-cbd.com\/de\/#website\"},\"primaryImageOfPage\":{\"@id\":\"https:\/\/happy-cbd.com\/de\/cbd-tiere\/cbd-hunde-hunde\/#primaryimage\"},\"image\":{\"@id\":\"https:\/\/happy-cbd.com\/de\/cbd-tiere\/cbd-hunde-hunde\/#primaryimage\"},\"thumbnailUrl\":\"https:\/\/happy-cbd.com\/wp-content\/uploads\/2023\/12\/21.png\",\"datePublished\":\"2024-09-22T18:42:15+00:00\",\"dateModified\":\"2025-02-10T11:10:06+00:00\",\"description\":\"4% CBD-\u00d6l f\u00fcr Hunde \u2713 100% nat\u00fcrlich \u2713 Mit hochwertigem Oliven\u00f6l \u2713 Breites Spektrum \u2713 Hier anfragen & bestellen!\",\"breadcrumb\":{\"@id\":\"https:\/\/happy-cbd.com\/de\/cbd-tiere\/cbd-hunde-hunde\/#breadcrumb\"},\"inLanguage\":\"de\",\"potentialAction\":[{\"@type\":\"ReadAction\",\"target\":[\"https:\/\/happy-cbd.com\/de\/cbd-tiere\/cbd-hunde-hunde\/\"]}]},{\"@type\":\"ImageObject\",\"inLanguage\":\"de\",\"@id\":\"https:\/\/happy-cbd.com\/de\/cbd-tiere\/cbd-hunde-hunde\/#primaryimage\",\"url\":\"https:\/\/happy-cbd.com\/wp-content\/uploads\/2023\/12\/21.png\",\"contentUrl\":\"https:\/\/happy-cbd.com\/wp-content\/uploads\/2023\/12\/21.png\",\"width\":1331,\"height\":1331},{\"@type\":\"BreadcrumbList\",\"@id\":\"https:\/\/happy-cbd.com\/de\/cbd-tiere\/cbd-hunde-hunde\/#breadcrumb\",\"itemListElement\":[{\"@type\":\"ListItem\",\"position\":1,\"name\":\"Shop\",\"item\":\"https:\/\/happy-cbd.com\/de\/shop\/\"},{\"@type\":\"ListItem\",\"position\":2,\"name\":\"CBD Hunde | Hunde |\"}]},{\"@type\":\"WebSite\",\"@id\":\"https:\/\/happy-cbd.com\/de\/#website\",\"url\":\"https:\/\/happy-cbd.com\/de\/\",\"name\":\"Happy CBD\",\"description\":\"\",\"potentialAction\":[{\"@type\":\"SearchAction\",\"target\":{\"@type\":\"EntryPoint\",\"urlTemplate\":\"https:\/\/happy-cbd.com\/de\/?s={search_term_string}\"},\"query-input\":{\"@type\":\"PropertyValueSpecification\",\"valueRequired\":true,\"valueName\":\"search_term_string\"}}],\"inLanguage\":\"de\"}]}<\/script>\n<!-- \/ Yoast SEO plugin. -->","yoast_head_json":{"title":"CBD Hunde | Hunde | Happy CBD","description":"4% CBD-\u00d6l f\u00fcr Hunde \u2713 100% nat\u00fcrlich \u2713 Mit hochwertigem Oliven\u00f6l \u2713 Breites Spektrum \u2713 Hier anfragen & bestellen!","robots":{"index":"index","follow":"follow","max-snippet":"max-snippet:-1","max-image-preview":"max-image-preview:large","max-video-preview":"max-video-preview:-1"},"canonical":"https:\/\/happy-cbd.com\/de\/cbd-tiere\/cbd-hunde-hunde\/","og_locale":"de_DE","og_type":"article","og_title":"CBD Hunde | Hunde | Happy CBD","og_description":"4% CBD-\u00d6l f\u00fcr Hunde \u2713 100% nat\u00fcrlich \u2713 Mit hochwertigem Oliven\u00f6l \u2713 Breites Spektrum \u2713 Hier anfragen & bestellen!","og_url":"https:\/\/happy-cbd.com\/de\/cbd-tiere\/cbd-hunde-hunde\/","og_site_name":"Happy CBD","article_modified_time":"2025-02-10T11:10:06+00:00","og_image":[{"width":1331,"height":1331,"url":"https:\/\/happy-cbd.com\/wp-content\/uploads\/2023\/12\/21.png","type":"image\/png"}],"twitter_card":"summary_large_image","twitter_misc":{"Gesch\u00e4tzte Lesezeit":"1\u00a0Minute"},"schema":{"@context":"https:\/\/schema.org","@graph":[{"@type":"WebPage","@id":"https:\/\/happy-cbd.com\/de\/cbd-tiere\/cbd-hunde-hunde\/","url":"https:\/\/happy-cbd.com\/de\/cbd-tiere\/cbd-hunde-hunde\/","name":"CBD Hunde | Hunde | Happy CBD","isPartOf":{"@id":"https:\/\/happy-cbd.com\/de\/#website"},"primaryImageOfPage":{"@id":"https:\/\/happy-cbd.com\/de\/cbd-tiere\/cbd-hunde-hunde\/#primaryimage"},"image":{"@id":"https:\/\/happy-cbd.com\/de\/cbd-tiere\/cbd-hunde-hunde\/#primaryimage"},"thumbnailUrl":"https:\/\/happy-cbd.com\/wp-content\/uploads\/2023\/12\/21.png","datePublished":"2024-09-22T18:42:15+00:00","dateModified":"2025-02-10T11:10:06+00:00","description":"4% CBD-\u00d6l f\u00fcr Hunde \u2713 100% nat\u00fcrlich \u2713 Mit hochwertigem Oliven\u00f6l \u2713 Breites Spektrum \u2713 Hier anfragen & bestellen!","breadcrumb":{"@id":"https:\/\/happy-cbd.com\/de\/cbd-tiere\/cbd-hunde-hunde\/#breadcrumb"},"inLanguage":"de","potentialAction":[{"@type":"ReadAction","target":["https:\/\/happy-cbd.com\/de\/cbd-tiere\/cbd-hunde-hunde\/"]}]},{"@type":"ImageObject","inLanguage":"de","@id":"https:\/\/happy-cbd.com\/de\/cbd-tiere\/cbd-hunde-hunde\/#primaryimage","url":"https:\/\/happy-cbd.com\/wp-content\/uploads\/2023\/12\/21.png","contentUrl":"https:\/\/happy-cbd.com\/wp-content\/uploads\/2023\/12\/21.png","width":1331,"height":1331},{"@type":"BreadcrumbList","@id":"https:\/\/happy-cbd.com\/de\/cbd-tiere\/cbd-hunde-hunde\/#breadcrumb","itemListElement":[{"@type":"ListItem","position":1,"name":"Shop","item":"https:\/\/happy-cbd.com\/de\/shop\/"},{"@type":"ListItem","position":2,"name":"CBD Hunde | Hunde |"}]},{"@type":"WebSite","@id":"https:\/\/happy-cbd.com\/de\/#website","url":"https:\/\/happy-cbd.com\/de\/","name":"Happy CBD","description":"","potentialAction":[{"@type":"SearchAction","target":{"@type":"EntryPoint","urlTemplate":"https:\/\/happy-cbd.com\/de\/?s={search_term_string}"},"query-input":{"@type":"PropertyValueSpecification","valueRequired":true,"valueName":"search_term_string"}}],"inLanguage":"de"}]}},"_links":{"self":[{"href":"https:\/\/happy-cbd.com\/de\/wp-json\/wp\/v2\/product\/13902","targetHints":{"allow":["GET"]}}],"collection":[{"href":"https:\/\/happy-cbd.com\/de\/wp-json\/wp\/v2\/product"}],"about":[{"href":"https:\/\/happy-cbd.com\/de\/wp-json\/wp\/v2\/types\/product"}],"replies":[{"embeddable":true,"href":"https:\/\/happy-cbd.com\/de\/wp-json\/wp\/v2\/comments?post=13902"}],"wp:featuredmedia":[{"embeddable":true,"href":"https:\/\/happy-cbd.com\/de\/wp-json\/wp\/v2\/media\/9470"}],"wp:attachment":[{"href":"https:\/\/happy-cbd.com\/de\/wp-json\/wp\/v2\/media?parent=13902"}],"wp:term":[{"taxonomy":"product_brand","embeddable":true,"href":"https:\/\/happy-cbd.com\/de\/wp-json\/wp\/v2\/product_brand?post=13902"},{"taxonomy":"product_cat","embeddable":true,"href":"https:\/\/happy-cbd.com\/de\/wp-json\/wp\/v2\/product_cat?post=13902"},{"taxonomy":"product_tag","embeddable":true,"href":"https:\/\/happy-cbd.com\/de\/wp-json\/wp\/v2\/product_tag?post=13902"}],"curies":[{"name":"wp","href":"https:\/\/api.w.org\/{rel}","templated":true}]}}