{"id":13854,"date":"2024-10-18T10:49:04","date_gmt":"2024-10-18T08:49:04","guid":{"rendered":"https:\/\/happy-cbd.com\/unkategorisiert\/rustgevend-cbn\/"},"modified":"2025-02-10T12:10:32","modified_gmt":"2025-02-10T11:10:32","slug":"beruhigend-cbn","status":"publish","type":"product","link":"https:\/\/happy-cbd.com\/de\/kombinierte-angebote\/beruhigend-cbn\/","title":{"rendered":"Beruhigend + CBN"},"content":{"rendered":"","protected":false},"excerpt":{"rendered":"<p>CBN-\u00d6l wird immer beliebter als Erg\u00e4nzung oder Alternative zu CBD-\u00d6l, insbesondere f\u00fcr Menschen, die auf der Suche nach <strong>einem anderen oder st\u00e4rkeren Effekt<\/strong> sind. W\u00e4hrend CBD f\u00fcr seine entspannenden und beruhigenden Eigenschaften bekannt ist, hat CBN einzigartige Eigenschaften, die f\u00fcr bestimmte Menschen besser wirken k\u00f6nnen, besonders bei <strong>Schlafproblemen oder Unruhe<\/strong>.<\/p>\n","protected":false},"featured_media":12105,"comment_status":"open","ping_status":"closed","template":"","meta":{"_acf_changed":false,"_joinchat":[]},"product_brand":[],"product_cat":[254,251],"product_tag":[242,246,253],"class_list":{"0":"post-13854","1":"product","2":"type-product","3":"status-publish","4":"has-post-thumbnail","6":"product_cat-cbn-oel","7":"product_cat-kombinierte-angebote","8":"product_tag-analgetikum","9":"product_tag-beruhigend","10":"product_tag-beruhigend-de","11":"product_shipping_class-postnl-briefkasten","12":"pa_cbd-248","13":"pa_cbd-247","15":"first","16":"instock","17":"sale","18":"shipping-taxable","19":"purchasable","20":"product-type-variable"},"acf":[],"yoast_head":"<!-- This site is optimized with the Yoast SEO plugin v27.1.1 - https:\/\/yoast.com\/product\/yoast-seo-wordpress\/ -->\n<title>Beruhigend + CBN | Happy CBD<\/title>\n<meta name=\"robots\" content=\"index, follow, max-snippet:-1, max-image-preview:large, max-video-preview:-1\" \/>\n<link rel=\"canonical\" href=\"https:\/\/happy-cbd.com\/de\/kombinierte-angebote\/beruhigend-cbn\/\" \/>\n<meta property=\"og:locale\" content=\"de_DE\" \/>\n<meta property=\"og:type\" content=\"article\" \/>\n<meta property=\"og:title\" content=\"Beruhigend + CBN | Happy CBD\" \/>\n<meta property=\"og:description\" content=\"CBN-\u00d6l wird immer beliebter als Erg\u00e4nzung oder Alternative zu CBD-\u00d6l, insbesondere f\u00fcr Menschen, die auf der Suche nach einem anderen oder st\u00e4rkeren Effekt sind. W\u00e4hrend CBD f\u00fcr seine entspannenden und beruhigenden Eigenschaften bekannt ist, hat CBN einzigartige Eigenschaften, die f\u00fcr bestimmte Menschen besser wirken k\u00f6nnen, besonders bei Schlafproblemen oder Unruhe.\" \/>\n<meta property=\"og:url\" content=\"https:\/\/happy-cbd.com\/de\/kombinierte-angebote\/beruhigend-cbn\/\" \/>\n<meta property=\"og:site_name\" content=\"Happy CBD\" \/>\n<meta property=\"article:modified_time\" content=\"2025-02-10T11:10:32+00:00\" \/>\n<meta property=\"og:image\" content=\"https:\/\/happy-cbd.com\/wp-content\/uploads\/2024\/10\/MindCBN.png\" \/>\n\t<meta property=\"og:image:width\" content=\"1890\" \/>\n\t<meta property=\"og:image:height\" content=\"1417\" \/>\n\t<meta property=\"og:image:type\" content=\"image\/png\" \/>\n<meta name=\"twitter:card\" content=\"summary_large_image\" \/>\n<meta name=\"twitter:label1\" content=\"Gesch\u00e4tzte Lesezeit\" \/>\n\t<meta name=\"twitter:data1\" content=\"1\u00a0Minute\" \/>\n<script type=\"application\/ld+json\" class=\"yoast-schema-graph\">{\"@context\":\"https:\/\/schema.org\",\"@graph\":[{\"@type\":\"WebPage\",\"@id\":\"https:\/\/happy-cbd.com\/de\/kombinierte-angebote\/beruhigend-cbn\/\",\"url\":\"https:\/\/happy-cbd.com\/de\/kombinierte-angebote\/beruhigend-cbn\/\",\"name\":\"Beruhigend + CBN | Happy CBD\",\"isPartOf\":{\"@id\":\"https:\/\/happy-cbd.com\/de\/#website\"},\"primaryImageOfPage\":{\"@id\":\"https:\/\/happy-cbd.com\/de\/kombinierte-angebote\/beruhigend-cbn\/#primaryimage\"},\"image\":{\"@id\":\"https:\/\/happy-cbd.com\/de\/kombinierte-angebote\/beruhigend-cbn\/#primaryimage\"},\"thumbnailUrl\":\"https:\/\/happy-cbd.com\/wp-content\/uploads\/2024\/10\/MindCBN.png\",\"datePublished\":\"2024-10-18T08:49:04+00:00\",\"dateModified\":\"2025-02-10T11:10:32+00:00\",\"breadcrumb\":{\"@id\":\"https:\/\/happy-cbd.com\/de\/kombinierte-angebote\/beruhigend-cbn\/#breadcrumb\"},\"inLanguage\":\"de\",\"potentialAction\":[{\"@type\":\"ReadAction\",\"target\":[\"https:\/\/happy-cbd.com\/de\/kombinierte-angebote\/beruhigend-cbn\/\"]}]},{\"@type\":\"ImageObject\",\"inLanguage\":\"de\",\"@id\":\"https:\/\/happy-cbd.com\/de\/kombinierte-angebote\/beruhigend-cbn\/#primaryimage\",\"url\":\"https:\/\/happy-cbd.com\/wp-content\/uploads\/2024\/10\/MindCBN.png\",\"contentUrl\":\"https:\/\/happy-cbd.com\/wp-content\/uploads\/2024\/10\/MindCBN.png\",\"width\":1890,\"height\":1417},{\"@type\":\"BreadcrumbList\",\"@id\":\"https:\/\/happy-cbd.com\/de\/kombinierte-angebote\/beruhigend-cbn\/#breadcrumb\",\"itemListElement\":[{\"@type\":\"ListItem\",\"position\":1,\"name\":\"Shop\",\"item\":\"https:\/\/happy-cbd.com\/de\/shop\/\"},{\"@type\":\"ListItem\",\"position\":2,\"name\":\"Beruhigend + CBN\"}]},{\"@type\":\"WebSite\",\"@id\":\"https:\/\/happy-cbd.com\/de\/#website\",\"url\":\"https:\/\/happy-cbd.com\/de\/\",\"name\":\"Happy CBD\",\"description\":\"\",\"potentialAction\":[{\"@type\":\"SearchAction\",\"target\":{\"@type\":\"EntryPoint\",\"urlTemplate\":\"https:\/\/happy-cbd.com\/de\/?s={search_term_string}\"},\"query-input\":{\"@type\":\"PropertyValueSpecification\",\"valueRequired\":true,\"valueName\":\"search_term_string\"}}],\"inLanguage\":\"de\"}]}<\/script>\n<!-- \/ Yoast SEO plugin. -->","yoast_head_json":{"title":"Beruhigend + CBN | Happy CBD","robots":{"index":"index","follow":"follow","max-snippet":"max-snippet:-1","max-image-preview":"max-image-preview:large","max-video-preview":"max-video-preview:-1"},"canonical":"https:\/\/happy-cbd.com\/de\/kombinierte-angebote\/beruhigend-cbn\/","og_locale":"de_DE","og_type":"article","og_title":"Beruhigend + CBN | Happy CBD","og_description":"CBN-\u00d6l wird immer beliebter als Erg\u00e4nzung oder Alternative zu CBD-\u00d6l, insbesondere f\u00fcr Menschen, die auf der Suche nach einem anderen oder st\u00e4rkeren Effekt sind. W\u00e4hrend CBD f\u00fcr seine entspannenden und beruhigenden Eigenschaften bekannt ist, hat CBN einzigartige Eigenschaften, die f\u00fcr bestimmte Menschen besser wirken k\u00f6nnen, besonders bei Schlafproblemen oder Unruhe.","og_url":"https:\/\/happy-cbd.com\/de\/kombinierte-angebote\/beruhigend-cbn\/","og_site_name":"Happy CBD","article_modified_time":"2025-02-10T11:10:32+00:00","og_image":[{"width":1890,"height":1417,"url":"https:\/\/happy-cbd.com\/wp-content\/uploads\/2024\/10\/MindCBN.png","type":"image\/png"}],"twitter_card":"summary_large_image","twitter_misc":{"Gesch\u00e4tzte Lesezeit":"1\u00a0Minute"},"schema":{"@context":"https:\/\/schema.org","@graph":[{"@type":"WebPage","@id":"https:\/\/happy-cbd.com\/de\/kombinierte-angebote\/beruhigend-cbn\/","url":"https:\/\/happy-cbd.com\/de\/kombinierte-angebote\/beruhigend-cbn\/","name":"Beruhigend + CBN | Happy CBD","isPartOf":{"@id":"https:\/\/happy-cbd.com\/de\/#website"},"primaryImageOfPage":{"@id":"https:\/\/happy-cbd.com\/de\/kombinierte-angebote\/beruhigend-cbn\/#primaryimage"},"image":{"@id":"https:\/\/happy-cbd.com\/de\/kombinierte-angebote\/beruhigend-cbn\/#primaryimage"},"thumbnailUrl":"https:\/\/happy-cbd.com\/wp-content\/uploads\/2024\/10\/MindCBN.png","datePublished":"2024-10-18T08:49:04+00:00","dateModified":"2025-02-10T11:10:32+00:00","breadcrumb":{"@id":"https:\/\/happy-cbd.com\/de\/kombinierte-angebote\/beruhigend-cbn\/#breadcrumb"},"inLanguage":"de","potentialAction":[{"@type":"ReadAction","target":["https:\/\/happy-cbd.com\/de\/kombinierte-angebote\/beruhigend-cbn\/"]}]},{"@type":"ImageObject","inLanguage":"de","@id":"https:\/\/happy-cbd.com\/de\/kombinierte-angebote\/beruhigend-cbn\/#primaryimage","url":"https:\/\/happy-cbd.com\/wp-content\/uploads\/2024\/10\/MindCBN.png","contentUrl":"https:\/\/happy-cbd.com\/wp-content\/uploads\/2024\/10\/MindCBN.png","width":1890,"height":1417},{"@type":"BreadcrumbList","@id":"https:\/\/happy-cbd.com\/de\/kombinierte-angebote\/beruhigend-cbn\/#breadcrumb","itemListElement":[{"@type":"ListItem","position":1,"name":"Shop","item":"https:\/\/happy-cbd.com\/de\/shop\/"},{"@type":"ListItem","position":2,"name":"Beruhigend + CBN"}]},{"@type":"WebSite","@id":"https:\/\/happy-cbd.com\/de\/#website","url":"https:\/\/happy-cbd.com\/de\/","name":"Happy CBD","description":"","potentialAction":[{"@type":"SearchAction","target":{"@type":"EntryPoint","urlTemplate":"https:\/\/happy-cbd.com\/de\/?s={search_term_string}"},"query-input":{"@type":"PropertyValueSpecification","valueRequired":true,"valueName":"search_term_string"}}],"inLanguage":"de"}]}},"_links":{"self":[{"href":"https:\/\/happy-cbd.com\/de\/wp-json\/wp\/v2\/product\/13854","targetHints":{"allow":["GET"]}}],"collection":[{"href":"https:\/\/happy-cbd.com\/de\/wp-json\/wp\/v2\/product"}],"about":[{"href":"https:\/\/happy-cbd.com\/de\/wp-json\/wp\/v2\/types\/product"}],"replies":[{"embeddable":true,"href":"https:\/\/happy-cbd.com\/de\/wp-json\/wp\/v2\/comments?post=13854"}],"wp:featuredmedia":[{"embeddable":true,"href":"https:\/\/happy-cbd.com\/de\/wp-json\/wp\/v2\/media\/12105"}],"wp:attachment":[{"href":"https:\/\/happy-cbd.com\/de\/wp-json\/wp\/v2\/media?parent=13854"}],"wp:term":[{"taxonomy":"product_brand","embeddable":true,"href":"https:\/\/happy-cbd.com\/de\/wp-json\/wp\/v2\/product_brand?post=13854"},{"taxonomy":"product_cat","embeddable":true,"href":"https:\/\/happy-cbd.com\/de\/wp-json\/wp\/v2\/product_cat?post=13854"},{"taxonomy":"product_tag","embeddable":true,"href":"https:\/\/happy-cbd.com\/de\/wp-json\/wp\/v2\/product_tag?post=13854"}],"curies":[{"name":"wp","href":"https:\/\/api.w.org\/{rel}","templated":true}]}}