{"id":13832,"date":"2024-12-02T09:57:50","date_gmt":"2024-12-02T08:57:50","guid":{"rendered":"https:\/\/happy-cbd.com\/unkategorisiert\/koerper-cbd-kurkuma\/"},"modified":"2025-02-10T12:09:09","modified_gmt":"2025-02-10T11:09:09","slug":"koerper-cbd-kurkuma","status":"publish","type":"product","link":"https:\/\/happy-cbd.com\/de\/cbd-ol\/koerper-cbd-kurkuma\/","title":{"rendered":"K\u00f6rper | CBD | Kurkuma"},"content":{"rendered":"<div class=\"wpb-content-wrapper\"><p>[vc_row read_more=&#8221;ja&#8221;][vc_column][vc_column_text]<\/p>\n<h2><span style=\"color: #93ac94;\">Beschreibung<\/span><\/h2>\n<p>[\/vc_column_text][vc_row_inner][vc_column_inner width=&#8221;3\/5&#8243;][vc_column_text el_class=&#8221;read-more-btn&#8221;]<\/p>\n<p><strong>Der Vorteil von CBD-Kapseln mit Kurkuma im Vergleich zu normalen CBD-Kapseln<\/strong><\/p>\n<p>CBD-Kapseln mit Kurkuma bieten eine einzigartige Kombination von Vorteilen, die in herk\u00f6mmlichen CBD-Kapseln nicht zu finden sind. Kurkuma, bekannt f\u00fcr seinen aktiven Inhaltsstoff <strong>Curcumin<\/strong>, hat starke entz\u00fcndungshemmende und antioxidative Eigenschaften. In Kombination mit CBD bietet es eine synergetische Wirkung, die besonders vorteilhaft f\u00fcr Menschen mit chronischen Schmerzen, Entz\u00fcndungen oder einem allgemeinen Bed\u00fcrfnis nach Unterst\u00fctzung von K\u00f6rper und Geist ist.<\/p>\n<h3>Was macht diese Kombination so besonders?<\/h3>\n<p>&nbsp;<\/p>\n<p><strong>\ud83c\udf3f Verst\u00e4rkung der entz\u00fcndungshemmenden Wirkung:<\/strong> Sowohl CBD als auch Kurkuma sind bekannt f\u00fcr ihre entz\u00fcndungshemmenden Eigenschaften. Gemeinsam k\u00f6nnen sie st\u00e4rker wirken, wenn es darum geht, Entz\u00fcndungen zu reduzieren, zum Beispiel bei chronischen Erkrankungen wie Arthritis oder Muskelbeschwerden.<\/p>\n<p><strong>\ud83c\udf3f Unterst\u00fctzung des Immunsystems:<\/strong> Kurkuma hat eine positive Wirkung auf das Immunsystem und kann durch seine antioxidativen Eigenschaften helfen, freie Radikale zu bek\u00e4mpfen. In Kombination mit CBD kann dies zu einem st\u00e4rkeren und ges\u00fcnderen K\u00f6rper beitragen.<\/p>\n<p><strong>\ud83c\udf3f St\u00e4rkung des Immunsystems:<\/strong> Unterst\u00fctzen Sie Ihre Abwehrkr\u00e4fte gegen Krankheiten und Infektionen.<\/p>\n<p><strong>\ud83c\udf3f Verbesserung der Verdauung:<\/strong> Kurkuma ist bekannt f\u00fcr seine unterst\u00fctzende Rolle bei der Verdauung. F\u00fcr Menschen, die unter Darmbeschwerden oder Verdauungsproblemen leiden, kann diese Kombination zus\u00e4tzliche Vorteile bieten.<\/p>\n<p><strong>\ud83c\udf3f Allgemeine Balance und Erholung:<\/strong> CBD hilft dabei, den K\u00f6rper durch die Interaktion mit dem Endocannabinoid-System ins Gleichgewicht zu bringen, w\u00e4hrend Kurkuma bei der Regeneration von Zellen und Geweben unterst\u00fctzt. Diese Kombination f\u00f6rdert sowohl k\u00f6rperliche als auch geistige Resilienz.<\/p>\n<p>[\/vc_column_text][\/vc_column_inner][vc_column_inner width=&#8221;2\/5&#8243;][vc_single_image image=&#8221;828&#8243; img_size=&#8221;large&#8221;][\/vc_column_inner][\/vc_row_inner][\/vc_column][\/vc_row]<\/p>\n<\/div>","protected":false},"excerpt":{"rendered":"<div class=\"flex-shrink-0 flex flex-col relative items-end\">\n<div>\n<div class=\"pt-0\">\n<div class=\"gizmo-bot-avatar flex h-8 w-8 items-center justify-center overflow-hidden rounded-full\">\n<div class=\"relative p-1 rounded-sm flex items-center justify-center bg-token-main-surface-primary text-token-text-primary h-8 w-8\"><strong>CBD-Kapseln mit Kurkuma \u2013 F\u00fcr Optimale Unterst\u00fctzung und Erholung<\/strong><\/div>\n<\/div>\n<\/div>\n<\/div>\n<\/div>\n<div class=\"group\/conversation-turn relative flex w-full min-w-0 flex-col agent-turn\">\n<div class=\"flex-col gap-1 md:gap-3\">\n<div class=\"flex max-w-full flex-col flex-grow\">\n<div class=\"min-h-8 text-message flex w-full flex-col items-end gap-2 whitespace-normal break-words [.text-message+&amp;]:mt-5\" dir=\"auto\" data-message-author-role=\"assistant\" data-message-id=\"73c0471b-2d46-4333-982a-abcb7162aba4\" data-message-model-slug=\"gpt-4o\">\n<div class=\"flex w-full flex-col gap-1 empty:hidden first:pt-[3px]\">\n<div class=\"markdown prose w-full break-words dark:prose-invert light\">\n<p>Unsere CBD-Kapseln mit Kurkuma wurden speziell entwickelt, um K\u00f6rper und Geist auf nat\u00fcrliche Weise zu unterst\u00fctzen. Durch die kraftvolle Kombination aus hochwertigem CBD und Kurkuma profitierst du von einer Vielzahl von Vorteilen f\u00fcr deine Gesundheit und dein Wohlbefinden. Diese einzigartige Formel macht unsere Kapseln zur idealen Wahl f\u00fcr alle, die auf der Suche nach nat\u00fcrlicher Unterst\u00fctzung bei Schmerzen, Entz\u00fcndungen und allgemeiner Balance sind.<\/p>\n<p>&nbsp;<\/p>\n<p>\ud83d\udc8a <strong>Was ist in jeder Kapsel enthalten?<\/strong><\/p>\n<p>&nbsp;<\/p>\n<p>\ud83c\udf3f <strong>25 mg CBD<\/strong>: Premium-Cannabidiol h\u00f6chster Qualit\u00e4t zur effektiven Unterst\u00fctzung von K\u00f6rper und Geist.<\/p>\n<p>&nbsp;<\/p>\n<p>\ud83c\udf3f <strong>Curcumin aus Kurkuma<\/strong>: Der aktive Inhaltsstoff in Kurkuma, bekannt f\u00fcr seine entz\u00fcndungshemmenden und schmerzlindernden Eigenschaften. Kurkuma f\u00f6rdert auch die Gehirnfunktion und Verdauung und bietet eine wertvolle Erg\u00e4nzung f\u00fcr deine t\u00e4gliche Gesundheit.<\/p>\n<\/div>\n<\/div>\n<\/div>\n<\/div>\n<\/div>\n<\/div>\n","protected":false},"featured_media":16121,"comment_status":"closed","ping_status":"closed","template":"","meta":{"_acf_changed":false,"_joinchat":[]},"product_brand":[],"product_cat":[238,239],"product_tag":[242,241,243],"class_list":{"0":"post-13832","1":"product","2":"type-product","3":"status-publish","4":"has-post-thumbnail","6":"product_cat-cbd-ol","7":"product_cat-kapseln-de","8":"product_tag-analgetikum","9":"product_tag-entzundungshemmend","10":"product_tag-gastrointestinale-funktion","11":"product_shipping_class-postnl-briefkasten","12":"pa_inhoud-10-kappen","13":"pa_inhoud-100-kappen","14":"pa_inhoud-25-kappen","15":"pa_inhoud-50-kappen","17":"first","18":"instock","19":"shipping-taxable","20":"purchasable","21":"product-type-variable"},"acf":[],"yoast_head":"<!-- This site is optimized with the Yoast SEO plugin v27.1.1 - https:\/\/yoast.com\/product\/yoast-seo-wordpress\/ -->\n<title>CBD-Kapseln mit Kurkuma - ein starker Entz\u00fcndungshemmer!<\/title>\n<meta name=\"description\" content=\"Probieren Sie unsere neuen Multikapseln und erleben Sie die starke Wirkung von CBD und Kurkuma f\u00fcr eine entz\u00fcndungshemmende Wirkung!\" \/>\n<meta name=\"robots\" content=\"index, follow, max-snippet:-1, max-image-preview:large, max-video-preview:-1\" \/>\n<link rel=\"canonical\" href=\"https:\/\/happy-cbd.com\/de\/cbd-ol\/koerper-cbd-kurkuma\/\" \/>\n<meta property=\"og:locale\" content=\"de_DE\" \/>\n<meta property=\"og:type\" content=\"article\" \/>\n<meta property=\"og:title\" content=\"CBD-Kapseln mit Kurkuma - ein starker Entz\u00fcndungshemmer!\" \/>\n<meta property=\"og:description\" content=\"Probieren Sie unsere neuen Multikapseln und erleben Sie die starke Wirkung von CBD und Kurkuma f\u00fcr eine entz\u00fcndungshemmende Wirkung!\" \/>\n<meta property=\"og:url\" content=\"https:\/\/happy-cbd.com\/de\/cbd-ol\/koerper-cbd-kurkuma\/\" \/>\n<meta property=\"og:site_name\" content=\"Happy CBD\" \/>\n<meta property=\"article:modified_time\" content=\"2025-02-10T11:09:09+00:00\" \/>\n<meta property=\"og:image\" content=\"https:\/\/happy-cbd.com\/wp-content\/uploads\/2024\/12\/image_5bC.png\" \/>\n\t<meta property=\"og:image:width\" content=\"2728\" \/>\n\t<meta property=\"og:image:height\" content=\"2728\" \/>\n\t<meta property=\"og:image:type\" content=\"image\/png\" \/>\n<meta name=\"twitter:card\" content=\"summary_large_image\" \/>\n<meta name=\"twitter:label1\" content=\"Gesch\u00e4tzte Lesezeit\" \/>\n\t<meta name=\"twitter:data1\" content=\"2\u00a0Minuten\" \/>\n<script type=\"application\/ld+json\" class=\"yoast-schema-graph\">{\"@context\":\"https:\/\/schema.org\",\"@graph\":[{\"@type\":\"WebPage\",\"@id\":\"https:\/\/happy-cbd.com\/de\/cbd-ol\/koerper-cbd-kurkuma\/\",\"url\":\"https:\/\/happy-cbd.com\/de\/cbd-ol\/koerper-cbd-kurkuma\/\",\"name\":\"CBD-Kapseln mit Kurkuma - ein starker Entz\u00fcndungshemmer!\",\"isPartOf\":{\"@id\":\"https:\/\/happy-cbd.com\/de\/#website\"},\"primaryImageOfPage\":{\"@id\":\"https:\/\/happy-cbd.com\/de\/cbd-ol\/koerper-cbd-kurkuma\/#primaryimage\"},\"image\":{\"@id\":\"https:\/\/happy-cbd.com\/de\/cbd-ol\/koerper-cbd-kurkuma\/#primaryimage\"},\"thumbnailUrl\":\"https:\/\/happy-cbd.com\/wp-content\/uploads\/2024\/12\/Unknown-4.jpeg\",\"datePublished\":\"2024-12-02T08:57:50+00:00\",\"dateModified\":\"2025-02-10T11:09:09+00:00\",\"description\":\"Probieren Sie unsere neuen Multikapseln und erleben Sie die starke Wirkung von CBD und Kurkuma f\u00fcr eine entz\u00fcndungshemmende Wirkung!\",\"breadcrumb\":{\"@id\":\"https:\/\/happy-cbd.com\/de\/cbd-ol\/koerper-cbd-kurkuma\/#breadcrumb\"},\"inLanguage\":\"de\",\"potentialAction\":[{\"@type\":\"ReadAction\",\"target\":[\"https:\/\/happy-cbd.com\/de\/cbd-ol\/koerper-cbd-kurkuma\/\"]}]},{\"@type\":\"ImageObject\",\"inLanguage\":\"de\",\"@id\":\"https:\/\/happy-cbd.com\/de\/cbd-ol\/koerper-cbd-kurkuma\/#primaryimage\",\"url\":\"https:\/\/happy-cbd.com\/wp-content\/uploads\/2024\/12\/Unknown-4.jpeg\",\"contentUrl\":\"https:\/\/happy-cbd.com\/wp-content\/uploads\/2024\/12\/Unknown-4.jpeg\",\"width\":1024,\"height\":1536},{\"@type\":\"BreadcrumbList\",\"@id\":\"https:\/\/happy-cbd.com\/de\/cbd-ol\/koerper-cbd-kurkuma\/#breadcrumb\",\"itemListElement\":[{\"@type\":\"ListItem\",\"position\":1,\"name\":\"Shop\",\"item\":\"https:\/\/happy-cbd.com\/de\/shop\/\"},{\"@type\":\"ListItem\",\"position\":2,\"name\":\"K\u00f6rper | CBD | Kurkuma\"}]},{\"@type\":\"WebSite\",\"@id\":\"https:\/\/happy-cbd.com\/de\/#website\",\"url\":\"https:\/\/happy-cbd.com\/de\/\",\"name\":\"Happy CBD\",\"description\":\"\",\"potentialAction\":[{\"@type\":\"SearchAction\",\"target\":{\"@type\":\"EntryPoint\",\"urlTemplate\":\"https:\/\/happy-cbd.com\/de\/?s={search_term_string}\"},\"query-input\":{\"@type\":\"PropertyValueSpecification\",\"valueRequired\":true,\"valueName\":\"search_term_string\"}}],\"inLanguage\":\"de\"}]}<\/script>\n<!-- \/ Yoast SEO plugin. -->","yoast_head_json":{"title":"CBD-Kapseln mit Kurkuma - ein starker Entz\u00fcndungshemmer!","description":"Probieren Sie unsere neuen Multikapseln und erleben Sie die starke Wirkung von CBD und Kurkuma f\u00fcr eine entz\u00fcndungshemmende Wirkung!","robots":{"index":"index","follow":"follow","max-snippet":"max-snippet:-1","max-image-preview":"max-image-preview:large","max-video-preview":"max-video-preview:-1"},"canonical":"https:\/\/happy-cbd.com\/de\/cbd-ol\/koerper-cbd-kurkuma\/","og_locale":"de_DE","og_type":"article","og_title":"CBD-Kapseln mit Kurkuma - ein starker Entz\u00fcndungshemmer!","og_description":"Probieren Sie unsere neuen Multikapseln und erleben Sie die starke Wirkung von CBD und Kurkuma f\u00fcr eine entz\u00fcndungshemmende Wirkung!","og_url":"https:\/\/happy-cbd.com\/de\/cbd-ol\/koerper-cbd-kurkuma\/","og_site_name":"Happy CBD","article_modified_time":"2025-02-10T11:09:09+00:00","og_image":[{"width":2728,"height":2728,"url":"https:\/\/happy-cbd.com\/wp-content\/uploads\/2024\/12\/image_5bC.png","type":"image\/png"}],"twitter_card":"summary_large_image","twitter_misc":{"Gesch\u00e4tzte Lesezeit":"2\u00a0Minuten"},"schema":{"@context":"https:\/\/schema.org","@graph":[{"@type":"WebPage","@id":"https:\/\/happy-cbd.com\/de\/cbd-ol\/koerper-cbd-kurkuma\/","url":"https:\/\/happy-cbd.com\/de\/cbd-ol\/koerper-cbd-kurkuma\/","name":"CBD-Kapseln mit Kurkuma - ein starker Entz\u00fcndungshemmer!","isPartOf":{"@id":"https:\/\/happy-cbd.com\/de\/#website"},"primaryImageOfPage":{"@id":"https:\/\/happy-cbd.com\/de\/cbd-ol\/koerper-cbd-kurkuma\/#primaryimage"},"image":{"@id":"https:\/\/happy-cbd.com\/de\/cbd-ol\/koerper-cbd-kurkuma\/#primaryimage"},"thumbnailUrl":"https:\/\/happy-cbd.com\/wp-content\/uploads\/2024\/12\/Unknown-4.jpeg","datePublished":"2024-12-02T08:57:50+00:00","dateModified":"2025-02-10T11:09:09+00:00","description":"Probieren Sie unsere neuen Multikapseln und erleben Sie die starke Wirkung von CBD und Kurkuma f\u00fcr eine entz\u00fcndungshemmende Wirkung!","breadcrumb":{"@id":"https:\/\/happy-cbd.com\/de\/cbd-ol\/koerper-cbd-kurkuma\/#breadcrumb"},"inLanguage":"de","potentialAction":[{"@type":"ReadAction","target":["https:\/\/happy-cbd.com\/de\/cbd-ol\/koerper-cbd-kurkuma\/"]}]},{"@type":"ImageObject","inLanguage":"de","@id":"https:\/\/happy-cbd.com\/de\/cbd-ol\/koerper-cbd-kurkuma\/#primaryimage","url":"https:\/\/happy-cbd.com\/wp-content\/uploads\/2024\/12\/Unknown-4.jpeg","contentUrl":"https:\/\/happy-cbd.com\/wp-content\/uploads\/2024\/12\/Unknown-4.jpeg","width":1024,"height":1536},{"@type":"BreadcrumbList","@id":"https:\/\/happy-cbd.com\/de\/cbd-ol\/koerper-cbd-kurkuma\/#breadcrumb","itemListElement":[{"@type":"ListItem","position":1,"name":"Shop","item":"https:\/\/happy-cbd.com\/de\/shop\/"},{"@type":"ListItem","position":2,"name":"K\u00f6rper | CBD | Kurkuma"}]},{"@type":"WebSite","@id":"https:\/\/happy-cbd.com\/de\/#website","url":"https:\/\/happy-cbd.com\/de\/","name":"Happy CBD","description":"","potentialAction":[{"@type":"SearchAction","target":{"@type":"EntryPoint","urlTemplate":"https:\/\/happy-cbd.com\/de\/?s={search_term_string}"},"query-input":{"@type":"PropertyValueSpecification","valueRequired":true,"valueName":"search_term_string"}}],"inLanguage":"de"}]}},"_links":{"self":[{"href":"https:\/\/happy-cbd.com\/de\/wp-json\/wp\/v2\/product\/13832","targetHints":{"allow":["GET"]}}],"collection":[{"href":"https:\/\/happy-cbd.com\/de\/wp-json\/wp\/v2\/product"}],"about":[{"href":"https:\/\/happy-cbd.com\/de\/wp-json\/wp\/v2\/types\/product"}],"replies":[{"embeddable":true,"href":"https:\/\/happy-cbd.com\/de\/wp-json\/wp\/v2\/comments?post=13832"}],"wp:featuredmedia":[{"embeddable":true,"href":"https:\/\/happy-cbd.com\/de\/wp-json\/wp\/v2\/media\/16121"}],"wp:attachment":[{"href":"https:\/\/happy-cbd.com\/de\/wp-json\/wp\/v2\/media?parent=13832"}],"wp:term":[{"taxonomy":"product_brand","embeddable":true,"href":"https:\/\/happy-cbd.com\/de\/wp-json\/wp\/v2\/product_brand?post=13832"},{"taxonomy":"product_cat","embeddable":true,"href":"https:\/\/happy-cbd.com\/de\/wp-json\/wp\/v2\/product_cat?post=13832"},{"taxonomy":"product_tag","embeddable":true,"href":"https:\/\/happy-cbd.com\/de\/wp-json\/wp\/v2\/product_tag?post=13832"}],"curies":[{"name":"wp","href":"https:\/\/api.w.org\/{rel}","templated":true}]}}