{"id":14176,"date":"2020-09-26T07:03:51","date_gmt":"2020-09-26T05:03:51","guid":{"rendered":"https:\/\/happy-cbd.com\/haeufig-gestellte-fragen\/cbd-meenemen-vakantie\/"},"modified":"2025-01-31T08:34:01","modified_gmt":"2025-01-31T07:34:01","slug":"cbd-urlaub-nehmen","status":"publish","type":"page","link":"https:\/\/happy-cbd.com\/de\/haeufig-gestellte-fragen\/cbd-urlaub-nehmen\/","title":{"rendered":"Ist die Einnahme von CBD-\u00d6l im Urlaub erlaubt?"},"content":{"rendered":"<div class=\"wpb-content-wrapper\"><p>[vc_row full_width=&#8221;stretch_row_content_no_spaces&#8221;][vc_column]<div class=\"verdiepende-img-top\" style=\"background:url(https:\/\/happy-cbd.com\/wp-content\/uploads\/2023\/12\/STL_1279.jpg) center center \/ cover no-repeat;\"><\/div>\n                <div class=\"container verdiepende-pagina-top\">\n                    <div class=\"row\">\n                        <div class=\"col-12 col-lg-6 offset-lg-6\">\n                            <div class=\"verdieping-intro\">\n                                <div class=\"verdieping-top\">\n                                <h1>Darf ich CBD-\u00d6l in den Urlaub mitnehmen?<\/h1>\n<p>CBD-\u00d6l im Urlaub mitnehmen, ist das erlaubt? CBD kann man in den Niederlanden legal bei verschiedenen Webshops und Drogerien kaufen. Aber wie sieht es aus, wenn man in den Urlaub ins Ausland f\u00e4hrt? Darf man CBD-\u00d6l im Gep\u00e4ck haben oder gibt es dadurch Probleme? Wir haben herausgefunden, ob man <a href=\"https:\/\/happy-cbd.com\/de\/cbd-ol\/\">CBD-\u00d6l<\/a> mit in den Urlaub nehmen darf, ob man es aus dem Urlaubsland wieder zur\u00fccknehmen kann und worauf man beim Einf\u00fchren von CBD-\u00d6l achten muss. Lesen Sie weiter f\u00fcr mehr Informationen.<\/p>\n \n                                <\/div>\n                                <div class=\"verdiepende-pagina-bot\">\n                                <h2><\/h2>\n                                <div class=\"verdieping-samenvatting-icons\">\n                                    <div class=\"samenvatting-icon-box\">\n                                        <div class=\"samenvatting-icon\" style=\"background-image:url()\"><\/div>\n                                        <div class=\"samenvatting-text\">\n                                        \n                                    <\/div>\n                                    <\/div>\n                                    <div class=\"samenvatting-icon-box\">\n                                        <div class=\"samenvatting-icon\" style=\"background-image:url()\"><\/div>\n                                        <div class=\"samenvatting-text\">\n                                        \n                                    <\/div>\n                                    <\/div>\n                                    <div class=\"samenvatting-icon-box\">\n                                        <div class=\"samenvatting-icon\" style=\"background-image:url()\"><\/div>\n                                        <div class=\"samenvatting-text\">\n                                        \n                                    <\/div>\n                                    <\/div>\n                                    <div class=\"samenvatting-icon-box\">\n                                        <div class=\"samenvatting-icon\" style=\"background-image:url()\"><\/div>\n                                        <div class=\"samenvatting-text\">\n                                        \n                                    <\/div>\n                                    <\/div>\n                                <\/div>\n                            <\/div>\n                        <\/div>\n                    <\/div>\n                <\/div>\n                <\/div>[\/vc_column][\/vc_row][vc_row][vc_column]<div data-mobile=\"20\" data-desktop=\"50\" class=\"sw-empty-spacer\"><\/div>[\/vc_column][\/vc_row][vc_row][vc_column width=&#8221;3\/6&#8243;][vc_column_text css=&#8221;&#8221;]<\/p>\n<h2><strong>CBD-\u00d6l mitnehmen: Vorschriften unterscheiden sich je nach Land<\/strong><\/h2>\n<p>Wenn du CBD-\u00d6l in den Urlaub mitnehmen m\u00f6chtest, solltest du beachten, dass die Vorschriften hinsichtlich des Mitnehmens von CBD-\u00d6l ziemlich unklar sind. Es gibt L\u00e4nder, die kaum oder keinen Unterschied zwischen CBD- oder Cannabis\u00f6l machen, wodurch sie bei konkreten Regelungen hinterherhinken. Dass CBD-\u00d6l in unserem Land legal erh\u00e4ltlich ist, bedeutet nicht, dass du das \u00d6l einfach ein- und ausf\u00fchren darfst. Um unangenehme \u00dcberraschungen zu vermeiden, solltest du dich gut informieren und beraten lassen. Weiter unten im Artikel erkl\u00e4ren wir dir, wie du dich am besten auf deine Reise vorbereiten kannst.<\/p>\n<p>&nbsp;<\/p>\n<h2 style=\"text-align: left;\"><strong>Medikamente oder Hanf\u00f6l auf Reisen mitnehmen<\/strong><\/h2>\n<p style=\"text-align: left;\">M\u00f6chtest du mit Medikamenten oder Hanf\u00f6l reisen, gelten hierf\u00fcr besondere Vorschriften. Innerhalb Europas ist es fast \u00fcberall erlaubt, mit CBD-\u00d6l zu reisen. Dennoch solltest du auch hier gut aufpassen. CBD-\u00d6l f\u00e4llt nicht unter das Bet\u00e4ubungsmittelgesetz, bei THC-\u00d6l ist das jedoch der Fall. Du darfst THC-\u00d6l auf \u00e4rztliche Verschreibung legal in den Niederlanden verwenden, aber damit zu reisen ist nicht gestattet. Hier kannst du mehr \u00fcber den Unterschied zwischen <a href=\"https:\/\/happy-cbd.com\/veelgestelde-vragen\/verschil-wietolie-en-cbd-olie\/\">Cannabis\u00f6l und CBD-\u00d6l<\/a> lesen.<\/p>\n<p>&nbsp;<\/p>\n<h2><strong>CBD-\u00d6l im Urlaub mitnehmen: Was sagt der Zoll?<\/strong><\/h2>\n<p>Der niederl\u00e4ndische Zoll hat die Regel, dass Substanzen, die nicht unter das Bet\u00e4ubungsmittelgesetz fallen, auf Reisen mitgenommen werden d\u00fcrfen. CBD-\u00d6l enth\u00e4lt nur einen geringen Anteil an THC und f\u00e4llt daher nicht unter das Bet\u00e4ubungsmittelgesetz. Allerdings darf der Anteil an THC im CBD-\u00d6l nur 0,3 Prozent betragen. \u00dcberpr\u00fcfe also genau auf der Verpackung deines CBD-\u00d6ls, wie viel THC<br \/>\n[\/vc_column_text][\/vc_column][vc_column width=&#8221;1\/6&#8243;][\/vc_column][vc_column width=&#8221;2\/6&#8243;]<div class=\"verdieping-rechts-box product-uitgelicht-14058\">\n                            <div class=\"verdieping-img-box\">\n                                <div class=\"verdieping-img\" style=\"background:url(https:\/\/happy-cbd.com\/wp-content\/uploads\/2023\/12\/43-300x300.png) no-repeat center center\"><\/div>\n                                <div class=\"verdieping-img-info\">\n                                    <div class=\"info-box-greater\">\n                                        <div class=\"info-box\"><div class=\"wit-vinkje\"><\/div> <p>Schmerzlindernde Wirkung<\/p><\/div>\n                                        <div class=\"info-box\"><div class=\"wit-vinkje\"><\/div> <p>Entz\u00fcndungshemmende Wirkung<\/p><\/div>\n                                        <div class=\"info-box\"><div class=\"wit-vinkje\"><\/div> <p>Entspannende Wirkung auf die Muskeln<\/p><\/div>\n                                    <\/div>\n                                <\/div>\n                                <\/div>\n                                <div class=\"verdieping-rechts-tekst\">\n                                    <h3>Entz\u00fcndungshemmend | CBD-\u00d6l<\/h3>\n                                    <p class=\"varpricechanger\"><span class=\"woocommerce-Price-amount amount\"><bdi><span class=\"woocommerce-Price-currencySymbol\"><\/span>13,50<\/bdi><\/span><\/p>\n                                    <p>W\u00e4hlen Sie inhoud<\/p><div data-attribute_label=\"Inhoud\" class=\"specs-cbd-options\"><div data-var_price=\"22.5\" data-pa_key=\"pa_inhoud\" data-pa_value=\"5ml-de\" class=\"cbd-variation-type-pa_inhoud cbd-variation-option-uitgelicht\">\n                            <p>5ml<\/p>\n                        <\/div><div data-var_price=\"39.95\" data-pa_key=\"pa_inhoud\" data-pa_value=\"10ml-de\" class=\"cbd-variation-type-pa_inhoud cbd-variation-option-uitgelicht\">\n                            <p>10ml<\/p>\n                        <\/div><\/div><p>W\u00e4hlen Sie percentage<\/p><div data-attribute_label=\"Percentage\" class=\"specs-cbd-options\"><div data-var_price=\"24.95\" data-pa_key=\"pa_percentage\" data-pa_value=\"6\" class=\"cbd-variation-type-pa_percentage cbd-variation-option-uitgelicht\">\n                            <p>6%<\/p>\n                        <\/div><div data-var_price=\"39.95\" data-pa_key=\"pa_percentage\" data-pa_value=\"12\" class=\"cbd-variation-type-pa_percentage cbd-variation-option-uitgelicht\">\n                            <p>12%<\/p>\n                        <\/div><\/div>\n                                    <a class=\"uitgelicht-add-to-cart\" data-product_id=\"14058\" href=\"\">Toevoegen aan winkelmand <i class=\"fa fa-spinner fa-spin\"><\/i><\/a>\n                                    <div class=\"cut-off-tijd\">\n                                        <div class=\"groen-vinkje\"><\/div>\n                                        <p>  <\/p>\n                                <\/div>\n                            <\/div>\n                        <\/div>[\/vc_column][\/vc_row][vc_row][vc_column]<div data-mobile=\"20\" data-desktop=\"50\" class=\"sw-empty-spacer\"><\/div>[\/vc_column][\/vc_row][vc_row][vc_column][vc_column_text css=&#8221;&#8221;]<\/p>\n<h2 style=\"text-align: center;\"><strong>CBD-\u00d6l in L\u00e4nder au\u00dferhalb Europas mitnehmen<\/strong><\/h2>\n<p style=\"text-align: center;\">M\u00f6chtest du CBD-\u00d6l in den Urlaub in L\u00e4nder au\u00dferhalb Europas mitnehmen? Dann solltest du dich gut vorbereiten.<br \/>\nEs gibt (noch) keine internationalen Abkommen \u00fcber den Transport von CBD-\u00d6l. Medizinische Bescheinigungen, die innerhalb der EU gelten, haben au\u00dferhalb der EU nicht automatisch G\u00fcltigkeit. Grunds\u00e4tzlich sind CBD-Produkte, die aus THC-armem Hanf stammen, legal. Du musst jedoch nachweisen k\u00f6nnen, dass das CBD-\u00d6l, das du mitnehmen m\u00f6chtest, THC-arm ist. In einigen F\u00e4llen ist hierf\u00fcr ein offizielles Zertifikat erforderlich, das best\u00e4tigt, dass das \u00d6l auch von einer dritten Partei gepr\u00fcft wurde. Das \u00d6l von Happy CBD wird dreifach getestet.<br \/>\nM\u00f6chtest du mehr Informationen oder hast du Fragen zu einem Zertifikat? Dann <a href=\"https:\/\/happy-cbd.com\/contact\/\">kontaktiere<\/a> uns gerne. We are Happy to help!<\/p>\n<p>[\/vc_column_text][\/vc_column][\/vc_row][vc_row][vc_column]<div data-mobile=\"20\" data-desktop=\"50\" class=\"sw-empty-spacer\"><\/div>[\/vc_column][\/vc_row][vc_row][vc_column width=&#8221;2\/6&#8243;][vc_single_image image=&#8221;9761&#8243; img_size=&#8221;large&#8221; css=&#8221;&#8221;][\/vc_column][vc_column width=&#8221;1\/6&#8243;][\/vc_column][vc_column width=&#8221;3\/6&#8243;][vc_column_text css=&#8221;&#8221;]<\/p>\n<h2><strong>So sorgst du f\u00fcr eine gute Vorbereitung<\/strong><\/h2>\n<p>M\u00f6chtest du CBD-\u00d6l innerhalb oder au\u00dferhalb der EU in den Urlaub mitnehmen? Dann solltest du immer an eine gute Vorbereitung denken. Besonders wenn du au\u00dferhalb der EU reisen m\u00f6chtest, ist es ratsam, auf der offiziellen Website des Flughafens nach den geltenden Vorschriften und Gesetzen im Zielland zu schauen. Gibt es eine niederl\u00e4ndische Botschaft im Land, in das du reist? Dann hole dir dort Informationen \u00fcber die Einfuhr von CBD-\u00d6l. Die Botschaft ist gut informiert und kennt die Gesetze und Vorschriften des Landes. So kannst du unangenehme \u00dcberraschungen beim Zoll vermeiden und wei\u00dft genau, ob du dein CBD-\u00d6l mitnehmen darfst oder nicht.<br \/>\n[\/vc_column_text][\/vc_column][\/vc_row][vc_row][vc_column]<div data-mobile=\"20\" data-desktop=\"50\" class=\"sw-empty-spacer\"><\/div>[\/vc_column][\/vc_row][vc_row][vc_column width=&#8221;3\/6&#8243;][vc_column_text css=&#8221;&#8221;]<\/p>\n<h2 style=\"text-align: left;\"><strong>Ist es sinnvoll, CBD-\u00d6l im Urlaub zu kaufen?<\/strong><\/h2>\n<p style=\"text-align: left;\">Wenn du in ein Land au\u00dferhalb Europas reist, ist es nicht immer einfach, CBD-\u00d6l mit in den Urlaub zu nehmen. Indem du dich im Voraus gut informierst, wei\u00dft du, ob du CBD-\u00d6l mit nach Hause nehmen darfst oder nicht. Es kann sein, dass es erlaubt ist, CBD-\u00d6l mitzunehmen, aber der Zoll dennoch Schwierigkeiten macht. Wenn du l\u00e4nger im Ausland bleibst, kann es eine gute Option sein, CBD-\u00d6l vor Ort zu kaufen, sodass du es dort verwenden kannst. \u00dcberpr\u00fcfe in diesem Fall gut, ob CBD-\u00d6l in deinem Urlaubsland legal erh\u00e4ltlich ist. M\u00f6chtest du das im Ausland gekaufte CBD-\u00d6l wieder mit nach Deutschland nehmen, pr\u00fcfe, ob das \u00d6l den deutschen Vorschriften entspricht. So wei\u00dft du genau, woran du bist.<\/p>\n<p>&nbsp;<\/p>\n<p>&nbsp;<\/p>\n<h2>CBD-\u00d6l im Urlaub mitnehmen: Fazit<\/h2>\n<p>M\u00f6chtest du CBD-\u00d6l im Urlaub mitnehmen, sind die Regeln sowohl f\u00fcr L\u00e4nder innerhalb als auch au\u00dferhalb der EU unterschiedlich. Am besten l\u00e4sst du dich daher im Voraus von der niederl\u00e4ndischen Botschaft in deinem Urlaubsland informieren oder \u00fcberpr\u00fcfst die Website des jeweiligen Flughafens. Denke immer daran, dass in den Niederlanden ein maximaler THC-Gehalt von 0,3 Prozent erlaubt ist, und stelle sicher, dass du dies beim Zoll nachweisen kannst. Hast du noch Fragen zum Thema CBD-\u00d6l im Urlaub mitnehmen? Happy CBD hilft dir gerne weiter. Sende uns einfach eine Nachricht, und du erh\u00e4ltst schnell eine Antwort von uns. Wir w\u00fcnschen dir einen wundersch\u00f6nen Urlaub!<\/p>\n<p>[\/vc_column_text][\/vc_column][vc_column width=&#8221;1\/6&#8243;][\/vc_column][vc_column width=&#8221;2\/6&#8243;]<div class=\"verdieping-rechts-box product-uitgelicht-14015\">\n                            <div class=\"verdieping-img-box\">\n                                <div class=\"verdieping-img\" style=\"background:url(https:\/\/happy-cbd.com\/wp-content\/uploads\/2023\/12\/31-300x300.png) no-repeat center center\"><\/div>\n                                <div class=\"verdieping-img-info\">\n                                    <div class=\"info-box-greater\">\n                                        <div class=\"info-box\"><div class=\"wit-vinkje\"><\/div> <p>Im 6% oder 12%<\/p><\/div>\n                                        <div class=\"info-box\"><div class=\"wit-vinkje\"><\/div> <p>Beruhigend<\/p><\/div>\n                                        <div class=\"info-box\"><div class=\"wit-vinkje\"><\/div> <p>Transparenz<\/p><\/div>\n                                    <\/div>\n                                <\/div>\n                                <\/div>\n                                <div class=\"verdieping-rechts-tekst\">\n                                    <h3>Hanf\u00f6l Mind<\/h3>\n                                    <p class=\"varpricechanger\"><span class=\"woocommerce-Price-amount amount\"><bdi><span class=\"woocommerce-Price-currencySymbol\"><\/span>13,50<\/bdi><\/span><\/p>\n                                    <p>W\u00e4hlen Sie inhoud<\/p><div data-attribute_label=\"Inhoud\" class=\"specs-cbd-options\"><div data-var_price=\"39.95\" data-pa_key=\"pa_inhoud\" data-pa_value=\"10ml-de\" class=\"cbd-variation-type-pa_inhoud cbd-variation-option-uitgelicht\">\n                            <p>10ml<\/p>\n                        <\/div><div data-var_price=\"22.5\" data-pa_key=\"pa_inhoud\" data-pa_value=\"5ml-de\" class=\"cbd-variation-type-pa_inhoud cbd-variation-option-uitgelicht\">\n                            <p>5ml<\/p>\n                        <\/div><\/div><p>W\u00e4hlen Sie percentage<\/p><div data-attribute_label=\"Percentage\" class=\"specs-cbd-options\"><div data-var_price=\"39.95\" data-pa_key=\"pa_percentage\" data-pa_value=\"12\" class=\"cbd-variation-type-pa_percentage cbd-variation-option-uitgelicht\">\n                            <p>12%<\/p>\n                        <\/div><div data-var_price=\"24.95\" data-pa_key=\"pa_percentage\" data-pa_value=\"6\" class=\"cbd-variation-type-pa_percentage cbd-variation-option-uitgelicht\">\n                            <p>6%<\/p>\n                        <\/div><\/div>\n                                    <a class=\"uitgelicht-add-to-cart\" data-product_id=\"14015\" href=\"\">Toevoegen aan winkelmand <i class=\"fa fa-spinner fa-spin\"><\/i><\/a>\n                                    <div class=\"cut-off-tijd\">\n                                        <div class=\"groen-vinkje\"><\/div>\n                                        <p>  <\/p>\n                                <\/div>\n                            <\/div>\n                        <\/div>[\/vc_column][\/vc_row][vc_row][vc_column]<div data-mobile=\"20\" data-desktop=\"50\" class=\"sw-empty-spacer\"><\/div>[\/vc_column][\/vc_row]<\/p>\n<\/div>","protected":false},"excerpt":{"rendered":"<p>[vc_row full_width=&#8221;stretch_row_content_no_spaces&#8221;][vc_column][\/vc_column][\/vc_row][vc_row][vc_column][\/vc_column][\/vc_row][vc_row][vc_column width=&#8221;3\/6&#8243;][vc_column_text css=&#8221;&#8221;] CBD-\u00d6l mitnehmen: Vorschriften unterscheiden sich je nach Land Wenn du CBD-\u00d6l in den Urlaub mitnehmen m\u00f6chtest, solltest du beachten, dass die Vorschriften hinsichtlich des Mitnehmens von CBD-\u00d6l ziemlich unklar sind. Es gibt L\u00e4nder, die kaum oder keinen Unterschied zwischen CBD- oder Cannabis\u00f6l machen, wodurch sie bei konkreten Regelungen hinterherhinken. Dass CBD-\u00d6l [&hellip;]<\/p>\n","protected":false},"author":2,"featured_media":0,"parent":14094,"menu_order":0,"comment_status":"open","ping_status":"open","template":"","meta":{"_acf_changed":false,"_joinchat":[],"footnotes":""},"class_list":["post-14176","page","type-page","status-publish","hentry"],"acf":[],"yoast_head":"<!-- This site is optimized with the Yoast SEO plugin v27.1.1 - https:\/\/yoast.com\/product\/yoast-seo-wordpress\/ -->\n<title>CBD \u00d6l im Urlaub, ist das erlaubt? - H\u00e4ufig gestellte Fragen | Happy CBD<\/title>\n<meta name=\"description\" content=\"CBD-olie meenemen of vakantie, mag dat eigenlijk wel? En gelden er binnen Europa andere regels dan daarbuiten? Waar op letten? Lees het hier!\" \/>\n<meta name=\"robots\" content=\"index, follow, max-snippet:-1, max-image-preview:large, max-video-preview:-1\" \/>\n<link rel=\"canonical\" href=\"https:\/\/happy-cbd.com\/de\/haeufig-gestellte-fragen\/cbd-urlaub-nehmen\/\" \/>\n<meta property=\"og:locale\" content=\"de_DE\" \/>\n<meta property=\"og:type\" content=\"article\" \/>\n<meta property=\"og:title\" content=\"CBD \u00d6l im Urlaub, ist das erlaubt? - H\u00e4ufig gestellte Fragen | Happy CBD\" \/>\n<meta property=\"og:description\" content=\"CBD-olie meenemen of vakantie, mag dat eigenlijk wel? En gelden er binnen Europa andere regels dan daarbuiten? Waar op letten? Lees het hier!\" \/>\n<meta property=\"og:url\" content=\"https:\/\/happy-cbd.com\/de\/haeufig-gestellte-fragen\/cbd-urlaub-nehmen\/\" \/>\n<meta property=\"og:site_name\" content=\"Happy CBD\" \/>\n<meta property=\"article:modified_time\" content=\"2025-01-31T07:34:01+00:00\" \/>\n<meta name=\"twitter:card\" content=\"summary_large_image\" \/>\n<meta name=\"twitter:label1\" content=\"Gesch\u00e4tzte Lesezeit\" \/>\n\t<meta name=\"twitter:data1\" content=\"4\u00a0Minuten\" \/>\n<script type=\"application\/ld+json\" class=\"yoast-schema-graph\">{\"@context\":\"https:\/\/schema.org\",\"@graph\":[{\"@type\":\"WebPage\",\"@id\":\"https:\/\/happy-cbd.com\/de\/haeufig-gestellte-fragen\/cbd-urlaub-nehmen\/\",\"url\":\"https:\/\/happy-cbd.com\/de\/haeufig-gestellte-fragen\/cbd-urlaub-nehmen\/\",\"name\":\"CBD \u00d6l im Urlaub, ist das erlaubt? - H\u00e4ufig gestellte Fragen | Happy CBD\",\"isPartOf\":{\"@id\":\"https:\/\/happy-cbd.com\/de\/#website\"},\"datePublished\":\"2020-09-26T05:03:51+00:00\",\"dateModified\":\"2025-01-31T07:34:01+00:00\",\"description\":\"CBD-olie meenemen of vakantie, mag dat eigenlijk wel? En gelden er binnen Europa andere regels dan daarbuiten? Waar op letten? Lees het hier!\",\"breadcrumb\":{\"@id\":\"https:\/\/happy-cbd.com\/de\/haeufig-gestellte-fragen\/cbd-urlaub-nehmen\/#breadcrumb\"},\"inLanguage\":\"de\",\"potentialAction\":[{\"@type\":\"ReadAction\",\"target\":[\"https:\/\/happy-cbd.com\/de\/haeufig-gestellte-fragen\/cbd-urlaub-nehmen\/\"]}]},{\"@type\":\"BreadcrumbList\",\"@id\":\"https:\/\/happy-cbd.com\/de\/haeufig-gestellte-fragen\/cbd-urlaub-nehmen\/#breadcrumb\",\"itemListElement\":[{\"@type\":\"ListItem\",\"position\":1,\"name\":\"H\u00e4ufig gestellte Fragen\",\"item\":\"https:\/\/happy-cbd.com\/de\/haeufig-gestellte-fragen\/\"},{\"@type\":\"ListItem\",\"position\":2,\"name\":\"Ist die Einnahme von CBD-\u00d6l im Urlaub erlaubt?\"}]},{\"@type\":\"WebSite\",\"@id\":\"https:\/\/happy-cbd.com\/de\/#website\",\"url\":\"https:\/\/happy-cbd.com\/de\/\",\"name\":\"Happy CBD\",\"description\":\"\",\"potentialAction\":[{\"@type\":\"SearchAction\",\"target\":{\"@type\":\"EntryPoint\",\"urlTemplate\":\"https:\/\/happy-cbd.com\/de\/?s={search_term_string}\"},\"query-input\":{\"@type\":\"PropertyValueSpecification\",\"valueRequired\":true,\"valueName\":\"search_term_string\"}}],\"inLanguage\":\"de\"}]}<\/script>\n<!-- \/ Yoast SEO plugin. -->","yoast_head_json":{"title":"CBD \u00d6l im Urlaub, ist das erlaubt? - H\u00e4ufig gestellte Fragen | Happy CBD","description":"CBD-olie meenemen of vakantie, mag dat eigenlijk wel? En gelden er binnen Europa andere regels dan daarbuiten? Waar op letten? Lees het hier!","robots":{"index":"index","follow":"follow","max-snippet":"max-snippet:-1","max-image-preview":"max-image-preview:large","max-video-preview":"max-video-preview:-1"},"canonical":"https:\/\/happy-cbd.com\/de\/haeufig-gestellte-fragen\/cbd-urlaub-nehmen\/","og_locale":"de_DE","og_type":"article","og_title":"CBD \u00d6l im Urlaub, ist das erlaubt? - H\u00e4ufig gestellte Fragen | Happy CBD","og_description":"CBD-olie meenemen of vakantie, mag dat eigenlijk wel? En gelden er binnen Europa andere regels dan daarbuiten? Waar op letten? Lees het hier!","og_url":"https:\/\/happy-cbd.com\/de\/haeufig-gestellte-fragen\/cbd-urlaub-nehmen\/","og_site_name":"Happy CBD","article_modified_time":"2025-01-31T07:34:01+00:00","twitter_card":"summary_large_image","twitter_misc":{"Gesch\u00e4tzte Lesezeit":"4\u00a0Minuten"},"schema":{"@context":"https:\/\/schema.org","@graph":[{"@type":"WebPage","@id":"https:\/\/happy-cbd.com\/de\/haeufig-gestellte-fragen\/cbd-urlaub-nehmen\/","url":"https:\/\/happy-cbd.com\/de\/haeufig-gestellte-fragen\/cbd-urlaub-nehmen\/","name":"CBD \u00d6l im Urlaub, ist das erlaubt? - H\u00e4ufig gestellte Fragen | Happy CBD","isPartOf":{"@id":"https:\/\/happy-cbd.com\/de\/#website"},"datePublished":"2020-09-26T05:03:51+00:00","dateModified":"2025-01-31T07:34:01+00:00","description":"CBD-olie meenemen of vakantie, mag dat eigenlijk wel? En gelden er binnen Europa andere regels dan daarbuiten? Waar op letten? Lees het hier!","breadcrumb":{"@id":"https:\/\/happy-cbd.com\/de\/haeufig-gestellte-fragen\/cbd-urlaub-nehmen\/#breadcrumb"},"inLanguage":"de","potentialAction":[{"@type":"ReadAction","target":["https:\/\/happy-cbd.com\/de\/haeufig-gestellte-fragen\/cbd-urlaub-nehmen\/"]}]},{"@type":"BreadcrumbList","@id":"https:\/\/happy-cbd.com\/de\/haeufig-gestellte-fragen\/cbd-urlaub-nehmen\/#breadcrumb","itemListElement":[{"@type":"ListItem","position":1,"name":"H\u00e4ufig gestellte Fragen","item":"https:\/\/happy-cbd.com\/de\/haeufig-gestellte-fragen\/"},{"@type":"ListItem","position":2,"name":"Ist die Einnahme von CBD-\u00d6l im Urlaub erlaubt?"}]},{"@type":"WebSite","@id":"https:\/\/happy-cbd.com\/de\/#website","url":"https:\/\/happy-cbd.com\/de\/","name":"Happy CBD","description":"","potentialAction":[{"@type":"SearchAction","target":{"@type":"EntryPoint","urlTemplate":"https:\/\/happy-cbd.com\/de\/?s={search_term_string}"},"query-input":{"@type":"PropertyValueSpecification","valueRequired":true,"valueName":"search_term_string"}}],"inLanguage":"de"}]}},"_links":{"self":[{"href":"https:\/\/happy-cbd.com\/de\/wp-json\/wp\/v2\/pages\/14176","targetHints":{"allow":["GET"]}}],"collection":[{"href":"https:\/\/happy-cbd.com\/de\/wp-json\/wp\/v2\/pages"}],"about":[{"href":"https:\/\/happy-cbd.com\/de\/wp-json\/wp\/v2\/types\/page"}],"author":[{"embeddable":true,"href":"https:\/\/happy-cbd.com\/de\/wp-json\/wp\/v2\/users\/2"}],"replies":[{"embeddable":true,"href":"https:\/\/happy-cbd.com\/de\/wp-json\/wp\/v2\/comments?post=14176"}],"version-history":[{"count":5,"href":"https:\/\/happy-cbd.com\/de\/wp-json\/wp\/v2\/pages\/14176\/revisions"}],"predecessor-version":[{"id":14202,"href":"https:\/\/happy-cbd.com\/de\/wp-json\/wp\/v2\/pages\/14176\/revisions\/14202"}],"up":[{"embeddable":true,"href":"https:\/\/happy-cbd.com\/de\/wp-json\/wp\/v2\/pages\/14094"}],"wp:attachment":[{"href":"https:\/\/happy-cbd.com\/de\/wp-json\/wp\/v2\/media?parent=14176"}],"curies":[{"name":"wp","href":"https:\/\/api.w.org\/{rel}","templated":true}]}}