{"id":14118,"date":"2020-09-28T07:05:27","date_gmt":"2020-09-28T05:05:27","guid":{"rendered":"https:\/\/happy-cbd.com\/haeufig-gestellte-fragen\/welke-bijwerkingen-cbd-olie\/"},"modified":"2025-02-02T15:13:55","modified_gmt":"2025-02-02T14:13:55","slug":"welche-nebenwirkungen-kann-cbd","status":"publish","type":"page","link":"https:\/\/happy-cbd.com\/de\/haeufig-gestellte-fragen\/welche-nebenwirkungen-kann-cbd\/","title":{"rendered":"Welche Nebenwirkungen kann CBD-\u00d6l haben?"},"content":{"rendered":"<div class=\"wpb-content-wrapper\"><p>[vc_row full_width=&#8221;stretch_row_content_no_spaces&#8221;][vc_column]<div class=\"verdiepende-img-top\" style=\"background:url(https:\/\/happy-cbd.com\/wp-content\/uploads\/2023\/12\/STL_1279.jpg) center center \/ cover no-repeat;\"><\/div>\n                <div class=\"container verdiepende-pagina-top\">\n                    <div class=\"row\">\n                        <div class=\"col-12 col-lg-6 offset-lg-6\">\n                            <div class=\"verdieping-intro\">\n                                <div class=\"verdieping-top\">\n                                <h1><strong>Hat CBD-\u00d6l <\/strong><span style=\"color: #8dad92;\">Nebenwirkungen?<\/span><\/h1>\n<p>CBD oder Cannabidiol ist eine vielseitige Verbindung mit zahlreichen Einsatzm\u00f6glichkeiten. Oft wird bei\u00a0<a href=\"\/de\/cbd-ol\/\">CBD-\u00d6l<\/a> noch sofort an Cannabis und Coffeeshops gedacht. Dabei ist CBD nicht psychoaktiv \u2013 du wirst also weder stoned noch high davon. Aber hat CBD-\u00d6l andere Nebenwirkungen? Erfahre hier alles dar\u00fcber.<\/p>\n<p>&nbsp;<\/p>\n<h2><span style=\"color: #8dad92;\">Nebenwirkungen<\/span> unter der Lupe<\/h2>\n<p>Das Wort &#8220;Nebenwirkungen&#8221; hat oft eine negative Konnotation. Doch das Auftreten von Nebenwirkungen ist nichts Ungew\u00f6hnliches. Selbst Mineralstoffe und Vitamine k\u00f6nnen Begleiterscheinungen haben. Dass eine Substanz Nebenwirkungen hat, bedeutet also nicht automatisch, dass sie gef\u00e4hrlich ist. Auch nat\u00fcrliche Stoffe k\u00f6nnen den Menschen auf unterschiedliche Weise beeinflussen.<\/p>\n<p>Der menschliche K\u00f6rper ist eine komplexe und hochentwickelte Maschine. Wenn du Nahrungserg\u00e4nzungsmittel einnimmst, ist es wichtig zu wissen, welche m\u00f6glichen Nebenwirkungen auftreten k\u00f6nnen. Hier erf\u00e4hrst du mehr \u00fcber eventuelle Nebenwirkungen von CBD-\u00d6l.<\/p>\n \n                                <\/div>\n                                <div class=\"verdiepende-pagina-bot\">\n                                <h2><\/h2>\n                                <div class=\"verdieping-samenvatting-icons\">\n                                    <div class=\"samenvatting-icon-box\">\n                                        <div class=\"samenvatting-icon\" style=\"background-image:url()\"><\/div>\n                                        <div class=\"samenvatting-text\">\n                                        \n                                    <\/div>\n                                    <\/div>\n                                    <div class=\"samenvatting-icon-box\">\n                                        <div class=\"samenvatting-icon\" style=\"background-image:url()\"><\/div>\n                                        <div class=\"samenvatting-text\">\n                                        \n                                    <\/div>\n                                    <\/div>\n                                    <div class=\"samenvatting-icon-box\">\n                                        <div class=\"samenvatting-icon\" style=\"background-image:url()\"><\/div>\n                                        <div class=\"samenvatting-text\">\n                                        \n                                    <\/div>\n                                    <\/div>\n                                    <div class=\"samenvatting-icon-box\">\n                                        <div class=\"samenvatting-icon\" style=\"background-image:url()\"><\/div>\n                                        <div class=\"samenvatting-text\">\n                                        \n                                    <\/div>\n                                    <\/div>\n                                <\/div>\n                            <\/div>\n                        <\/div>\n                    <\/div>\n                <\/div>\n                <\/div>[\/vc_column][\/vc_row][vc_row][vc_column]<div data-mobile=\"20\" data-desktop=\"50\" class=\"sw-empty-spacer\"><\/div>[\/vc_column][\/vc_row][vc_row][vc_column width=&#8221;3\/6&#8243;][vc_column_text css=&#8221;&#8221;]<\/p>\n<h2 class=\"p1\">Was sind m\u00f6gliche <span style=\"color: #8dad92;\">Nebenwirkungen <\/span>von CBD-\u00d6l?<\/h2>\n<p class=\"p2\">Jeder Mensch reagiert unterschiedlich auf die Verwendung von CBD-\u00d6l. Im Allgemeinen sind Nebenwirkungen durch die Einnahme von CBD-\u00d6l unwahrscheinlich, doch es ist gut, sich mit m\u00f6glichen Begleiterscheinungen vertraut zu machen. Wir erkl\u00e4ren dir auch gleich, was du tun kannst, um die Nebenwirkungen von CBD zu minimieren. Lies unten alles \u00fcber die Nebenwirkungen oder sieh dir unser Video auf <a href=\"https:\/\/www.youtube.com\/watch?v=rNtZYT_2BPg\">YouTube<\/a> an.<\/p>\n<p>&nbsp;<\/p>\n<p>Diese Nebenwirkungen sind meist mild und verschwinden oft von selbst, sobald sich der K\u00f6rper an den Wirkstoff gew\u00f6hnt oder die Dosierung angepasst wird. Nachfolgend findest du die h\u00e4ufigsten Nebenwirkungen von CBD-\u00d6l:<\/p>\n<h3><\/h3>\n<p>&nbsp;<\/p>\n<h3><strong>M\u00fcdigkeit und Schl\u00e4frigkeit<\/strong><\/h3>\n<p>CBD kann eine beruhigende Wirkung haben, was bei manchen Menschen zu M\u00fcdigkeit oder einem Gef\u00fchl von Schl\u00e4frigkeit f\u00fchren kann.<\/p>\n<ul>\n<li><strong>Tipp<\/strong>: Verwende CBD-\u00d6l am Abend, wenn du merkst, dass es dich schl\u00e4frig macht.<\/li>\n<\/ul>\n<p>&nbsp;<\/p>\n<h3><strong>Trockener Mund<\/strong><\/h3>\n<p>CBD kann die Speichelproduktion verringern, was zu einem trockenen Mund f\u00fchren kann.<\/p>\n<ul>\n<li><strong>Tipp<\/strong>: Trinke ausreichend Wasser nach der Einnahme von CBD-\u00d6l, um dies zu vermeiden.<\/li>\n<\/ul>\n<p>&nbsp;<\/p>\n<h3><strong>Ver\u00e4nderungen des Appetits<\/strong><\/h3>\n<p>Einige Menschen berichten von einer Zunahme oder auch einer Verringerung ihres Appetits bei der Einnahme von CBD.<\/p>\n<ul>\n<li>Dieses Ph\u00e4nomen ist meist individuell und abh\u00e4ngig von der Dosierung.<\/li>\n<\/ul>\n<p>&nbsp;<\/p>\n<h3><strong>Durchfall oder Magenbeschwerden<\/strong><\/h3>\n<p>Bei h\u00f6heren Dosierungen oder bei empfindlichen Personen kann CBD leichte Verdauungsprobleme verursachen.<\/p>\n<ul>\n<li><strong>Tipp<\/strong>: Beginne mit einer niedrigen Dosis und steigere sie langsam, damit sich dein K\u00f6rper an CBD gew\u00f6hnen kann.<\/li>\n<\/ul>\n<p>&nbsp;<\/p>\n<h3><strong>Schwindel oder ein leichtes Gef\u00fchl im Kopf<\/strong><\/h3>\n<p>Aufgrund der entspannenden Wirkung von CBD kann es zu einem leichten Schwindelgef\u00fchl kommen, insbesondere wenn du schnell aufstehst.<\/p>\n<ul>\n<li><strong>Tipp<\/strong>: Nimm CBD in einer ruhigen Umgebung ein und vermeide pl\u00f6tzliche Bewegungen nach der Einnahme.<\/li>\n<\/ul>\n<p>[\/vc_column_text][\/vc_column][vc_column width=&#8221;1\/6&#8243;][\/vc_column][vc_column width=&#8221;2\/6&#8243;]<div class=\"verdieping-rechts-box product-uitgelicht-14058\">\n                            <div class=\"verdieping-img-box\">\n                                <div class=\"verdieping-img\" style=\"background:url(https:\/\/happy-cbd.com\/wp-content\/uploads\/2023\/12\/43-300x300.png) no-repeat center center\"><\/div>\n                                <div class=\"verdieping-img-info\">\n                                    <div class=\"info-box-greater\">\n                                        <div class=\"info-box\"><div class=\"wit-vinkje\"><\/div> <p>Schmerzlindernde Wirkung<\/p><\/div>\n                                        <div class=\"info-box\"><div class=\"wit-vinkje\"><\/div> <p>Entz\u00fcndungshemmende Wirkung<\/p><\/div>\n                                        <div class=\"info-box\"><div class=\"wit-vinkje\"><\/div> <p>Entspannende Wirkung auf die Muskeln<\/p><\/div>\n                                    <\/div>\n                                <\/div>\n                                <\/div>\n                                <div class=\"verdieping-rechts-tekst\">\n                                    <h3>Entz\u00fcndungshemmend | CBD-\u00d6l<\/h3>\n                                    <p class=\"varpricechanger\"><span class=\"woocommerce-Price-amount amount\"><bdi><span class=\"woocommerce-Price-currencySymbol\"><\/span>13,50<\/bdi><\/span><\/p>\n                                    <p>W\u00e4hlen Sie inhoud<\/p><div data-attribute_label=\"Inhoud\" class=\"specs-cbd-options\"><div data-var_price=\"22.5\" data-pa_key=\"pa_inhoud\" data-pa_value=\"5ml-de\" class=\"cbd-variation-type-pa_inhoud cbd-variation-option-uitgelicht\">\n                            <p>5ml<\/p>\n                        <\/div><div data-var_price=\"39.95\" data-pa_key=\"pa_inhoud\" data-pa_value=\"10ml-de\" class=\"cbd-variation-type-pa_inhoud cbd-variation-option-uitgelicht\">\n                            <p>10ml<\/p>\n                        <\/div><\/div><p>W\u00e4hlen Sie percentage<\/p><div data-attribute_label=\"Percentage\" class=\"specs-cbd-options\"><div data-var_price=\"24.95\" data-pa_key=\"pa_percentage\" data-pa_value=\"6\" class=\"cbd-variation-type-pa_percentage cbd-variation-option-uitgelicht\">\n                            <p>6%<\/p>\n                        <\/div><div data-var_price=\"39.95\" data-pa_key=\"pa_percentage\" data-pa_value=\"12\" class=\"cbd-variation-type-pa_percentage cbd-variation-option-uitgelicht\">\n                            <p>12%<\/p>\n                        <\/div><\/div>\n                                    <a class=\"uitgelicht-add-to-cart\" data-product_id=\"14058\" href=\"\">Toevoegen aan winkelmand <i class=\"fa fa-spinner fa-spin\"><\/i><\/a>\n                                    <div class=\"cut-off-tijd\">\n                                        <div class=\"groen-vinkje\"><\/div>\n                                        <p>  <\/p>\n                                <\/div>\n                            <\/div>\n                        <\/div>[\/vc_column][\/vc_row][vc_row][vc_column]<div data-mobile=\"20\" data-desktop=\"50\" class=\"sw-empty-spacer\"><\/div>[\/vc_column][\/vc_row][vc_row][vc_column width=&#8221;2\/6&#8243;][vc_single_image image=&#8221;10295&#8243; img_size=&#8221;large&#8221; css=&#8221;&#8221;][\/vc_column][vc_column width=&#8221;1\/6&#8243;][\/vc_column][vc_column width=&#8221;3\/6&#8243;][vc_column_text css=&#8221;&#8221;]<\/p>\n<h3 style=\"text-align: left;\"><strong>Stimmungsver\u00e4nderung<\/strong><\/h3>\n<p style=\"text-align: left;\">Obwohl CBD oft zur Verbesserung der Stimmung verwendet wird, kann es bei manchen Menschen eine leichte Ver\u00e4nderung der Stimmung hervorrufen, wie ein Gef\u00fchl der Melancholie.<\/p>\n<ul style=\"text-align: left;\">\n<li>Dies kommt selten vor und ist meist vor\u00fcbergehend.<\/li>\n<\/ul>\n<h3 style=\"text-align: left;\"><\/h3>\n<p>&nbsp;<\/p>\n<h3 style=\"text-align: left;\"><strong>Niedriger Blutdruck<\/strong><\/h3>\n<p style=\"text-align: left;\">CBD kann eine leichte Senkung des Blutdrucks verursachen, was bei manchen Menschen zu Schwindel f\u00fchren kann.<\/p>\n<ul style=\"text-align: left;\">\n<li><strong>Tipp<\/strong>: Sei vorsichtig, wenn du bereits Medikamente einnimmst, die den Blutdruck beeinflussen.<\/li>\n<\/ul>\n<h3 style=\"text-align: left;\"><\/h3>\n<p>&nbsp;<\/p>\n<h3 style=\"text-align: left;\"><strong>Wechselwirkungen mit Medikamenten<\/strong><\/h3>\n<p style=\"text-align: left;\">CBD kann die Wirkung bestimmter Medikamente beeinflussen, da es in der Leber \u00fcber das Enzym CYP450 verstoffwechselt wird. Dies betrifft beispielsweise Blutverd\u00fcnner, Antidepressiva und Antiepileptika.<\/p>\n<ul style=\"text-align: left;\">\n<li><strong>Tipp<\/strong>: Konsultiere einen Arzt, bevor du CBD-\u00d6l verwendest, wenn du Medikamente einnimmst.<\/li>\n<\/ul>\n<h3 style=\"text-align: left;\"><\/h3>\n<p>&nbsp;<\/p>\n<h3 style=\"text-align: left;\"><strong>Allergische Reaktion (selten)<\/strong><\/h3>\n<p style=\"text-align: left;\">In seltenen F\u00e4llen k\u00f6nnen Menschen allergisch auf eine der Zutaten in CBD-\u00d6l reagieren, wie beispielsweise das Tr\u00e4ger\u00f6l (z. B. Hanfsamen\u00f6l oder Kokos\u00f6l).<\/p>\n<ul>\n<li style=\"text-align: left;\"><strong>Symptome<\/strong>: Juckreiz, Hautausschlag oder Schwellung. Beende die Anwendung sofort und suche bei schweren Symptomen einen Arzt auf.<\/li>\n<\/ul>\n<p>[\/vc_column_text][\/vc_column][\/vc_row][vc_row][vc_column]<div data-mobile=\"20\" data-desktop=\"50\" class=\"sw-empty-spacer\"><\/div>[\/vc_column][\/vc_row][vc_row][vc_column][vc_column_text css=&#8221;&#8221;]<\/p>\n<h2 style=\"text-align: center;\"><strong>Wie man Nebenwirkungen minimiert<\/strong><\/h2>\n<p style=\"text-align: center;\"><strong>Mit einer niedrigen Dosis beginnen<\/strong>: Erh\u00f6he die Dosierung langsam, damit sich dein K\u00f6rper daran gew\u00f6hnen kann.<\/p>\n<p>&nbsp;<\/p>\n<p style=\"text-align: center;\"><strong>Auf Qualit\u00e4tsprodukte setzen<\/strong>: Verwende CBD-\u00d6l von einer renommierten Marke, um sicherzustellen, dass das Produkt rein ist und keine sch\u00e4dlichen Stoffe enth\u00e4lt.<\/p>\n<p>&nbsp;<\/p>\n<p style=\"text-align: center;\"><strong>CBD mit einer Mahlzeit einnehmen<\/strong>: Dies kann helfen, Verdauungsprobleme zu reduzieren.<\/p>\n<p>&nbsp;<\/p>\n<p style=\"text-align: center;\"><strong>Einen Arzt konsultieren<\/strong>: Besonders wenn du bereits gesundheitliche Probleme hast oder Medikamente einnimmst.<\/p>\n<p>&nbsp;<\/p>\n<p style=\"text-align: center;\">Bei den meisten Menschen sind m\u00f6gliche Nebenwirkungen von CBD-\u00d6l mild und vor\u00fcbergehend. Falls du jedoch starke oder anhaltende Nebenwirkungen bemerkst, solltest du die Anwendung abbrechen und medizinischen Rat einholen.<\/p>\n<p>[\/vc_column_text][\/vc_column][\/vc_row][vc_row disable_element=&#8221;yes&#8221;][vc_column width=&#8221;3\/6&#8243;][vc_column_text css=&#8221;&#8221;]<\/p>\n<h2><strong>Wie man Nebenwirkungen minimiert<\/strong><\/h2>\n<p><strong>Mit einer niedrigen Dosis beginnen<\/strong>: Erh\u00f6he die Dosierung langsam, damit sich dein K\u00f6rper daran gew\u00f6hnen kann.<\/p>\n<p>&nbsp;<\/p>\n<p><strong>Auf Qualit\u00e4tsprodukte setzen<\/strong>: Verwende CBD-\u00d6l von einer renommierten Marke, um sicherzustellen, dass das Produkt rein ist und keine sch\u00e4dlichen Stoffe enth\u00e4lt.<\/p>\n<p>&nbsp;<\/p>\n<p><strong>CBD mit einer Mahlzeit einnehmen<\/strong>: Dies kann helfen, Verdauungsprobleme zu reduzieren.<\/p>\n<p>&nbsp;<\/p>\n<p><strong>Einen Arzt konsultieren<\/strong>: Besonders wenn du bereits gesundheitliche Probleme hast oder Medikamente einnimmst.<\/p>\n<p>&nbsp;<\/p>\n<p>Bei den meisten Menschen sind m\u00f6gliche Nebenwirkungen von CBD-\u00d6l mild und vor\u00fcbergehend. Falls du jedoch starke oder anhaltende Nebenwirkungen bemerkst, solltest du die Anwendung abbrechen und medizinischen Rat einholen.[\/vc_column_text][\/vc_column][vc_column width=&#8221;1\/6&#8243;][\/vc_column][vc_column width=&#8221;2\/6&#8243;]<div class=\"verdieping-rechts-box product-uitgelicht-14015\">\n                            <div class=\"verdieping-img-box\">\n                                <div class=\"verdieping-img\" style=\"background:url(https:\/\/happy-cbd.com\/wp-content\/uploads\/2023\/12\/31-300x300.png) no-repeat center center\"><\/div>\n                                <div class=\"verdieping-img-info\">\n                                    <div class=\"info-box-greater\">\n                                        <div class=\"info-box\"><div class=\"wit-vinkje\"><\/div> <p>Im 6% oder 12%<\/p><\/div>\n                                        <div class=\"info-box\"><div class=\"wit-vinkje\"><\/div> <p>Beruhigend<\/p><\/div>\n                                        <div class=\"info-box\"><div class=\"wit-vinkje\"><\/div> <p>Transparenz<\/p><\/div>\n                                    <\/div>\n                                <\/div>\n                                <\/div>\n                                <div class=\"verdieping-rechts-tekst\">\n                                    <h3>Hanf\u00f6l Mind<\/h3>\n                                    <p class=\"varpricechanger\"><span class=\"woocommerce-Price-amount amount\"><bdi><span class=\"woocommerce-Price-currencySymbol\"><\/span>13,50<\/bdi><\/span><\/p>\n                                    <p>W\u00e4hlen Sie inhoud<\/p><div data-attribute_label=\"Inhoud\" class=\"specs-cbd-options\"><div data-var_price=\"39.95\" data-pa_key=\"pa_inhoud\" data-pa_value=\"10ml-de\" class=\"cbd-variation-type-pa_inhoud cbd-variation-option-uitgelicht\">\n                            <p>10ml<\/p>\n                        <\/div><div data-var_price=\"22.5\" data-pa_key=\"pa_inhoud\" data-pa_value=\"5ml-de\" class=\"cbd-variation-type-pa_inhoud cbd-variation-option-uitgelicht\">\n                            <p>5ml<\/p>\n                        <\/div><\/div><p>W\u00e4hlen Sie percentage<\/p><div data-attribute_label=\"Percentage\" class=\"specs-cbd-options\"><div data-var_price=\"39.95\" data-pa_key=\"pa_percentage\" data-pa_value=\"12\" class=\"cbd-variation-type-pa_percentage cbd-variation-option-uitgelicht\">\n                            <p>12%<\/p>\n                        <\/div><div data-var_price=\"24.95\" data-pa_key=\"pa_percentage\" data-pa_value=\"6\" class=\"cbd-variation-type-pa_percentage cbd-variation-option-uitgelicht\">\n                            <p>6%<\/p>\n                        <\/div><\/div>\n                                    <a class=\"uitgelicht-add-to-cart\" data-product_id=\"14015\" href=\"\">Toevoegen aan winkelmand <i class=\"fa fa-spinner fa-spin\"><\/i><\/a>\n                                    <div class=\"cut-off-tijd\">\n                                        <div class=\"groen-vinkje\"><\/div>\n                                        <p>  <\/p>\n                                <\/div>\n                            <\/div>\n                        <\/div>[\/vc_column][\/vc_row][vc_row][vc_column]<div data-mobile=\"20\" data-desktop=\"50\" class=\"sw-empty-spacer\"><\/div>[\/vc_column][\/vc_row]<\/p>\n<\/div>","protected":false},"excerpt":{"rendered":"<p>[vc_row full_width=&#8221;stretch_row_content_no_spaces&#8221;][vc_column][\/vc_column][\/vc_row][vc_row][vc_column][\/vc_column][\/vc_row][vc_row][vc_column width=&#8221;3\/6&#8243;][vc_column_text css=&#8221;&#8221;] Was sind m\u00f6gliche Nebenwirkungen von CBD-\u00d6l? Jeder Mensch reagiert unterschiedlich auf die Verwendung von CBD-\u00d6l. Im Allgemeinen sind Nebenwirkungen durch die Einnahme von CBD-\u00d6l unwahrscheinlich, doch es ist gut, sich mit m\u00f6glichen Begleiterscheinungen vertraut zu machen. Wir erkl\u00e4ren dir auch gleich, was du tun kannst, um die Nebenwirkungen von CBD zu [&hellip;]<\/p>\n","protected":false},"author":2,"featured_media":0,"parent":14094,"menu_order":0,"comment_status":"open","ping_status":"open","template":"","meta":{"_acf_changed":false,"_joinchat":[],"footnotes":""},"class_list":["post-14118","page","type-page","status-publish","hentry"],"acf":[],"yoast_head":"<!-- This site is optimized with the Yoast SEO plugin v27.4 - https:\/\/yoast.com\/product\/yoast-seo-wordpress\/ -->\n<title>Bijwerkingen van CBD olie? - Veelgestelde vragen | Happy CBD<\/title>\n<meta name=\"description\" content=\"Welke bijwerkingen heeft CBD-olie? CBD-olie is een 100% natuurlijke stof. Zijn er bijwerkingen en zijn die gevaarlijk? Ontdek het hier!\" \/>\n<meta name=\"robots\" content=\"index, follow, max-snippet:-1, max-image-preview:large, max-video-preview:-1\" \/>\n<link rel=\"canonical\" href=\"https:\/\/happy-cbd.com\/de\/haeufig-gestellte-fragen\/welche-nebenwirkungen-kann-cbd\/\" \/>\n<meta property=\"og:locale\" content=\"de_DE\" \/>\n<meta property=\"og:type\" content=\"article\" \/>\n<meta property=\"og:title\" content=\"Bijwerkingen van CBD olie? - Veelgestelde vragen | Happy CBD\" \/>\n<meta property=\"og:description\" content=\"Welke bijwerkingen heeft CBD-olie? CBD-olie is een 100% natuurlijke stof. Zijn er bijwerkingen en zijn die gevaarlijk? Ontdek het hier!\" \/>\n<meta property=\"og:url\" content=\"https:\/\/happy-cbd.com\/de\/haeufig-gestellte-fragen\/welche-nebenwirkungen-kann-cbd\/\" \/>\n<meta property=\"og:site_name\" content=\"Happy CBD\" \/>\n<meta property=\"article:modified_time\" content=\"2025-02-02T14:13:55+00:00\" \/>\n<meta name=\"twitter:card\" content=\"summary_large_image\" \/>\n<meta name=\"twitter:label1\" content=\"Gesch\u00e4tzte Lesezeit\" \/>\n\t<meta name=\"twitter:data1\" content=\"4\u00a0Minuten\" \/>\n<script type=\"application\/ld+json\" class=\"yoast-schema-graph\">{\"@context\":\"https:\\\/\\\/schema.org\",\"@graph\":[{\"@type\":\"WebPage\",\"@id\":\"https:\\\/\\\/happy-cbd.com\\\/de\\\/haeufig-gestellte-fragen\\\/welche-nebenwirkungen-kann-cbd\\\/\",\"url\":\"https:\\\/\\\/happy-cbd.com\\\/de\\\/haeufig-gestellte-fragen\\\/welche-nebenwirkungen-kann-cbd\\\/\",\"name\":\"Bijwerkingen van CBD olie? - Veelgestelde vragen | Happy CBD\",\"isPartOf\":{\"@id\":\"https:\\\/\\\/happy-cbd.com\\\/de\\\/#website\"},\"datePublished\":\"2020-09-28T05:05:27+00:00\",\"dateModified\":\"2025-02-02T14:13:55+00:00\",\"description\":\"Welke bijwerkingen heeft CBD-olie? CBD-olie is een 100% natuurlijke stof. Zijn er bijwerkingen en zijn die gevaarlijk? Ontdek het hier!\",\"breadcrumb\":{\"@id\":\"https:\\\/\\\/happy-cbd.com\\\/de\\\/haeufig-gestellte-fragen\\\/welche-nebenwirkungen-kann-cbd\\\/#breadcrumb\"},\"inLanguage\":\"de\",\"potentialAction\":[{\"@type\":\"ReadAction\",\"target\":[\"https:\\\/\\\/happy-cbd.com\\\/de\\\/haeufig-gestellte-fragen\\\/welche-nebenwirkungen-kann-cbd\\\/\"]}]},{\"@type\":\"BreadcrumbList\",\"@id\":\"https:\\\/\\\/happy-cbd.com\\\/de\\\/haeufig-gestellte-fragen\\\/welche-nebenwirkungen-kann-cbd\\\/#breadcrumb\",\"itemListElement\":[{\"@type\":\"ListItem\",\"position\":1,\"name\":\"H\u00e4ufig gestellte Fragen\",\"item\":\"https:\\\/\\\/happy-cbd.com\\\/de\\\/haeufig-gestellte-fragen\\\/\"},{\"@type\":\"ListItem\",\"position\":2,\"name\":\"Welche Nebenwirkungen kann CBD-\u00d6l haben?\"}]},{\"@type\":\"WebSite\",\"@id\":\"https:\\\/\\\/happy-cbd.com\\\/de\\\/#website\",\"url\":\"https:\\\/\\\/happy-cbd.com\\\/de\\\/\",\"name\":\"Happy CBD\",\"description\":\"\",\"potentialAction\":[{\"@type\":\"SearchAction\",\"target\":{\"@type\":\"EntryPoint\",\"urlTemplate\":\"https:\\\/\\\/happy-cbd.com\\\/de\\\/?s={search_term_string}\"},\"query-input\":{\"@type\":\"PropertyValueSpecification\",\"valueRequired\":true,\"valueName\":\"search_term_string\"}}],\"inLanguage\":\"de\"}]}<\/script>\n<!-- \/ Yoast SEO plugin. -->","yoast_head_json":{"title":"Bijwerkingen van CBD olie? - Veelgestelde vragen | Happy CBD","description":"Welke bijwerkingen heeft CBD-olie? CBD-olie is een 100% natuurlijke stof. Zijn er bijwerkingen en zijn die gevaarlijk? Ontdek het hier!","robots":{"index":"index","follow":"follow","max-snippet":"max-snippet:-1","max-image-preview":"max-image-preview:large","max-video-preview":"max-video-preview:-1"},"canonical":"https:\/\/happy-cbd.com\/de\/haeufig-gestellte-fragen\/welche-nebenwirkungen-kann-cbd\/","og_locale":"de_DE","og_type":"article","og_title":"Bijwerkingen van CBD olie? - Veelgestelde vragen | Happy CBD","og_description":"Welke bijwerkingen heeft CBD-olie? CBD-olie is een 100% natuurlijke stof. Zijn er bijwerkingen en zijn die gevaarlijk? Ontdek het hier!","og_url":"https:\/\/happy-cbd.com\/de\/haeufig-gestellte-fragen\/welche-nebenwirkungen-kann-cbd\/","og_site_name":"Happy CBD","article_modified_time":"2025-02-02T14:13:55+00:00","twitter_card":"summary_large_image","twitter_misc":{"Gesch\u00e4tzte Lesezeit":"4\u00a0Minuten"},"schema":{"@context":"https:\/\/schema.org","@graph":[{"@type":"WebPage","@id":"https:\/\/happy-cbd.com\/de\/haeufig-gestellte-fragen\/welche-nebenwirkungen-kann-cbd\/","url":"https:\/\/happy-cbd.com\/de\/haeufig-gestellte-fragen\/welche-nebenwirkungen-kann-cbd\/","name":"Bijwerkingen van CBD olie? - Veelgestelde vragen | Happy CBD","isPartOf":{"@id":"https:\/\/happy-cbd.com\/de\/#website"},"datePublished":"2020-09-28T05:05:27+00:00","dateModified":"2025-02-02T14:13:55+00:00","description":"Welke bijwerkingen heeft CBD-olie? CBD-olie is een 100% natuurlijke stof. Zijn er bijwerkingen en zijn die gevaarlijk? Ontdek het hier!","breadcrumb":{"@id":"https:\/\/happy-cbd.com\/de\/haeufig-gestellte-fragen\/welche-nebenwirkungen-kann-cbd\/#breadcrumb"},"inLanguage":"de","potentialAction":[{"@type":"ReadAction","target":["https:\/\/happy-cbd.com\/de\/haeufig-gestellte-fragen\/welche-nebenwirkungen-kann-cbd\/"]}]},{"@type":"BreadcrumbList","@id":"https:\/\/happy-cbd.com\/de\/haeufig-gestellte-fragen\/welche-nebenwirkungen-kann-cbd\/#breadcrumb","itemListElement":[{"@type":"ListItem","position":1,"name":"H\u00e4ufig gestellte Fragen","item":"https:\/\/happy-cbd.com\/de\/haeufig-gestellte-fragen\/"},{"@type":"ListItem","position":2,"name":"Welche Nebenwirkungen kann CBD-\u00d6l haben?"}]},{"@type":"WebSite","@id":"https:\/\/happy-cbd.com\/de\/#website","url":"https:\/\/happy-cbd.com\/de\/","name":"Happy CBD","description":"","potentialAction":[{"@type":"SearchAction","target":{"@type":"EntryPoint","urlTemplate":"https:\/\/happy-cbd.com\/de\/?s={search_term_string}"},"query-input":{"@type":"PropertyValueSpecification","valueRequired":true,"valueName":"search_term_string"}}],"inLanguage":"de"}]}},"_links":{"self":[{"href":"https:\/\/happy-cbd.com\/de\/wp-json\/wp\/v2\/pages\/14118","targetHints":{"allow":["GET"]}}],"collection":[{"href":"https:\/\/happy-cbd.com\/de\/wp-json\/wp\/v2\/pages"}],"about":[{"href":"https:\/\/happy-cbd.com\/de\/wp-json\/wp\/v2\/types\/page"}],"author":[{"embeddable":true,"href":"https:\/\/happy-cbd.com\/de\/wp-json\/wp\/v2\/users\/2"}],"replies":[{"embeddable":true,"href":"https:\/\/happy-cbd.com\/de\/wp-json\/wp\/v2\/comments?post=14118"}],"version-history":[{"count":4,"href":"https:\/\/happy-cbd.com\/de\/wp-json\/wp\/v2\/pages\/14118\/revisions"}],"predecessor-version":[{"id":14259,"href":"https:\/\/happy-cbd.com\/de\/wp-json\/wp\/v2\/pages\/14118\/revisions\/14259"}],"up":[{"embeddable":true,"href":"https:\/\/happy-cbd.com\/de\/wp-json\/wp\/v2\/pages\/14094"}],"wp:attachment":[{"href":"https:\/\/happy-cbd.com\/de\/wp-json\/wp\/v2\/media?parent=14118"}],"curies":[{"name":"wp","href":"https:\/\/api.w.org\/{rel}","templated":true}]}}